{"id":711,"date":"2019-10-21T09:35:51","date_gmt":"2019-10-21T09:35:51","guid":{"rendered":"https:\/\/flix-science.de\/?page_id=711"},"modified":"2020-10-12T09:20:53","modified_gmt":"2020-10-12T09:20:53","slug":"stellenbosch","status":"publish","type":"page","link":"https:\/\/flix-science.de\/en\/stellenbosch","title":{"rendered":"Stellenbosch"},"content":{"rendered":"<div data-elementor-type=\"wp-page\" data-elementor-id=\"711\" class=\"elementor elementor-711\">\n\t\t\t\t\t\t<section class=\"elementor-section elementor-top-section elementor-element elementor-element-6928d05 elementor-section-boxed elementor-section-height-default elementor-section-height-default\" data-id=\"6928d05\" data-element_type=\"section\">\n\t\t\t\t\t\t<div class=\"elementor-container elementor-column-gap-default\">\n\t\t\t\t\t<div class=\"elementor-column elementor-col-100 elementor-top-column elementor-element elementor-element-88f0769\" data-id=\"88f0769\" data-element_type=\"column\">\n\t\t\t<div class=\"elementor-widget-wrap elementor-element-populated\">\n\t\t\t\t\t\t<div class=\"elementor-element elementor-element-9e17c1a elementor-widget elementor-widget-heading\" data-id=\"9e17c1a\" data-element_type=\"widget\" data-widget_type=\"heading.default\">\n\t\t\t\t<div class=\"elementor-widget-container\">\n\t\t\t\t\t<h2 class=\"elementor-heading-title elementor-size-default\">Stellenbosch <\/h2>\t\t\t\t<\/div>\n\t\t\t\t<\/div>\n\t\t\t\t<section class=\"elementor-section elementor-inner-section elementor-element elementor-element-e0e3e86 elementor-section-boxed elementor-section-height-default elementor-section-height-default\" data-id=\"e0e3e86\" data-element_type=\"section\">\n\t\t\t\t\t\t<div class=\"elementor-container elementor-column-gap-default\">\n\t\t\t\t\t<div class=\"elementor-column elementor-col-50 elementor-inner-column elementor-element elementor-element-7ec43bd\" data-id=\"7ec43bd\" data-element_type=\"column\">\n\t\t\t<div class=\"elementor-widget-wrap elementor-element-populated\">\n\t\t\t\t\t\t<div class=\"elementor-element elementor-element-0ae7d4e elementor-widget elementor-widget-image\" data-id=\"0ae7d4e\" data-element_type=\"widget\" data-widget_type=\"image.default\">\n\t\t\t\t<div class=\"elementor-widget-container\">\n\t\t\t\t\t\t\t\t\t\t\t\t\t\t\t<img fetchpriority=\"high\" decoding=\"async\" width=\"525\" height=\"350\" src=\"https:\/\/flix-science.de\/wp-content\/uploads\/2019\/11\/aerial-from-table-mountain-4605967_1920-768x512.jpg\" class=\"attachment-medium_large size-medium_large wp-image-1008\" alt=\"\" srcset=\"https:\/\/flix-science.de\/wp-content\/uploads\/2019\/11\/aerial-from-table-mountain-4605967_1920-768x512.jpg 768w, https:\/\/flix-science.de\/wp-content\/uploads\/2019\/11\/aerial-from-table-mountain-4605967_1920-300x200.jpg 300w, https:\/\/flix-science.de\/wp-content\/uploads\/2019\/11\/aerial-from-table-mountain-4605967_1920-1024x683.jpg 1024w, https:\/\/flix-science.de\/wp-content\/uploads\/2019\/11\/aerial-from-table-mountain-4605967_1920-1536x1024.jpg 1536w, https:\/\/flix-science.de\/wp-content\/uploads\/2019\/11\/aerial-from-table-mountain-4605967_1920.jpg 1920w\" sizes=\"100vw\" \/>\t\t\t\t\t\t\t\t\t\t\t\t\t\t\t<\/div>\n\t\t\t\t<\/div>\n\t\t\t\t\t<\/div>\n\t\t<\/div>\n\t\t\t\t<div class=\"elementor-column elementor-col-50 elementor-inner-column elementor-element elementor-element-6f87d26\" data-id=\"6f87d26\" data-element_type=\"column\">\n\t\t\t<div class=\"elementor-widget-wrap elementor-element-populated\">\n\t\t\t\t\t\t<div class=\"elementor-element elementor-element-ec4f477 elementor-widget elementor-widget-text-editor\" data-id=\"ec4f477\" data-element_type=\"widget\" data-widget_type=\"text-editor.default\">\n\t\t\t\t<div class=\"elementor-widget-container\">\n\t\t\t\t\t\t\t\t\t<p>South Africa combines beautiful nature with industry. It takes just a few hours to get from a bustling city to the untouched wilderness. It's a once in a lifetime experience you shouldn't miss.<\/p><p>Our partner university in Stellenbosch deals with topics such as automation and industry 4.0., in which you can complete your practical semester or your thesis.<\/p><p>The area around Stellenbosch is well known for its student life, so you won't have any problems spending a good time here after work.<\/p><p>Due to the size of the university with almost 28,000 students, international contacts and friendships are not long in coming!<\/p><p>\u00a0<\/p><p>\u00a0<\/p>\t\t\t\t\t\t\t\t<\/div>\n\t\t\t\t<\/div>\n\t\t\t\t\t<\/div>\n\t\t<\/div>\n\t\t\t\t\t<\/div>\n\t\t<\/section>\n\t\t\t\t\t<\/div>\n\t\t<\/div>\n\t\t\t\t\t<\/div>\n\t\t<\/section>\n\t\t\t\t<section class=\"elementor-section elementor-top-section elementor-element elementor-element-08bbb35 elementor-section-boxed elementor-section-height-default elementor-section-height-default\" data-id=\"08bbb35\" data-element_type=\"section\">\n\t\t\t\t\t\t<div class=\"elementor-container elementor-column-gap-default\">\n\t\t\t\t\t<div class=\"elementor-column elementor-col-100 elementor-top-column elementor-element elementor-element-a43fb15\" data-id=\"a43fb15\" data-element_type=\"column\">\n\t\t\t<div class=\"elementor-widget-wrap elementor-element-populated\">\n\t\t\t\t\t\t<div class=\"elementor-element elementor-element-9968615 elementor-widget elementor-widget-heading\" data-id=\"9968615\" data-element_type=\"widget\" data-widget_type=\"heading.default\">\n\t\t\t\t<div class=\"elementor-widget-container\">\n\t\t\t\t\t<h2 class=\"elementor-heading-title elementor-size-default\">Cape Town <\/h2>\t\t\t\t<\/div>\n\t\t\t\t<\/div>\n\t\t\t\t\t<\/div>\n\t\t<\/div>\n\t\t\t\t\t<\/div>\n\t\t<\/section>\n\t\t\t\t<section class=\"elementor-section elementor-top-section elementor-element elementor-element-2d18299 elementor-section-boxed elementor-section-height-default elementor-section-height-default\" data-id=\"2d18299\" data-element_type=\"section\">\n\t\t\t\t\t\t<div class=\"elementor-container elementor-column-gap-default\">\n\t\t\t\t\t<div class=\"elementor-column elementor-col-50 elementor-top-column elementor-element elementor-element-438f8a3\" data-id=\"438f8a3\" data-element_type=\"column\">\n\t\t\t<div class=\"elementor-widget-wrap elementor-element-populated\">\n\t\t\t\t\t\t<div class=\"elementor-element elementor-element-ee8479d elementor-widget elementor-widget-text-editor\" data-id=\"ee8479d\" data-element_type=\"widget\" data-widget_type=\"text-editor.default\">\n\t\t\t\t<div class=\"elementor-widget-container\">\n\t\t\t\t\t\t\t\t\t<p>Cape Town is one of the capitals of South Africa. Here we have two universities with which we maintain close contact.<\/p><p>One is the Cape Peninsula University of Technology (CPUT). Here we have 2-4 places available for a practical semester or a thesis on topics such as automation or design.<\/p><p>The other is the South African Renewable Energy Technology Centre (Saretec). Here, too, up to two students can complete an internship semester or a thesis in the field of renewable energies.<\/p><p>Before you are allowed to enter South Africa for a longer period of time you have to apply for a visa and because the cost of living is similar to Germany you have to plan a budget of 5.000-10.000\u20ac for one semester. <\/p><p>\u00a0<\/p>\t\t\t\t\t\t\t\t<\/div>\n\t\t\t\t<\/div>\n\t\t\t\t\t<\/div>\n\t\t<\/div>\n\t\t\t\t<div class=\"elementor-column elementor-col-50 elementor-top-column elementor-element elementor-element-542e584\" data-id=\"542e584\" data-element_type=\"column\">\n\t\t\t<div class=\"elementor-widget-wrap elementor-element-populated\">\n\t\t\t\t\t\t<div class=\"elementor-element elementor-element-06a3651 elementor-widget elementor-widget-image\" data-id=\"06a3651\" data-element_type=\"widget\" data-widget_type=\"image.default\">\n\t\t\t\t<div class=\"elementor-widget-container\">\n\t\t\t\t\t\t\t\t\t\t\t\t\t\t\t<img decoding=\"async\" width=\"525\" height=\"295\" src=\"https:\/\/flix-science.de\/wp-content\/uploads\/2019\/11\/cape-town-1562907_1920-1024x576.jpg\" class=\"attachment-large size-large wp-image-1009\" alt=\"\" srcset=\"https:\/\/flix-science.de\/wp-content\/uploads\/2019\/11\/cape-town-1562907_1920-1024x576.jpg 1024w, https:\/\/flix-science.de\/wp-content\/uploads\/2019\/11\/cape-town-1562907_1920-300x169.jpg 300w, https:\/\/flix-science.de\/wp-content\/uploads\/2019\/11\/cape-town-1562907_1920-768x432.jpg 768w, https:\/\/flix-science.de\/wp-content\/uploads\/2019\/11\/cape-town-1562907_1920-1536x864.jpg 1536w, https:\/\/flix-science.de\/wp-content\/uploads\/2019\/11\/cape-town-1562907_1920.jpg 1920w\" sizes=\"100vw\" \/>\t\t\t\t\t\t\t\t\t\t\t\t\t\t\t<\/div>\n\t\t\t\t<\/div>\n\t\t\t\t\t<\/div>\n\t\t<\/div>\n\t\t\t\t\t<\/div>\n\t\t<\/section>\n\t\t\t\t<section class=\"elementor-section elementor-top-section elementor-element elementor-element-0a35b5c elementor-section-boxed elementor-section-height-default elementor-section-height-default\" data-id=\"0a35b5c\" data-element_type=\"section\">\n\t\t\t\t\t\t<div class=\"elementor-container elementor-column-gap-default\">\n\t\t\t\t\t<div class=\"elementor-column elementor-col-100 elementor-top-column elementor-element elementor-element-f259f1e\" data-id=\"f259f1e\" data-element_type=\"column\">\n\t\t\t<div class=\"elementor-widget-wrap elementor-element-populated\">\n\t\t\t\t\t\t<div class=\"elementor-element elementor-element-02cb951 elementor-widget elementor-widget-text-editor\" data-id=\"02cb951\" data-element_type=\"widget\" data-widget_type=\"text-editor.default\">\n\t\t\t\t<div class=\"elementor-widget-container\">\n\t\t\t\t\t\t\t\t\t<p><strong>Weitere Informationen und Erfahrungen von Studierenden finden Sie in folgendem Dokument:<\/strong> <\/p>\n<p><a href=\"https:\/\/flix-science.de\/wp-content\/uploads\/2020\/10\/Auslandsaufenthalt-Suedafrika_2020.pdf\"><span style=\"color: #0000ff;\">L\u00e4nderbericht S\u00fcdafrika<\/span><\/a><\/p>\t\t\t\t\t\t\t\t<\/div>\n\t\t\t\t<\/div>\n\t\t\t\t\t<\/div>\n\t\t<\/div>\n\t\t\t\t\t<\/div>\n\t\t<\/section>\n\t\t\t\t<\/div>","protected":false},"excerpt":{"rendered":"<p>Stellenbosch S\u00fcdafrika verbindet wundersch\u00f6ne Natur mit Industrie. Man gelangt in wenigen Stunden von einer stark belebten Stadt in die unber\u00fchrte Wildnis. Ein Erlebnis, welches man unbedingt gemacht haben sollte! Unsere Partner der University of Stellenbosch besch\u00e4ftigen sich mit Themen wie Automtisierung und Industrie 4.0., in welchen Sie sowohl Ihr Praxissemester als auch Ihre Abschlussarbeit absolvieren &hellip; <\/p>\n<p class=\"link-more\"><a href=\"https:\/\/flix-science.de\/en\/stellenbosch\" class=\"more-link\">Continue reading<span class=\"screen-reader-text\"> &#8222;Stellenbosch&#8220;<\/span><\/a><\/p>","protected":false},"author":1,"featured_media":0,"parent":0,"menu_order":0,"comment_status":"closed","ping_status":"closed","template":"elementor_header_footer","meta":{"footnotes":""},"class_list":["post-711","page","type-page","status-publish","hentry"],"_links":{"self":[{"href":"https:\/\/flix-science.de\/en\/wp-json\/wp\/v2\/pages\/711","targetHints":{"allow":["GET"]}}],"collection":[{"href":"https:\/\/flix-science.de\/en\/wp-json\/wp\/v2\/pages"}],"about":[{"href":"https:\/\/flix-science.de\/en\/wp-json\/wp\/v2\/types\/page"}],"author":[{"embeddable":true,"href":"https:\/\/flix-science.de\/en\/wp-json\/wp\/v2\/users\/1"}],"replies":[{"embeddable":true,"href":"https:\/\/flix-science.de\/en\/wp-json\/wp\/v2\/comments?post=711"}],"version-history":[{"count":0,"href":"https:\/\/flix-science.de\/en\/wp-json\/wp\/v2\/pages\/711\/revisions"}],"wp:attachment":[{"href":"https:\/\/flix-science.de\/en\/wp-json\/wp\/v2\/media?parent=711"}],"curies":[{"name":"wp","href":"https:\/\/api.w.org\/{rel}","templated":true}]}}