{"id":686,"date":"2019-10-21T09:10:37","date_gmt":"2019-10-21T09:10:37","guid":{"rendered":"https:\/\/flix-science.de\/?page_id=686"},"modified":"2024-09-09T08:01:11","modified_gmt":"2024-09-09T08:01:11","slug":"projekte","status":"publish","type":"page","link":"https:\/\/flix-science.de\/en\/projekte","title":{"rendered":"Forschungsprojekte"},"content":{"rendered":"<div data-elementor-type=\"wp-page\" data-elementor-id=\"686\" class=\"elementor elementor-686\">\n\t\t\t\t\t\t<section class=\"elementor-section elementor-top-section elementor-element elementor-element-7d760c8 elementor-section-boxed elementor-section-height-default elementor-section-height-default\" data-id=\"7d760c8\" data-element_type=\"section\">\n\t\t\t\t\t\t<div class=\"elementor-container elementor-column-gap-default\">\n\t\t\t\t\t<div class=\"elementor-column elementor-col-100 elementor-top-column elementor-element elementor-element-a2a11cc\" data-id=\"a2a11cc\" data-element_type=\"column\">\n\t\t\t<div class=\"elementor-widget-wrap elementor-element-populated\">\n\t\t\t\t\t\t<div class=\"elementor-element elementor-element-ec79085 elementor-widget elementor-widget-text-editor\" data-id=\"ec79085\" data-element_type=\"widget\" data-widget_type=\"text-editor.default\">\n\t\t\t\t<div class=\"elementor-widget-container\">\n\t\t\t\t\t\t\t\t\t<h1><span style=\"color: #003366;\"><strong>Forschungsprojekte<\/strong> <\/span><\/h1>\t\t\t\t\t\t\t\t<\/div>\n\t\t\t\t<\/div>\n\t\t\t\t\t<\/div>\n\t\t<\/div>\n\t\t\t\t\t<\/div>\n\t\t<\/section>\n\t\t\t\t<section class=\"elementor-section elementor-top-section elementor-element elementor-element-0c0a9f9 elementor-section-boxed elementor-section-height-default elementor-section-height-default\" data-id=\"0c0a9f9\" data-element_type=\"section\">\n\t\t\t\t\t\t<div class=\"elementor-container elementor-column-gap-default\">\n\t\t\t\t\t<div class=\"elementor-column elementor-col-25 elementor-top-column elementor-element elementor-element-85f9695\" data-id=\"85f9695\" data-element_type=\"column\">\n\t\t\t<div class=\"elementor-widget-wrap elementor-element-populated\">\n\t\t\t\t\t\t<div class=\"elementor-element elementor-element-5409ee7 elementor-widget elementor-widget-text-editor\" data-id=\"5409ee7\" data-element_type=\"widget\" data-widget_type=\"text-editor.default\">\n\t\t\t\t<div class=\"elementor-widget-container\">\n\t\t\t\t\t\t\t\t\t<h1><span style=\"color: #003366;\"><strong>CE3<\/strong> <\/span><\/h1><p>(04\/2019 &#8211; 09\/2022)<\/p><p>Niederlande &amp; Deutschland<\/p><p>1.125 Mio \u20ac<\/p>\t\t\t\t\t\t\t\t<\/div>\n\t\t\t\t<\/div>\n\t\t\t\t\t<\/div>\n\t\t<\/div>\n\t\t\t\t<div class=\"elementor-column elementor-col-25 elementor-top-column elementor-element elementor-element-1dc1462\" data-id=\"1dc1462\" data-element_type=\"column\">\n\t\t\t<div class=\"elementor-widget-wrap elementor-element-populated\">\n\t\t\t\t\t\t<div class=\"elementor-element elementor-element-f05cd9f elementor-widget elementor-widget-image\" data-id=\"f05cd9f\" data-element_type=\"widget\" data-widget_type=\"image.default\">\n\t\t\t\t<div class=\"elementor-widget-container\">\n\t\t\t\t\t\t\t\t\t\t\t\t\t\t\t<img fetchpriority=\"high\" decoding=\"async\" width=\"430\" height=\"150\" src=\"https:\/\/flix-science.de\/wp-content\/uploads\/2019\/11\/logo-2.png\" class=\"attachment-large size-large wp-image-938\" alt=\"\" srcset=\"https:\/\/flix-science.de\/wp-content\/uploads\/2019\/11\/logo-2.png 430w, https:\/\/flix-science.de\/wp-content\/uploads\/2019\/11\/logo-2-300x105.png 300w\" sizes=\"100vw\" \/>\t\t\t\t\t\t\t\t\t\t\t\t\t\t\t<\/div>\n\t\t\t\t<\/div>\n\t\t\t\t\t<\/div>\n\t\t<\/div>\n\t\t\t\t<div class=\"elementor-column elementor-col-50 elementor-top-column elementor-element elementor-element-9225bf5\" data-id=\"9225bf5\" data-element_type=\"column\">\n\t\t\t<div class=\"elementor-widget-wrap elementor-element-populated\">\n\t\t\t\t\t\t<div class=\"elementor-element elementor-element-de36148 elementor-widget elementor-widget-text-editor\" data-id=\"de36148\" data-element_type=\"widget\" data-widget_type=\"text-editor.default\">\n\t\t\t\t<div class=\"elementor-widget-container\">\n\t\t\t\t\t\t\t\t\t<p>The general aim is to raise awareness of cross-border entrepreneurship among students at an early stage. Specifically, entrepreneurial activities of student teams are to be promoted in a targeted manner so that companies can grow out of them.<\/p>\t\t\t\t\t\t\t\t<\/div>\n\t\t\t\t<\/div>\n\t\t\t\t\t<\/div>\n\t\t<\/div>\n\t\t\t\t\t<\/div>\n\t\t<\/section>\n\t\t\t\t<section class=\"elementor-section elementor-top-section elementor-element elementor-element-93b3f8b elementor-section-boxed elementor-section-height-default elementor-section-height-default\" data-id=\"93b3f8b\" data-element_type=\"section\">\n\t\t\t\t\t\t<div class=\"elementor-container elementor-column-gap-default\">\n\t\t\t\t\t<div class=\"elementor-column elementor-col-100 elementor-top-column elementor-element elementor-element-1fce024\" data-id=\"1fce024\" data-element_type=\"column\">\n\t\t\t<div class=\"elementor-widget-wrap elementor-element-populated\">\n\t\t\t\t\t\t<div class=\"elementor-element elementor-element-d16ca19 elementor-widget-divider--view-line elementor-widget elementor-widget-divider\" data-id=\"d16ca19\" data-element_type=\"widget\" data-widget_type=\"divider.default\">\n\t\t\t\t<div class=\"elementor-widget-container\">\n\t\t\t\t\t\t\t<div class=\"elementor-divider\">\n\t\t\t<span class=\"elementor-divider-separator\">\n\t\t\t\t\t\t<\/span>\n\t\t<\/div>\n\t\t\t\t\t\t<\/div>\n\t\t\t\t<\/div>\n\t\t\t\t\t<\/div>\n\t\t<\/div>\n\t\t\t\t\t<\/div>\n\t\t<\/section>\n\t\t\t\t<section class=\"elementor-section elementor-top-section elementor-element elementor-element-aa95572 elementor-section-boxed elementor-section-height-default elementor-section-height-default\" data-id=\"aa95572\" data-element_type=\"section\">\n\t\t\t\t\t\t<div class=\"elementor-container elementor-column-gap-default\">\n\t\t\t\t\t<div class=\"elementor-column elementor-col-25 elementor-top-column elementor-element elementor-element-b14e538\" data-id=\"b14e538\" data-element_type=\"column\">\n\t\t\t<div class=\"elementor-widget-wrap elementor-element-populated\">\n\t\t\t\t\t\t<div class=\"elementor-element elementor-element-796e5e8 elementor-widget elementor-widget-text-editor\" data-id=\"796e5e8\" data-element_type=\"widget\" data-widget_type=\"text-editor.default\">\n\t\t\t\t<div class=\"elementor-widget-container\">\n\t\t\t\t\t\t\t\t\t<h1><span style=\"color: #003366;\"><strong>ASCENT<\/strong> <\/span><\/h1><p>(10\/2017 &#8211; 04\/2021)<\/p><p>\u00d6sterreich, Mexico, Argentinien, Brasilien &amp; Deutschland<\/p><p>992.525,00 \u20ac<\/p>\t\t\t\t\t\t\t\t<\/div>\n\t\t\t\t<\/div>\n\t\t\t\t\t<\/div>\n\t\t<\/div>\n\t\t\t\t<div class=\"elementor-column elementor-col-25 elementor-top-column elementor-element elementor-element-5719831\" data-id=\"5719831\" data-element_type=\"column\">\n\t\t\t<div class=\"elementor-widget-wrap elementor-element-populated\">\n\t\t\t\t\t\t<div class=\"elementor-element elementor-element-1917582 elementor-widget elementor-widget-image\" data-id=\"1917582\" data-element_type=\"widget\" data-widget_type=\"image.default\">\n\t\t\t\t<div class=\"elementor-widget-container\">\n\t\t\t\t\t\t\t\t\t\t\t\t\t\t\t<img decoding=\"async\" width=\"525\" height=\"119\" src=\"https:\/\/flix-science.de\/wp-content\/uploads\/2019\/11\/Logo.jpg\" class=\"attachment-large size-large wp-image-934\" alt=\"\" srcset=\"https:\/\/flix-science.de\/wp-content\/uploads\/2019\/11\/Logo.jpg 988w, https:\/\/flix-science.de\/wp-content\/uploads\/2019\/11\/Logo-300x68.jpg 300w, https:\/\/flix-science.de\/wp-content\/uploads\/2019\/11\/Logo-768x174.jpg 768w\" sizes=\"100vw\" \/>\t\t\t\t\t\t\t\t\t\t\t\t\t\t\t<\/div>\n\t\t\t\t<\/div>\n\t\t\t\t\t<\/div>\n\t\t<\/div>\n\t\t\t\t<div class=\"elementor-column elementor-col-50 elementor-top-column elementor-element elementor-element-17c9a6b\" data-id=\"17c9a6b\" data-element_type=\"column\">\n\t\t\t<div class=\"elementor-widget-wrap elementor-element-populated\">\n\t\t\t\t\t\t<div class=\"elementor-element elementor-element-c913ce7 elementor-widget elementor-widget-text-editor\" data-id=\"c913ce7\" data-element_type=\"widget\" data-widget_type=\"text-editor.default\">\n\t\t\t\t<div class=\"elementor-widget-container\">\n\t\t\t\t\t\t\t\t\t<p>Establishment of Competence-Centers for automotive technology and sales management to increase the positive impact on regional economic development in Argentina, Brazil and Mexico<\/p>\t\t\t\t\t\t\t\t<\/div>\n\t\t\t\t<\/div>\n\t\t\t\t\t<\/div>\n\t\t<\/div>\n\t\t\t\t\t<\/div>\n\t\t<\/section>\n\t\t\t\t<section class=\"elementor-section elementor-top-section elementor-element elementor-element-f17d410 elementor-section-boxed elementor-section-height-default elementor-section-height-default\" data-id=\"f17d410\" data-element_type=\"section\">\n\t\t\t\t\t\t<div class=\"elementor-container elementor-column-gap-default\">\n\t\t\t\t\t<div class=\"elementor-column elementor-col-100 elementor-top-column elementor-element elementor-element-3bde59b\" data-id=\"3bde59b\" data-element_type=\"column\">\n\t\t\t<div class=\"elementor-widget-wrap elementor-element-populated\">\n\t\t\t\t\t\t<div class=\"elementor-element elementor-element-f4118b4 elementor-widget-divider--view-line elementor-widget elementor-widget-divider\" data-id=\"f4118b4\" data-element_type=\"widget\" data-widget_type=\"divider.default\">\n\t\t\t\t<div class=\"elementor-widget-container\">\n\t\t\t\t\t\t\t<div class=\"elementor-divider\">\n\t\t\t<span class=\"elementor-divider-separator\">\n\t\t\t\t\t\t<\/span>\n\t\t<\/div>\n\t\t\t\t\t\t<\/div>\n\t\t\t\t<\/div>\n\t\t\t\t\t<\/div>\n\t\t<\/div>\n\t\t\t\t\t<\/div>\n\t\t<\/section>\n\t\t\t\t<section class=\"elementor-section elementor-top-section elementor-element elementor-element-9fb58ac elementor-section-boxed elementor-section-height-default elementor-section-height-default\" data-id=\"9fb58ac\" data-element_type=\"section\">\n\t\t\t\t\t\t<div class=\"elementor-container elementor-column-gap-default\">\n\t\t\t\t\t<div class=\"elementor-column elementor-col-25 elementor-top-column elementor-element elementor-element-3363481\" data-id=\"3363481\" data-element_type=\"column\">\n\t\t\t<div class=\"elementor-widget-wrap elementor-element-populated\">\n\t\t\t\t\t\t<div class=\"elementor-element elementor-element-a133817 elementor-widget elementor-widget-text-editor\" data-id=\"a133817\" data-element_type=\"widget\" data-widget_type=\"text-editor.default\">\n\t\t\t\t<div class=\"elementor-widget-container\">\n\t\t\t\t\t\t\t\t\t<h1><span style=\"color: #003366;\"><strong>Powertrain<\/strong> <\/span><\/h1><p>(10\/2019 &#8211; 02\/2022)<\/p><p>Tschechien, \u00d6sterreich, Bulgarien &amp; Deutschland<\/p><p>299.222,00 \u20ac<\/p>\t\t\t\t\t\t\t\t<\/div>\n\t\t\t\t<\/div>\n\t\t\t\t\t<\/div>\n\t\t<\/div>\n\t\t\t\t<div class=\"elementor-column elementor-col-25 elementor-top-column elementor-element elementor-element-6914667\" data-id=\"6914667\" data-element_type=\"column\">\n\t\t\t<div class=\"elementor-widget-wrap elementor-element-populated\">\n\t\t\t\t\t\t<div class=\"elementor-element elementor-element-cdb25d5 elementor-widget elementor-widget-image\" data-id=\"cdb25d5\" data-element_type=\"widget\" data-widget_type=\"image.default\">\n\t\t\t\t<div class=\"elementor-widget-container\">\n\t\t\t\t\t\t\t\t\t\t\t\t\t\t\t<img decoding=\"async\" width=\"395\" height=\"127\" src=\"https:\/\/flix-science.de\/wp-content\/uploads\/2022\/11\/ecepe-2.png\" class=\"attachment-large size-large wp-image-2525\" alt=\"\" srcset=\"https:\/\/flix-science.de\/wp-content\/uploads\/2022\/11\/ecepe-2.png 395w, https:\/\/flix-science.de\/wp-content\/uploads\/2022\/11\/ecepe-2-300x96.png 300w, https:\/\/flix-science.de\/wp-content\/uploads\/2022\/11\/ecepe-2-18x6.png 18w\" sizes=\"100vw\" \/>\t\t\t\t\t\t\t\t\t\t\t\t\t\t\t<\/div>\n\t\t\t\t<\/div>\n\t\t\t\t\t<\/div>\n\t\t<\/div>\n\t\t\t\t<div class=\"elementor-column elementor-col-50 elementor-top-column elementor-element elementor-element-0dba810\" data-id=\"0dba810\" data-element_type=\"column\">\n\t\t\t<div class=\"elementor-widget-wrap elementor-element-populated\">\n\t\t\t\t\t\t<div class=\"elementor-element elementor-element-55129e3 elementor-widget elementor-widget-text-editor\" data-id=\"55129e3\" data-element_type=\"widget\" data-widget_type=\"text-editor.default\">\n\t\t\t\t<div class=\"elementor-widget-container\">\n\t\t\t\t\t\t\t\t\t<p>Aim of the Project is the development of<\/p><ul><li>Skillset for an electric powertrain engineer<\/li><li>Teaching material<\/li><li>Ein europaweites Zertifikat f\u00fcr Elektroantriebsingenieure in Zusammenarbeit mit ECQA und basierend auf<br \/>ECTS- und ECVET-Schemas<\/li><\/ul>\t\t\t\t\t\t\t\t<\/div>\n\t\t\t\t<\/div>\n\t\t\t\t\t<\/div>\n\t\t<\/div>\n\t\t\t\t\t<\/div>\n\t\t<\/section>\n\t\t\t\t<section class=\"elementor-section elementor-top-section elementor-element elementor-element-bf99c74 elementor-section-boxed elementor-section-height-default elementor-section-height-default\" data-id=\"bf99c74\" data-element_type=\"section\">\n\t\t\t\t\t\t<div class=\"elementor-container elementor-column-gap-default\">\n\t\t\t\t\t<div class=\"elementor-column elementor-col-100 elementor-top-column elementor-element elementor-element-cfd3901\" data-id=\"cfd3901\" data-element_type=\"column\">\n\t\t\t<div class=\"elementor-widget-wrap elementor-element-populated\">\n\t\t\t\t\t\t<div class=\"elementor-element elementor-element-87e8394 elementor-widget-divider--view-line elementor-widget elementor-widget-divider\" data-id=\"87e8394\" data-element_type=\"widget\" data-widget_type=\"divider.default\">\n\t\t\t\t<div class=\"elementor-widget-container\">\n\t\t\t\t\t\t\t<div class=\"elementor-divider\">\n\t\t\t<span class=\"elementor-divider-separator\">\n\t\t\t\t\t\t<\/span>\n\t\t<\/div>\n\t\t\t\t\t\t<\/div>\n\t\t\t\t<\/div>\n\t\t\t\t\t<\/div>\n\t\t<\/div>\n\t\t\t\t\t<\/div>\n\t\t<\/section>\n\t\t\t\t<section class=\"elementor-section elementor-top-section elementor-element elementor-element-725c8d9 elementor-section-boxed elementor-section-height-default elementor-section-height-default\" data-id=\"725c8d9\" data-element_type=\"section\">\n\t\t\t\t\t\t<div class=\"elementor-container elementor-column-gap-default\">\n\t\t\t\t\t<div class=\"elementor-column elementor-col-25 elementor-top-column elementor-element elementor-element-c1aee1c\" data-id=\"c1aee1c\" data-element_type=\"column\">\n\t\t\t<div class=\"elementor-widget-wrap elementor-element-populated\">\n\t\t\t\t\t\t<div class=\"elementor-element elementor-element-6975e7c elementor-widget elementor-widget-text-editor\" data-id=\"6975e7c\" data-element_type=\"widget\" data-widget_type=\"text-editor.default\">\n\t\t\t\t<div class=\"elementor-widget-container\">\n\t\t\t\t\t\t\t\t\t<h1><span style=\"color: #003366;\"><strong>ELIC<\/strong><\/span><\/h1><p>(10\/2017 &#8211; 10\/2019)<\/p><p>\u00d6sterreich, Tschechien, Italien &amp; Deutschland<\/p><p>228.042,00 \u20ac<\/p>\t\t\t\t\t\t\t\t<\/div>\n\t\t\t\t<\/div>\n\t\t\t\t\t<\/div>\n\t\t<\/div>\n\t\t\t\t<div class=\"elementor-column elementor-col-25 elementor-top-column elementor-element elementor-element-6857217\" data-id=\"6857217\" data-element_type=\"column\">\n\t\t\t<div class=\"elementor-widget-wrap elementor-element-populated\">\n\t\t\t\t\t\t<div class=\"elementor-element elementor-element-69c2bce elementor-widget elementor-widget-image\" data-id=\"69c2bce\" data-element_type=\"widget\" data-widget_type=\"image.default\">\n\t\t\t\t<div class=\"elementor-widget-container\">\n\t\t\t\t\t\t\t\t\t\t\t\t\t\t\t<img loading=\"lazy\" decoding=\"async\" width=\"525\" height=\"240\" src=\"https:\/\/flix-science.de\/wp-content\/uploads\/2019\/11\/Logo-1-1024x468.jpg\" class=\"attachment-large size-large wp-image-935\" alt=\"\" srcset=\"https:\/\/flix-science.de\/wp-content\/uploads\/2019\/11\/Logo-1-1024x468.jpg 1024w, https:\/\/flix-science.de\/wp-content\/uploads\/2019\/11\/Logo-1-300x137.jpg 300w, https:\/\/flix-science.de\/wp-content\/uploads\/2019\/11\/Logo-1-768x351.jpg 768w, https:\/\/flix-science.de\/wp-content\/uploads\/2019\/11\/Logo-1.jpg 1033w\" sizes=\"100vw\" \/>\t\t\t\t\t\t\t\t\t\t\t\t\t\t\t<\/div>\n\t\t\t\t<\/div>\n\t\t\t\t\t<\/div>\n\t\t<\/div>\n\t\t\t\t<div class=\"elementor-column elementor-col-50 elementor-top-column elementor-element elementor-element-4a26e51\" data-id=\"4a26e51\" data-element_type=\"column\">\n\t\t\t<div class=\"elementor-widget-wrap elementor-element-populated\">\n\t\t\t\t\t\t<div class=\"elementor-element elementor-element-f7e5534 elementor-widget elementor-widget-text-editor\" data-id=\"f7e5534\" data-element_type=\"widget\" data-widget_type=\"text-editor.default\">\n\t\t\t\t<div class=\"elementor-widget-container\">\n\t\t\t\t\t\t\t\t\t<p>ELIC aims to improve the engineering skills of secondary school students in order to increase their interest in technical occupations. Newly developed teaching materials provide science teachers with examples and experiments that they can use directly in class.<\/p>\t\t\t\t\t\t\t\t<\/div>\n\t\t\t\t<\/div>\n\t\t\t\t\t<\/div>\n\t\t<\/div>\n\t\t\t\t\t<\/div>\n\t\t<\/section>\n\t\t\t\t<section class=\"elementor-section elementor-top-section elementor-element elementor-element-84ba757 elementor-section-boxed elementor-section-height-default elementor-section-height-default\" data-id=\"84ba757\" data-element_type=\"section\">\n\t\t\t\t\t\t<div class=\"elementor-container elementor-column-gap-default\">\n\t\t\t\t\t<div class=\"elementor-column elementor-col-100 elementor-top-column elementor-element elementor-element-c66db57\" data-id=\"c66db57\" data-element_type=\"column\">\n\t\t\t<div class=\"elementor-widget-wrap elementor-element-populated\">\n\t\t\t\t\t\t<div class=\"elementor-element elementor-element-8ab5155 elementor-widget-divider--view-line elementor-widget elementor-widget-divider\" data-id=\"8ab5155\" data-element_type=\"widget\" data-widget_type=\"divider.default\">\n\t\t\t\t<div class=\"elementor-widget-container\">\n\t\t\t\t\t\t\t<div class=\"elementor-divider\">\n\t\t\t<span class=\"elementor-divider-separator\">\n\t\t\t\t\t\t<\/span>\n\t\t<\/div>\n\t\t\t\t\t\t<\/div>\n\t\t\t\t<\/div>\n\t\t\t\t\t<\/div>\n\t\t<\/div>\n\t\t\t\t\t<\/div>\n\t\t<\/section>\n\t\t\t\t<section class=\"elementor-section elementor-top-section elementor-element elementor-element-4b41f37 elementor-section-boxed elementor-section-height-default elementor-section-height-default\" data-id=\"4b41f37\" data-element_type=\"section\">\n\t\t\t\t\t\t<div class=\"elementor-container elementor-column-gap-default\">\n\t\t\t\t\t<div class=\"elementor-column elementor-col-25 elementor-top-column elementor-element elementor-element-2a021ce\" data-id=\"2a021ce\" data-element_type=\"column\">\n\t\t\t<div class=\"elementor-widget-wrap elementor-element-populated\">\n\t\t\t\t\t\t<div class=\"elementor-element elementor-element-15ad356 elementor-widget elementor-widget-text-editor\" data-id=\"15ad356\" data-element_type=\"widget\" data-widget_type=\"text-editor.default\">\n\t\t\t\t<div class=\"elementor-widget-container\">\n\t\t\t\t\t\t\t\t\t<h1><span style=\"color: #003366;\"><strong>D-EMIND<\/strong><\/span><\/h1><p>(01.2022 &#8211; 12\/2024)<\/p><p>Spanien, D\u00e4nemark, Ungarn &amp; Deutschland<\/p><p>320.490,00 \u20ac<\/p><p>\u00a0<\/p>\t\t\t\t\t\t\t\t<\/div>\n\t\t\t\t<\/div>\n\t\t\t\t\t<\/div>\n\t\t<\/div>\n\t\t\t\t<div class=\"elementor-column elementor-col-25 elementor-top-column elementor-element elementor-element-f2b936a\" data-id=\"f2b936a\" data-element_type=\"column\">\n\t\t\t<div class=\"elementor-widget-wrap elementor-element-populated\">\n\t\t\t\t\t\t<div class=\"elementor-element elementor-element-6f2570c elementor-widget elementor-widget-image\" data-id=\"6f2570c\" data-element_type=\"widget\" data-widget_type=\"image.default\">\n\t\t\t\t<div class=\"elementor-widget-container\">\n\t\t\t\t\t\t\t\t\t\t\t\t\t\t\t<img loading=\"lazy\" decoding=\"async\" width=\"525\" height=\"144\" src=\"https:\/\/flix-science.de\/wp-content\/uploads\/2022\/11\/horizontal_color_positivo-2-1024x281.png\" class=\"attachment-large size-large wp-image-2524\" alt=\"\" srcset=\"https:\/\/flix-science.de\/wp-content\/uploads\/2022\/11\/horizontal_color_positivo-2-1024x281.png 1024w, https:\/\/flix-science.de\/wp-content\/uploads\/2022\/11\/horizontal_color_positivo-2-300x82.png 300w, https:\/\/flix-science.de\/wp-content\/uploads\/2022\/11\/horizontal_color_positivo-2-768x211.png 768w, https:\/\/flix-science.de\/wp-content\/uploads\/2022\/11\/horizontal_color_positivo-2-18x5.png 18w, https:\/\/flix-science.de\/wp-content\/uploads\/2022\/11\/horizontal_color_positivo-2.png 1423w\" sizes=\"100vw\" \/>\t\t\t\t\t\t\t\t\t\t\t\t\t\t\t<\/div>\n\t\t\t\t<\/div>\n\t\t\t\t\t<\/div>\n\t\t<\/div>\n\t\t\t\t<div class=\"elementor-column elementor-col-50 elementor-top-column elementor-element elementor-element-d3d2875\" data-id=\"d3d2875\" data-element_type=\"column\">\n\t\t\t<div class=\"elementor-widget-wrap elementor-element-populated\">\n\t\t\t\t\t\t<div class=\"elementor-element elementor-element-9a7bd7e elementor-widget elementor-widget-text-editor\" data-id=\"9a7bd7e\" data-element_type=\"widget\" data-widget_type=\"text-editor.default\">\n\t\t\t\t<div class=\"elementor-widget-container\">\n\t\t\t\t\t\t\t\t\t<p>Das Ziel von D-EMIND ist die Konzeption, Entwicklung und Testung von digitalen challenge-basierten Lernmethoden, Strategien und Hilfsmittel, die das entrepreneurial mindset schon im Studium f\u00f6rdern. <\/p><p>Grundlage wird eine Plattform sein, auf die Studierende, Lehrende und Unternehmen zugriff haben und in der sie miteinander kommunizieren und Challanges bearbeiten k\u00f6nnen.<\/p>\t\t\t\t\t\t\t\t<\/div>\n\t\t\t\t<\/div>\n\t\t\t\t\t<\/div>\n\t\t<\/div>\n\t\t\t\t\t<\/div>\n\t\t<\/section>\n\t\t\t\t<section class=\"elementor-section elementor-top-section elementor-element elementor-element-8cadb81 elementor-section-boxed elementor-section-height-default elementor-section-height-default\" data-id=\"8cadb81\" data-element_type=\"section\">\n\t\t\t\t\t\t<div class=\"elementor-container elementor-column-gap-default\">\n\t\t\t\t\t<div class=\"elementor-column elementor-col-25 elementor-top-column elementor-element elementor-element-639cb54\" data-id=\"639cb54\" data-element_type=\"column\">\n\t\t\t<div class=\"elementor-widget-wrap elementor-element-populated\">\n\t\t\t\t\t\t<div class=\"elementor-element elementor-element-b1b6a67 elementor-widget elementor-widget-text-editor\" data-id=\"b1b6a67\" data-element_type=\"widget\" data-widget_type=\"text-editor.default\">\n\t\t\t\t<div class=\"elementor-widget-container\">\n\t\t\t\t\t\t\t\t\t<p><strong style=\"color: #003366; font-size: 1.875rem; font-family: var( --e-global-typography-text-font-family ), Sans-serif;\">GATE<\/strong><\/p><p>(12.2024 &#8211; )<\/p><p>D\u00e4nemark, Ungarn &amp; Deutschland<\/p><p>400.000\u20ac<\/p><p>\u00a0<\/p>\t\t\t\t\t\t\t\t<\/div>\n\t\t\t\t<\/div>\n\t\t\t\t\t<\/div>\n\t\t<\/div>\n\t\t\t\t<div class=\"elementor-column elementor-col-25 elementor-top-column elementor-element elementor-element-15c0576\" data-id=\"15c0576\" data-element_type=\"column\">\n\t\t\t<div class=\"elementor-widget-wrap\">\n\t\t\t\t\t\t\t<\/div>\n\t\t<\/div>\n\t\t\t\t<div class=\"elementor-column elementor-col-50 elementor-top-column elementor-element elementor-element-96ea9d6\" data-id=\"96ea9d6\" data-element_type=\"column\">\n\t\t\t<div class=\"elementor-widget-wrap\">\n\t\t\t\t\t\t\t<\/div>\n\t\t<\/div>\n\t\t\t\t\t<\/div>\n\t\t<\/section>\n\t\t\t\t<\/div>","protected":false},"excerpt":{"rendered":"<p>Forschungsprojekte CE3 (04\/2019 &#8211; 09\/2022) Niederlande &amp; Deutschland 1.125 Mio \u20ac Das allgemeine Ziel ist es, in einem fr\u00fchen Stadium bei Studierenden ein Bewusstsein f\u00fcr grenz\u00fcberschreitendes Unternehmertum zu schaffen. Konkret sollen unternehmerische Aktivit\u00e4ten von Studierenden-Teams gezielt gef\u00f6rdert werden, sodass aus ihnen Unternehmen heranwachsen. ASCENT (10\/2017 &#8211; 04\/2021) \u00d6sterreich, Mexico, Argentinien, Brasilien &amp; Deutschland 992.525,00 \u20ac &hellip; <\/p>\n<p class=\"link-more\"><a href=\"https:\/\/flix-science.de\/en\/projekte\" class=\"more-link\">Continue reading<span class=\"screen-reader-text\"> &#8222;Forschungsprojekte&#8220;<\/span><\/a><\/p>","protected":false},"author":1,"featured_media":0,"parent":0,"menu_order":0,"comment_status":"closed","ping_status":"closed","template":"elementor_header_footer","meta":{"footnotes":""},"class_list":["post-686","page","type-page","status-publish","hentry"],"_links":{"self":[{"href":"https:\/\/flix-science.de\/en\/wp-json\/wp\/v2\/pages\/686","targetHints":{"allow":["GET"]}}],"collection":[{"href":"https:\/\/flix-science.de\/en\/wp-json\/wp\/v2\/pages"}],"about":[{"href":"https:\/\/flix-science.de\/en\/wp-json\/wp\/v2\/types\/page"}],"author":[{"embeddable":true,"href":"https:\/\/flix-science.de\/en\/wp-json\/wp\/v2\/users\/1"}],"replies":[{"embeddable":true,"href":"https:\/\/flix-science.de\/en\/wp-json\/wp\/v2\/comments?post=686"}],"version-history":[{"count":0,"href":"https:\/\/flix-science.de\/en\/wp-json\/wp\/v2\/pages\/686\/revisions"}],"wp:attachment":[{"href":"https:\/\/flix-science.de\/en\/wp-json\/wp\/v2\/media?parent=686"}],"curies":[{"name":"wp","href":"https:\/\/api.w.org\/{rel}","templated":true}]}}