{"id":685,"date":"2019-10-21T09:10:37","date_gmt":"2019-10-21T09:10:37","guid":{"rendered":"https:\/\/flix-science.de\/?page_id=685"},"modified":"2022-08-31T09:18:27","modified_gmt":"2022-08-31T09:18:27","slug":"lehre","status":"publish","type":"page","link":"https:\/\/flix-science.de\/en\/lehre","title":{"rendered":"Teaching"},"content":{"rendered":"<div data-elementor-type=\"wp-page\" data-elementor-id=\"685\" class=\"elementor elementor-685\">\n\t\t\t\t\t\t<section class=\"elementor-section elementor-top-section elementor-element elementor-element-e3754d7 elementor-section-boxed elementor-section-height-default elementor-section-height-default\" data-id=\"e3754d7\" data-element_type=\"section\">\n\t\t\t\t\t\t<div class=\"elementor-container elementor-column-gap-default\">\n\t\t\t\t\t<div class=\"elementor-column elementor-col-100 elementor-top-column elementor-element elementor-element-40fb32b\" data-id=\"40fb32b\" data-element_type=\"column\">\n\t\t\t<div class=\"elementor-widget-wrap elementor-element-populated\">\n\t\t\t\t\t\t<div class=\"elementor-element elementor-element-d9d73b0 elementor-widget elementor-widget-text-editor\" data-id=\"d9d73b0\" data-element_type=\"widget\" data-widget_type=\"text-editor.default\">\n\t\t\t\t<div class=\"elementor-widget-container\">\n\t\t\t\t\t\t\t\t\t<h1><span style=\"color: #003366;\"><strong>Our degree programms<\/strong><\/span><\/h1><h3><span style=\"color: #003366; font-size: 18pt;\"><strong>B.Eng. Industrial Engineering<\/strong><\/span><\/h3><p><span style=\"color: #003366; font-size: 14pt;\">Industrial engineers unite two souls in their chest: economics and technology. They can solve technical problems with economic competence, look beyond departmental boundaries and coordinate different interests. The industrial engineering degree program is interdisciplinary, combining technical-scientific, mathematical-analytical as well as economic-social scientific content. Industrial engineering is therefore also referred to as a so-called interface discipline.\n\nTranslated with www.DeepL.com\/Translator (free version)<\/span><\/p><p><span style=\"font-size: 14pt;\"><span style=\"color: #003366;\">Further information <strong><a href=\"https:\/\/mv.hs-duesseldorf.de\/studium\/studiengaenge\/bachelor-wirtschaftsingenieurwesen-maschinenbau\">here<\/a><\/strong><\/span><\/span><\/p><h3><span style=\"color: #003366; font-size: 18pt;\"><strong>M.Sc. Internationales Wirtschaftsingenieurwesen<\/strong><\/span><\/h3><p><span style=\"color: #003366; font-size: 14pt;\">Im Masterstudiengang vertiefen Sie sowohl ihre ingenieurwissenschaftlichen als auch wirtschaftswissenschaftliche Kompetenzen. Der dreisemestrige Masterstudiengang legt dabei insbesondere den Fokus auf die Vertiefung von Managementkompetenzen mit Bezug auf produktionstechnische Fragestellungen. Der Master setzt auf den technisch\/wirtschaftlichen Grundlagen aus den ingenieurwissenschaftlichen Bachelorstudieng\u00e4ngen des Fachbereiches auf und erweitert diese um \u00fcbergreifende Technologie- und Managementkompetenzen. Dies qualifiziert Sie f\u00fcr Leitungsfunktionen in Teams.<\/span><\/p><p><span style=\"color: #003366; font-size: 14pt;\">Der Zusatz \u201einternational\u201c im Studiengangsnamen bereitet Sie auf die Fragestellungen in global agierenden Unternehmen vor. Die Ausbildung erfolgt mit deutlichem internationalem Bezug, sei es durch inhaltliche Fragestellungen, Projektarbeiten oder die m\u00f6gliche Integration eines Auslandssemesters in Ihr Studium.<\/span><\/p><p><span style=\"font-size: 14pt;\"><span style=\"color: #003366;\">Weitere Informationen finden Sie <a href=\"https:\/\/mv.hs-duesseldorf.de\/studium\/studiengaenge\/master-internationales-wirtschaftsingenieurwesen\/\"><strong>here<\/strong><\/a><\/span><\/span><\/p>\t\t\t\t\t\t\t\t<\/div>\n\t\t\t\t<\/div>\n\t\t\t\t\t<\/div>\n\t\t<\/div>\n\t\t\t\t\t<\/div>\n\t\t<\/section>\n\t\t\t\t<section class=\"elementor-section elementor-top-section elementor-element elementor-element-6d26e45 elementor-section-boxed elementor-section-height-default elementor-section-height-default\" data-id=\"6d26e45\" data-element_type=\"section\">\n\t\t\t\t\t\t<div class=\"elementor-container elementor-column-gap-default\">\n\t\t\t\t\t<div class=\"elementor-column elementor-col-100 elementor-top-column elementor-element elementor-element-435e143\" data-id=\"435e143\" data-element_type=\"column\">\n\t\t\t<div class=\"elementor-widget-wrap elementor-element-populated\">\n\t\t\t\t\t\t<div class=\"elementor-element elementor-element-d464831 elementor-widget elementor-widget-video\" data-id=\"d464831\" data-element_type=\"widget\" data-settings=\"{&quot;video_type&quot;:&quot;hosted&quot;,&quot;controls&quot;:&quot;yes&quot;}\" data-widget_type=\"video.default\">\n\t\t\t\t<div class=\"elementor-widget-container\">\n\t\t\t\t\t\t\t<div class=\"e-hosted-video elementor-wrapper elementor-open-inline\">\n\t\t\t\t\t<video class=\"elementor-video\" src=\"https:\/\/flix-science.de\/wp-content\/uploads\/2022\/08\/HSD_WIM_FLiX.mp4\" controls=\"\" preload=\"metadata\" controlslist=\"nodownload\"><\/video>\n\t\t\t\t<\/div>\n\t\t\t\t\t\t<\/div>\n\t\t\t\t<\/div>\n\t\t\t\t\t<\/div>\n\t\t<\/div>\n\t\t\t\t\t<\/div>\n\t\t<\/section>\n\t\t\t\t<section class=\"elementor-section elementor-top-section elementor-element elementor-element-e573c59 elementor-section-boxed elementor-section-height-default elementor-section-height-default\" data-id=\"e573c59\" data-element_type=\"section\">\n\t\t\t\t\t\t<div class=\"elementor-container elementor-column-gap-default\">\n\t\t\t\t\t<div class=\"elementor-column elementor-col-100 elementor-top-column elementor-element elementor-element-bcb96b4\" data-id=\"bcb96b4\" data-element_type=\"column\">\n\t\t\t<div class=\"elementor-widget-wrap\">\n\t\t\t\t\t\t\t<\/div>\n\t\t<\/div>\n\t\t\t\t\t<\/div>\n\t\t<\/section>\n\t\t\t\t<section class=\"elementor-section elementor-top-section elementor-element elementor-element-7a27b2b elementor-section-boxed elementor-section-height-default elementor-section-height-default\" data-id=\"7a27b2b\" data-element_type=\"section\">\n\t\t\t\t\t\t<div class=\"elementor-container elementor-column-gap-default\">\n\t\t\t\t\t<div class=\"elementor-column elementor-col-100 elementor-top-column elementor-element elementor-element-041ce35\" data-id=\"041ce35\" data-element_type=\"column\">\n\t\t\t<div class=\"elementor-widget-wrap elementor-element-populated\">\n\t\t\t\t\t\t<div class=\"elementor-element elementor-element-3b00308 elementor-widget elementor-widget-video\" data-id=\"3b00308\" data-element_type=\"widget\" data-settings=\"{&quot;youtube_url&quot;:&quot;file:\\\/\\\/\\\/Users\\\/kubrabilgay\\\/Desktop\\\/FLIX\\\/HSD_WIM_FLiX.mp4&quot;,&quot;video_type&quot;:&quot;youtube&quot;,&quot;controls&quot;:&quot;yes&quot;}\" data-widget_type=\"video.default\">\n\t\t\t\t<div class=\"elementor-widget-container\">\n\t\t\t\t\t\t\t<div class=\"elementor-wrapper elementor-open-inline\">\n\t\t\t<div class=\"elementor-video\"><\/div>\t\t<\/div>\n\t\t\t\t\t\t<\/div>\n\t\t\t\t<\/div>\n\t\t\t\t\t<\/div>\n\t\t<\/div>\n\t\t\t\t\t<\/div>\n\t\t<\/section>\n\t\t\t\t<\/div>","protected":false},"excerpt":{"rendered":"<p>Unsere Studieng\u00e4nge: B.Eng. Wirtschaftsingenieurwesen Maschinenbau Wirtschaftsingenieur*innen vereinen zwei Seelen in ihrer Brust: die \u00d6konomie und die Technik. Sie k\u00f6nnen technische Fragestellungen mit \u00f6konimischer Kompetenz l\u00f6sen, \u00fcber Abteilungsgrenzen hinausschauen sowie unterschiedliche Interessen koordinieren. Der Studiengang Wirtschaftsingenieurwesen ist interdisziplin\u00e4r angelegt, da er technisch-naturwissenschaftliche, mathematisch-analytische sowie wirtschaftlich-sozialwissenschaftliche Inhalte verbindet. Das Wirtschaftsingenieurwesen wird deshalb auch als sogenannte Schnittstellendisziplin bezeichnet. &hellip; <\/p>\n<p class=\"link-more\"><a href=\"https:\/\/flix-science.de\/en\/lehre\" class=\"more-link\">Continue reading<span class=\"screen-reader-text\"> &#8222;Lehre&#8220;<\/span><\/a><\/p>","protected":false},"author":1,"featured_media":0,"parent":0,"menu_order":0,"comment_status":"closed","ping_status":"closed","template":"elementor_header_footer","meta":{"footnotes":""},"class_list":["post-685","page","type-page","status-publish","hentry"],"_links":{"self":[{"href":"https:\/\/flix-science.de\/en\/wp-json\/wp\/v2\/pages\/685","targetHints":{"allow":["GET"]}}],"collection":[{"href":"https:\/\/flix-science.de\/en\/wp-json\/wp\/v2\/pages"}],"about":[{"href":"https:\/\/flix-science.de\/en\/wp-json\/wp\/v2\/types\/page"}],"author":[{"embeddable":true,"href":"https:\/\/flix-science.de\/en\/wp-json\/wp\/v2\/users\/1"}],"replies":[{"embeddable":true,"href":"https:\/\/flix-science.de\/en\/wp-json\/wp\/v2\/comments?post=685"}],"version-history":[{"count":0,"href":"https:\/\/flix-science.de\/en\/wp-json\/wp\/v2\/pages\/685\/revisions"}],"wp:attachment":[{"href":"https:\/\/flix-science.de\/en\/wp-json\/wp\/v2\/media?parent=685"}],"curies":[{"name":"wp","href":"https:\/\/api.w.org\/{rel}","templated":true}]}}