{"id":1170,"date":"2020-02-19T10:13:52","date_gmt":"2020-02-19T10:13:52","guid":{"rendered":"https:\/\/flix-science.de\/?page_id=1170"},"modified":"2020-06-18T16:13:12","modified_gmt":"2020-06-18T16:13:12","slug":"start-up-teams","status":"publish","type":"page","link":"https:\/\/flix-science.de\/en\/start-up-teams","title":{"rendered":"Start-Up Teams"},"content":{"rendered":"<div data-elementor-type=\"wp-page\" data-elementor-id=\"1170\" class=\"elementor elementor-1170\">\n\t\t\t\t\t\t<section class=\"elementor-section elementor-top-section elementor-element elementor-element-f0b368c elementor-section-boxed elementor-section-height-default elementor-section-height-default\" data-id=\"f0b368c\" data-element_type=\"section\">\n\t\t\t\t\t\t<div class=\"elementor-container elementor-column-gap-default\">\n\t\t\t\t\t<div class=\"elementor-column elementor-col-100 elementor-top-column elementor-element elementor-element-b5ddb16\" data-id=\"b5ddb16\" data-element_type=\"column\">\n\t\t\t<div class=\"elementor-widget-wrap elementor-element-populated\">\n\t\t\t\t\t\t<div class=\"elementor-element elementor-element-6c8975b elementor-widget elementor-widget-image\" data-id=\"6c8975b\" data-element_type=\"widget\" data-widget_type=\"image.default\">\n\t\t\t\t<div class=\"elementor-widget-container\">\n\t\t\t\t\t\t\t\t\t\t\t\t\t\t\t<img fetchpriority=\"high\" decoding=\"async\" width=\"1536\" height=\"539\" src=\"https:\/\/flix-science.de\/wp-content\/uploads\/2020\/06\/team-2954004_1920-1536x539.jpg\" class=\"attachment-1536x1536 size-1536x1536 wp-image-1494\" alt=\"\" srcset=\"https:\/\/flix-science.de\/wp-content\/uploads\/2020\/06\/team-2954004_1920-1536x539.jpg 1536w, https:\/\/flix-science.de\/wp-content\/uploads\/2020\/06\/team-2954004_1920-300x105.jpg 300w, https:\/\/flix-science.de\/wp-content\/uploads\/2020\/06\/team-2954004_1920-1024x359.jpg 1024w, https:\/\/flix-science.de\/wp-content\/uploads\/2020\/06\/team-2954004_1920-768x270.jpg 768w, https:\/\/flix-science.de\/wp-content\/uploads\/2020\/06\/team-2954004_1920.jpg 1920w\" sizes=\"100vw\" \/>\t\t\t\t\t\t\t\t\t\t\t\t\t\t\t<\/div>\n\t\t\t\t<\/div>\n\t\t\t\t\t<\/div>\n\t\t<\/div>\n\t\t\t\t\t<\/div>\n\t\t<\/section>\n\t\t\t\t<section class=\"elementor-section elementor-top-section elementor-element elementor-element-3073682 elementor-section-boxed elementor-section-height-default elementor-section-height-default\" data-id=\"3073682\" data-element_type=\"section\">\n\t\t\t\t\t\t<div class=\"elementor-container elementor-column-gap-default\">\n\t\t\t\t\t<div class=\"elementor-column elementor-col-100 elementor-top-column elementor-element elementor-element-2020712\" data-id=\"2020712\" data-element_type=\"column\">\n\t\t\t<div class=\"elementor-widget-wrap elementor-element-populated\">\n\t\t\t\t\t\t<div class=\"elementor-element elementor-element-28d1838 elementor-widget elementor-widget-text-editor\" data-id=\"28d1838\" data-element_type=\"widget\" data-widget_type=\"text-editor.default\">\n\t\t\t\t<div class=\"elementor-widget-container\">\n\t\t\t\t\t\t\t\t\t<p><span style=\"font-family: arial black, sans-serif; font-size: 14pt;\">In K\u00fcrze werden hier unsere Start-Up-Teams vorgestellt, die kurz vor oder in der Gr\u00fcndung sind und eifrig an ihren Ideen arbeiten.<\/span><br \/><span style=\"font-family: arial black, sans-serif; font-size: 14pt;\">Sie haben eine innovative Idee und sich Gedanken gemacht selbstst\u00e4ndig t\u00e4tig zu sein. Dann melden Sie sich bei uns und f\u00fcllen Sie das unten angegebene Formular. Wir unterst\u00fctzen Sie bei Fragen \u00fcber Gr\u00fcndung, Entwicklung der Idee und F\u00f6rderungsm\u00f6glichkeiten.<\/span><\/p>\t\t\t\t\t\t\t\t<\/div>\n\t\t\t\t<\/div>\n\t\t\t\t\t<\/div>\n\t\t<\/div>\n\t\t\t\t\t<\/div>\n\t\t<\/section>\n\t\t\t\t<section class=\"elementor-section elementor-top-section elementor-element elementor-element-fef44df elementor-section-boxed elementor-section-height-default elementor-section-height-default\" data-id=\"fef44df\" data-element_type=\"section\">\n\t\t\t\t\t\t<div class=\"elementor-container elementor-column-gap-default\">\n\t\t\t\t\t<div class=\"elementor-column elementor-col-100 elementor-top-column elementor-element elementor-element-90bf293\" data-id=\"90bf293\" data-element_type=\"column\">\n\t\t\t<div class=\"elementor-widget-wrap elementor-element-populated\">\n\t\t\t\t\t\t<div class=\"elementor-element elementor-element-08c5f56 elementor-widget elementor-widget-heading\" data-id=\"08c5f56\" data-element_type=\"widget\" data-widget_type=\"heading.default\">\n\t\t\t\t<div class=\"elementor-widget-container\">\n\t\t\t\t\t<h2 class=\"elementor-heading-title elementor-size-default\">Start-Up-Teams Unternehmenssimulation<\/h2>\t\t\t\t<\/div>\n\t\t\t\t<\/div>\n\t\t\t\t\t<\/div>\n\t\t<\/div>\n\t\t\t\t\t<\/div>\n\t\t<\/section>\n\t\t\t\t<section class=\"elementor-section elementor-top-section elementor-element elementor-element-6e4366f elementor-section-boxed elementor-section-height-default elementor-section-height-default\" data-id=\"6e4366f\" data-element_type=\"section\">\n\t\t\t\t\t\t<div class=\"elementor-container elementor-column-gap-default\">\n\t\t\t\t\t<div class=\"elementor-column elementor-col-100 elementor-top-column elementor-element elementor-element-95c433a\" data-id=\"95c433a\" data-element_type=\"column\">\n\t\t\t<div class=\"elementor-widget-wrap elementor-element-populated\">\n\t\t\t\t\t\t<div class=\"elementor-element elementor-element-1b44f69 elementor-widget elementor-widget-text-editor\" data-id=\"1b44f69\" data-element_type=\"widget\" data-widget_type=\"text-editor.default\">\n\t\t\t\t<div class=\"elementor-widget-container\">\n\t\t\t\t\t\t\t\t\t<p><span style=\"font-family: arial black, sans-serif;\">Hier werden die Start-Up-Teams des Studienfachs <\/span><span style=\"font-family: arial black, sans-serif;\">Unternehmenssimulation vorgestellt. Diese Teams arbeiten an interessanten und innovativen Ideen, die sie durch das Modul entworfen haben und nun in die Wirklichkeit umsetzten m\u00f6chten. <\/span><\/p>\t\t\t\t\t\t\t\t<\/div>\n\t\t\t\t<\/div>\n\t\t\t\t\t<\/div>\n\t\t<\/div>\n\t\t\t\t\t<\/div>\n\t\t<\/section>\n\t\t\t\t<section class=\"elementor-section elementor-top-section elementor-element elementor-element-c4fa829 elementor-section-boxed elementor-section-height-default elementor-section-height-default\" data-id=\"c4fa829\" data-element_type=\"section\">\n\t\t\t\t\t\t<div class=\"elementor-container elementor-column-gap-default\">\n\t\t\t\t\t<div class=\"elementor-column elementor-col-100 elementor-top-column elementor-element elementor-element-c94d81c\" data-id=\"c94d81c\" data-element_type=\"column\">\n\t\t\t<div class=\"elementor-widget-wrap elementor-element-populated\">\n\t\t\t\t\t\t<div class=\"elementor-element elementor-element-9f57128 elementor-widget-divider--view-line elementor-widget elementor-widget-divider\" data-id=\"9f57128\" data-element_type=\"widget\" data-widget_type=\"divider.default\">\n\t\t\t\t<div class=\"elementor-widget-container\">\n\t\t\t\t\t\t\t<div class=\"elementor-divider\">\n\t\t\t<span class=\"elementor-divider-separator\">\n\t\t\t\t\t\t<\/span>\n\t\t<\/div>\n\t\t\t\t\t\t<\/div>\n\t\t\t\t<\/div>\n\t\t\t\t\t<\/div>\n\t\t<\/div>\n\t\t\t\t\t<\/div>\n\t\t<\/section>\n\t\t\t\t<section class=\"elementor-section elementor-top-section elementor-element elementor-element-171fd46 elementor-section-boxed elementor-section-height-default elementor-section-height-default\" data-id=\"171fd46\" data-element_type=\"section\">\n\t\t\t\t\t\t<div class=\"elementor-container elementor-column-gap-default\">\n\t\t\t\t\t<div class=\"elementor-column elementor-col-100 elementor-top-column elementor-element elementor-element-8696bb1\" data-id=\"8696bb1\" data-element_type=\"column\">\n\t\t\t<div class=\"elementor-widget-wrap\">\n\t\t\t\t\t\t\t<\/div>\n\t\t<\/div>\n\t\t\t\t\t<\/div>\n\t\t<\/section>\n\t\t\t\t<section class=\"elementor-section elementor-top-section elementor-element elementor-element-ed668ba elementor-section-boxed elementor-section-height-default elementor-section-height-default\" data-id=\"ed668ba\" data-element_type=\"section\">\n\t\t\t\t\t\t<div class=\"elementor-container elementor-column-gap-default\">\n\t\t\t\t\t<div class=\"elementor-column elementor-col-100 elementor-top-column elementor-element elementor-element-aa67c00\" data-id=\"aa67c00\" data-element_type=\"column\">\n\t\t\t<div class=\"elementor-widget-wrap elementor-element-populated\">\n\t\t\t\t\t\t<div class=\"elementor-element elementor-element-616efe3 elementor-widget-divider--view-line elementor-widget elementor-widget-divider\" data-id=\"616efe3\" data-element_type=\"widget\" data-widget_type=\"divider.default\">\n\t\t\t\t<div class=\"elementor-widget-container\">\n\t\t\t\t\t\t\t<div class=\"elementor-divider\">\n\t\t\t<span class=\"elementor-divider-separator\">\n\t\t\t\t\t\t<\/span>\n\t\t<\/div>\n\t\t\t\t\t\t<\/div>\n\t\t\t\t<\/div>\n\t\t\t\t\t<\/div>\n\t\t<\/div>\n\t\t\t\t\t<\/div>\n\t\t<\/section>\n\t\t\t\t<section class=\"elementor-section elementor-top-section elementor-element elementor-element-b4347ba elementor-section-boxed elementor-section-height-default elementor-section-height-default\" data-id=\"b4347ba\" data-element_type=\"section\">\n\t\t\t\t\t\t<div class=\"elementor-container elementor-column-gap-default\">\n\t\t\t\t\t<div class=\"elementor-column elementor-col-100 elementor-top-column elementor-element elementor-element-04897a7\" data-id=\"04897a7\" data-element_type=\"column\">\n\t\t\t<div class=\"elementor-widget-wrap elementor-element-populated\">\n\t\t\t\t\t\t<div class=\"elementor-element elementor-element-2b7153b elementor-widget elementor-widget-heading\" data-id=\"2b7153b\" data-element_type=\"widget\" data-widget_type=\"heading.default\">\n\t\t\t\t<div class=\"elementor-widget-container\">\n\t\t\t\t\t<h2 class=\"elementor-heading-title elementor-size-default\">Start-Up-Teams in Kooperations mit Flix<\/h2>\t\t\t\t<\/div>\n\t\t\t\t<\/div>\n\t\t\t\t<div class=\"elementor-element elementor-element-a368178 elementor-widget elementor-widget-text-editor\" data-id=\"a368178\" data-element_type=\"widget\" data-widget_type=\"text-editor.default\">\n\t\t\t\t<div class=\"elementor-widget-container\">\n\t\t\t\t\t\t\t\t\t<p><span style=\"font-family: arial black, sans-serif;\">Hier werden die Start-Up-Teams der Hochschule D\u00fcsseldorf, die mit uns in Kooperation sind. vorgestellt. Diese Teams arbeiten auch an interessanten und innovativen Ideen, die jedoch schon gegr\u00fcndet haben oder kurz davor sind zu gr\u00fcnden.<\/span><\/p>\t\t\t\t\t\t\t\t<\/div>\n\t\t\t\t<\/div>\n\t\t\t\t\t<\/div>\n\t\t<\/div>\n\t\t\t\t\t<\/div>\n\t\t<\/section>\n\t\t\t\t<section class=\"elementor-section elementor-top-section elementor-element elementor-element-a49a7eb elementor-section-boxed elementor-section-height-default elementor-section-height-default\" data-id=\"a49a7eb\" data-element_type=\"section\">\n\t\t\t\t\t\t<div class=\"elementor-container elementor-column-gap-default\">\n\t\t\t\t\t<div class=\"elementor-column elementor-col-100 elementor-top-column elementor-element elementor-element-639b5f1\" data-id=\"639b5f1\" data-element_type=\"column\">\n\t\t\t<div class=\"elementor-widget-wrap elementor-element-populated\">\n\t\t\t\t\t\t<div class=\"elementor-element elementor-element-7682143 elementor-widget-divider--view-line elementor-widget elementor-widget-divider\" data-id=\"7682143\" data-element_type=\"widget\" data-widget_type=\"divider.default\">\n\t\t\t\t<div class=\"elementor-widget-container\">\n\t\t\t\t\t\t\t<div class=\"elementor-divider\">\n\t\t\t<span class=\"elementor-divider-separator\">\n\t\t\t\t\t\t<\/span>\n\t\t<\/div>\n\t\t\t\t\t\t<\/div>\n\t\t\t\t<\/div>\n\t\t\t\t\t<\/div>\n\t\t<\/div>\n\t\t\t\t\t<\/div>\n\t\t<\/section>\n\t\t\t\t<section class=\"elementor-section elementor-top-section elementor-element elementor-element-dcdb651 elementor-section-boxed elementor-section-height-default elementor-section-height-default\" data-id=\"dcdb651\" data-element_type=\"section\">\n\t\t\t\t\t\t<div class=\"elementor-container elementor-column-gap-default\">\n\t\t\t\t\t<div class=\"elementor-column elementor-col-100 elementor-top-column elementor-element elementor-element-6818d14\" data-id=\"6818d14\" data-element_type=\"column\">\n\t\t\t<div class=\"elementor-widget-wrap\">\n\t\t\t\t\t\t\t<\/div>\n\t\t<\/div>\n\t\t\t\t\t<\/div>\n\t\t<\/section>\n\t\t\t\t<section class=\"elementor-section elementor-top-section elementor-element elementor-element-970125e elementor-section-boxed elementor-section-height-default elementor-section-height-default\" data-id=\"970125e\" data-element_type=\"section\">\n\t\t\t\t\t\t<div class=\"elementor-container elementor-column-gap-default\">\n\t\t\t\t\t<div class=\"elementor-column elementor-col-100 elementor-top-column elementor-element elementor-element-808f35d\" data-id=\"808f35d\" data-element_type=\"column\">\n\t\t\t<div class=\"elementor-widget-wrap elementor-element-populated\">\n\t\t\t\t\t\t<div class=\"elementor-element elementor-element-64ab59c elementor-widget-divider--view-line elementor-widget elementor-widget-divider\" data-id=\"64ab59c\" data-element_type=\"widget\" data-widget_type=\"divider.default\">\n\t\t\t\t<div class=\"elementor-widget-container\">\n\t\t\t\t\t\t\t<div class=\"elementor-divider\">\n\t\t\t<span class=\"elementor-divider-separator\">\n\t\t\t\t\t\t<\/span>\n\t\t<\/div>\n\t\t\t\t\t\t<\/div>\n\t\t\t\t<\/div>\n\t\t\t\t\t<\/div>\n\t\t<\/div>\n\t\t\t\t\t<\/div>\n\t\t<\/section>\n\t\t\t\t<section class=\"elementor-section elementor-top-section elementor-element elementor-element-36be2d5 elementor-section-boxed elementor-section-height-default elementor-section-height-default\" data-id=\"36be2d5\" data-element_type=\"section\">\n\t\t\t\t\t\t<div class=\"elementor-container elementor-column-gap-default\">\n\t\t\t\t\t<div class=\"elementor-column elementor-col-100 elementor-top-column elementor-element elementor-element-6a936dc\" data-id=\"6a936dc\" data-element_type=\"column\">\n\t\t\t<div class=\"elementor-widget-wrap elementor-element-populated\">\n\t\t\t\t\t\t<div class=\"elementor-element elementor-element-e13b5c1 elementor-widget elementor-widget-wp-widget-wpforms-widget\" data-id=\"e13b5c1\" data-element_type=\"widget\" data-widget_type=\"wp-widget-wpforms-widget.default\">\n\t\t\t\t<div class=\"elementor-widget-container\">\n\t\t\t\t\t<div class=\"wpforms-container wpforms-container-full\" id=\"wpforms-1481\"><form id=\"wpforms-form-1481\" class=\"wpforms-validate wpforms-form\" data-formid=\"1481\" method=\"post\" enctype=\"multipart\/form-data\" action=\"\/en\/wp-json\/wp\/v2\/pages\/1170\" data-token=\"e731f9eb7a48304a13cbed47fa054c74\" data-token-time=\"1776801531\" data-trp-original-action=\"\/en\/wp-json\/wp\/v2\/pages\/1170\"><div class=\"wpforms-head-container\"><\/div><noscript class=\"wpforms-error-noscript\">Please enable JavaScript in your browser to complete this form.<\/noscript><div class=\"wpforms-field-container\"><div id=\"wpforms-1481-field_1-container\" class=\"wpforms-field wpforms-field-name wpforms-one-half wpforms-first wpforms-one-fourth\" data-field-id=\"1\"><label class=\"wpforms-field-label\" for=\"wpforms-1481-field_1\">Das Unternehemen  <span class=\"wpforms-required-label\">*<\/span><\/label><input type=\"text\" id=\"wpforms-1481-field_1\" class=\"wpforms-field-large wpforms-field-required\" name=\"wpforms[fields][1]\" placeholder=\"Produktname\/Firmenname \" required><div class=\"wpforms-field-description\">Bitte geben Sie hier den Unternehmensname ein.  <\/div><\/div><div id=\"wpforms-1481-field_13-container\" class=\"wpforms-field wpforms-field-select\" data-field-id=\"13\"><label class=\"wpforms-field-label\" for=\"wpforms-1481-field_13\">Status  <span class=\"wpforms-required-label\">*<\/span><\/label><select id=\"wpforms-1481-field_13\" class=\"wpforms-field-medium wpforms-field-required\" name=\"wpforms[fields][13]\" required=\"required\"><option value=\"Start-Up Unternehmessimulation \"  class=\"choice-1 depth-1\"  >Start-Up Unternehmessimulation<\/option><option value=\"Start-Up in der Gr\u00fcndung bzw. gegr\u00fcndet\"  class=\"choice-2 depth-1\"  >Start-Up in der Gr\u00fcndung bzw. gegr\u00fcndet<\/option><\/select><div class=\"wpforms-field-description\">Geben Sie den Status des Start-Ups an.  <\/div><\/div><div id=\"wpforms-1481-field_15-container\" class=\"wpforms-field wpforms-field-text\" data-field-id=\"15\"><label class=\"wpforms-field-label\" for=\"wpforms-1481-field_15\">Wenn aus Unternehmenssimulation, dann geben Sie noch das Jahr an, wann Sie angefangen haben. <\/label><input type=\"text\" id=\"wpforms-1481-field_15\" class=\"wpforms-field-small\" name=\"wpforms[fields][15]\" placeholder=\"20xx\" ><\/div><div id=\"wpforms-1481-field_3-container\" class=\"wpforms-field wpforms-field-name\" data-field-id=\"3\"><label class=\"wpforms-field-label\">Das Team <span class=\"wpforms-required-label\">*<\/span><\/label><div class=\"wpforms-field-row wpforms-field-small\"><div class=\"wpforms-field-row-block wpforms-first wpforms-one-half\"><input type=\"text\" id=\"wpforms-1481-field_3\" class=\"wpforms-field-name-first wpforms-field-required\" name=\"wpforms[fields][3][first]\" required><label for=\"wpforms-1481-field_3\" class=\"wpforms-field-sublabel after\">First<\/label><\/div><div class=\"wpforms-field-row-block wpforms-one-half\"><input type=\"text\" id=\"wpforms-1481-field_3-last\" class=\"wpforms-field-name-last wpforms-field-required\" name=\"wpforms[fields][3][last]\" required><label for=\"wpforms-1481-field_3-last\" class=\"wpforms-field-sublabel after\">Last<\/label><\/div><\/div><div class=\"wpforms-field-description\">Bitte geben Sie hier die Namen der Teammitglieder an. <\/div><\/div><div id=\"wpforms-1481-field_4-container\" class=\"wpforms-field wpforms-field-name\" data-field-id=\"4\"><label class=\"wpforms-field-label wpforms-label-hide\">Name <span class=\"wpforms-required-label\">*<\/span><\/label><div class=\"wpforms-field-row wpforms-field-small\"><div class=\"wpforms-field-row-block wpforms-first wpforms-one-half\"><input type=\"text\" id=\"wpforms-1481-field_4\" class=\"wpforms-field-name-first wpforms-field-required\" name=\"wpforms[fields][4][first]\" required><label for=\"wpforms-1481-field_4\" class=\"wpforms-field-sublabel after\">First<\/label><\/div><div class=\"wpforms-field-row-block wpforms-one-half\"><input type=\"text\" id=\"wpforms-1481-field_4-last\" class=\"wpforms-field-name-last wpforms-field-required\" name=\"wpforms[fields][4][last]\" required><label for=\"wpforms-1481-field_4-last\" class=\"wpforms-field-sublabel after\">Last<\/label><\/div><\/div><\/div><div id=\"wpforms-1481-field_6-container\" class=\"wpforms-field wpforms-field-name\" data-field-id=\"6\"><label class=\"wpforms-field-label wpforms-label-hide\">Name<\/label><div class=\"wpforms-field-row wpforms-field-small\"><div class=\"wpforms-field-row-block wpforms-first wpforms-one-half\"><input type=\"text\" id=\"wpforms-1481-field_6\" class=\"wpforms-field-name-first\" name=\"wpforms[fields][6][first]\" ><label for=\"wpforms-1481-field_6\" class=\"wpforms-field-sublabel after\">First<\/label><\/div><div class=\"wpforms-field-row-block wpforms-one-half\"><input type=\"text\" id=\"wpforms-1481-field_6-last\" class=\"wpforms-field-name-last\" name=\"wpforms[fields][6][last]\" ><label for=\"wpforms-1481-field_6-last\" class=\"wpforms-field-sublabel after\">Last<\/label><\/div><\/div><\/div><div id=\"wpforms-1481-field_7-container\" class=\"wpforms-field wpforms-field-name\" data-field-id=\"7\"><label class=\"wpforms-field-label wpforms-label-hide\">Name<\/label><div class=\"wpforms-field-row wpforms-field-small\"><div class=\"wpforms-field-row-block wpforms-first wpforms-one-half\"><input type=\"text\" id=\"wpforms-1481-field_7\" class=\"wpforms-field-name-first\" name=\"wpforms[fields][7][first]\" ><label for=\"wpforms-1481-field_7\" class=\"wpforms-field-sublabel after\">First<\/label><\/div><div class=\"wpforms-field-row-block wpforms-one-half\"><input type=\"text\" id=\"wpforms-1481-field_7-last\" class=\"wpforms-field-name-last\" name=\"wpforms[fields][7][last]\" ><label for=\"wpforms-1481-field_7-last\" class=\"wpforms-field-sublabel after\">Last<\/label><\/div><\/div><\/div><div id=\"wpforms-1481-field_8-container\" class=\"wpforms-field wpforms-field-name\" data-field-id=\"8\"><label class=\"wpforms-field-label wpforms-label-hide\">Name<\/label><div class=\"wpforms-field-row wpforms-field-small\"><div class=\"wpforms-field-row-block wpforms-first wpforms-one-half\"><input type=\"text\" id=\"wpforms-1481-field_8\" class=\"wpforms-field-name-first\" name=\"wpforms[fields][8][first]\" ><label for=\"wpforms-1481-field_8\" class=\"wpforms-field-sublabel after\">First<\/label><\/div><div class=\"wpforms-field-row-block wpforms-one-half\"><input type=\"text\" id=\"wpforms-1481-field_8-last\" class=\"wpforms-field-name-last\" name=\"wpforms[fields][8][last]\" ><label for=\"wpforms-1481-field_8-last\" class=\"wpforms-field-sublabel after\">Last<\/label><\/div><\/div><\/div><div id=\"wpforms-1481-field_9-container\" class=\"wpforms-field wpforms-field-email\" data-field-id=\"9\"><label class=\"wpforms-field-label\" for=\"wpforms-1481-field_9\">E-Mail <span class=\"wpforms-required-label\">*<\/span><\/label><input type=\"email\" id=\"wpforms-1481-field_9\" class=\"wpforms-field-small wpforms-field-required\" name=\"wpforms[fields][9]\" spellcheck=\"false\" required><div class=\"wpforms-field-description\">Bitte geben Sie hier eine E-Mail Adresse ein.<\/div><\/div><div id=\"wpforms-1481-field_10-container\" class=\"wpforms-field wpforms-field-textarea\" data-field-id=\"10\"><label class=\"wpforms-field-label\" for=\"wpforms-1481-field_10\">Idee- \/ Produktvorstellung  <span class=\"wpforms-required-label\">*<\/span><\/label><textarea id=\"wpforms-1481-field_10\" class=\"wpforms-field-large wpforms-field-required\" name=\"wpforms[fields][10]\" required><\/textarea><\/div><\/div><!-- .wpforms-field-container --><div class=\"wpforms-field wpforms-field-hp\"><label for=\"wpforms-1481-field-hp\" class=\"wpforms-field-label\">Website<\/label><input type=\"text\" name=\"wpforms[hp]\" id=\"wpforms-1481-field-hp\" class=\"wpforms-field-medium\"><\/div><div class=\"wpforms-submit-container\" ><input type=\"hidden\" name=\"wpforms[id]\" value=\"1481\"><input type=\"hidden\" name=\"page_title\" value=\"\"><input type=\"hidden\" name=\"page_url\" value=\"https:\/\/flix-science.de\/en\/wp-json\/wp\/v2\/pages\/1170\"><input type=\"hidden\" name=\"url_referer\" value=\"\"><button type=\"submit\" name=\"wpforms[submit]\" id=\"wpforms-submit-1481\" class=\"wpforms-submit\" data-alt-text=\"Senden...\" data-submit-text=\"Absenden\" aria-live=\"assertive\" value=\"wpforms-submit\">Absenden<\/button><\/div><input type=\"hidden\" name=\"trp-form-language\" value=\"en\"\/><\/form><\/div>  <!-- .wpforms-container -->\t\t\t\t<\/div>\n\t\t\t\t<\/div>\n\t\t\t\t\t<\/div>\n\t\t<\/div>\n\t\t\t\t\t<\/div>\n\t\t<\/section>\n\t\t\t\t<\/div>","protected":false},"excerpt":{"rendered":"<p>In K\u00fcrze werden hier unsere Start-Up-Teams vorgestellt, die kurz vor oder in der Gr\u00fcndung sind und eifrig an ihren Ideen arbeiten.Sie haben eine innovative Idee und sich Gedanken gemacht selbstst\u00e4ndig t\u00e4tig zu sein. Dann melden Sie sich bei uns und f\u00fcllen Sie das unten angegebene Formular. Wir unterst\u00fctzen Sie bei Fragen \u00fcber Gr\u00fcndung, Entwicklung der &hellip; <\/p>\n<p class=\"link-more\"><a href=\"https:\/\/flix-science.de\/en\/start-up-teams\" class=\"more-link\">Continue reading<span class=\"screen-reader-text\"> &#8222;Start-Up Teams&#8220;<\/span><\/a><\/p>","protected":false},"author":1,"featured_media":0,"parent":0,"menu_order":0,"comment_status":"closed","ping_status":"closed","template":"elementor_header_footer","meta":{"footnotes":""},"class_list":["post-1170","page","type-page","status-publish","hentry"],"_links":{"self":[{"href":"https:\/\/flix-science.de\/en\/wp-json\/wp\/v2\/pages\/1170","targetHints":{"allow":["GET"]}}],"collection":[{"href":"https:\/\/flix-science.de\/en\/wp-json\/wp\/v2\/pages"}],"about":[{"href":"https:\/\/flix-science.de\/en\/wp-json\/wp\/v2\/types\/page"}],"author":[{"embeddable":true,"href":"https:\/\/flix-science.de\/en\/wp-json\/wp\/v2\/users\/1"}],"replies":[{"embeddable":true,"href":"https:\/\/flix-science.de\/en\/wp-json\/wp\/v2\/comments?post=1170"}],"version-history":[{"count":0,"href":"https:\/\/flix-science.de\/en\/wp-json\/wp\/v2\/pages\/1170\/revisions"}],"wp:attachment":[{"href":"https:\/\/flix-science.de\/en\/wp-json\/wp\/v2\/media?parent=1170"}],"curies":[{"name":"wp","href":"https:\/\/api.w.org\/{rel}","templated":true}]}}