{"id":1103,"date":"2019-11-25T09:58:33","date_gmt":"2019-11-25T09:58:33","guid":{"rendered":"https:\/\/flix-science.de\/?page_id=1103"},"modified":"2019-11-25T10:13:40","modified_gmt":"2019-11-25T10:13:40","slug":"impressum","status":"publish","type":"page","link":"https:\/\/flix-science.de\/en\/impressum","title":{"rendered":"Imprint"},"content":{"rendered":"<div data-elementor-type=\"wp-page\" data-elementor-id=\"1103\" class=\"elementor elementor-1103\">\n\t\t\t\t\t\t<section class=\"elementor-section elementor-top-section elementor-element elementor-element-3c06f40 elementor-section-boxed elementor-section-height-default elementor-section-height-default\" data-id=\"3c06f40\" data-element_type=\"section\">\n\t\t\t\t\t\t<div class=\"elementor-container elementor-column-gap-default\">\n\t\t\t\t\t<div class=\"elementor-column elementor-col-100 elementor-top-column elementor-element elementor-element-c99a8f3\" data-id=\"c99a8f3\" data-element_type=\"column\">\n\t\t\t<div class=\"elementor-widget-wrap elementor-element-populated\">\n\t\t\t\t\t\t<div class=\"elementor-element elementor-element-cd33e36 elementor-widget elementor-widget-text-editor\" data-id=\"cd33e36\" data-element_type=\"widget\" data-widget_type=\"text-editor.default\">\n\t\t\t\t<div class=\"elementor-widget-container\">\n\t\t\t\t\t\t\t\t\t<p><span style=\"font-size: 18pt;\"><strong>Imprint<\/strong><\/span><\/p><p><strong>Information according to \u00a7 5 TMG:<\/strong><\/p><p>Prof. Dr. -Ing. J\u00f6rg Niemann<br \/>M\u00fcnsterstr. 156<br \/>40476 D\u00fcsseldorf<\/p><p>Contact:<\/p><p>Fon: +49 211 4351 3519<br \/>E-Mail: flix@hs-duesseldorf.de<\/p><p><strong>VAT ID<\/strong><span id=\"ezoic-pub-ad-placeholder-113\" class=\"ezoic-adpicker-ad\"><\/span><\/p><p>VAT ID according to \u00a7 27 a Umsatzsteuergesetz:<\/p><p>DE-119432315<\/p><p><strong>Disclaimer of liability:<\/strong><\/p><p><strong>Liability for contents<\/strong><\/p><p>All contents of our website have been created with the greatest care and to the best of our knowledge. For the correctness, completeness and topicality of the contents we can take over however no guarantee. As a service provider we are responsible according to \u00a7 7 Abs.1 TMG for own contents on these sides after the general laws. According to \u00a7\u00a7 8 to 10 TMG we are not obliged as a service provider to monitor transmitted or stored third-party information or to investigate circumstances that indicate illegal activity. Obligations to remove or block the use of information in accordance with general laws remain unaffected by this.<\/p><p>However, liability in this respect is only possible from the point in time at which a concrete infringement of the law becomes known. As soon as we become aware of the above-mentioned infringements, we will remove these contents immediately.<\/p><p><strong>Disclaimer of liability for external links<\/strong><\/p><p>Our website contains links to external websites of third parties. We have no influence on the contents of these directly or indirectly linked websites. Therefore, we cannot guarantee the correctness of the contents of the \"external links\". The respective providers or operators (authors) of the pages are responsible for the contents of the external links.<\/p><p>The external links were checked for possible violations of the law at the time the links were created and were free of illegal content at the time the links were created. It is not possible to constantly check the content of external links without concrete evidence of a violation of the law. In the case of direct or indirect links to the websites of third parties which lie outside our area of responsibility, liability would only arise in the event that we become aware of the content and it would be technically possible and reasonable for us to prevent use in the event of illegal content.<\/p><p>This disclaimer is also valid within the own Internet presence \"<em>flix-science.de<\/em>\"and references from questioners, bloggers, guests of the discussion forum. For illegal, incorrect or incomplete contents and in particular for damages arising from the use or non-use of such information, only the service provider of the page to which reference was made is liable, not the person who merely refers to the respective publication via links.<\/p><p>If we become aware of infringements, we will remove the external links immediately.<\/p><p><strong>Copyright<\/strong><\/p><p>The contents and works published on our website are subject to German copyright law (<a class=\"ext\" href=\"https:\/\/www.gesetze-im-internet.de\/bundesrecht\/urhg\/gesamt.pdf\" target=\"_blank\" rel=\"noopener noreferrer\">http:\/\/www.gesetze-im-internet.de\/bundesrecht\/urhg\/gesamt.pdf<\/a>) . The duplication, processing, distribution and any kind of use of the intellectual property in the ideal and material view of the author outside the limits of copyright law require the prior written consent of the respective author within the meaning of copyright law (<a class=\"ext\" href=\"https:\/\/www.gesetze-im-internet.de\/bundesrecht\/urhg\/gesamt.pdf\" target=\"_blank\" rel=\"noopener noreferrer\">http:\/\/www.gesetze-im-internet.de\/bundesrecht\/urhg\/gesamt.pdf<\/a> ). Downloads and copies of this site are only allowed for private and non-commercial use. If the contents on our website have not been created by us, the copyrights of third parties must be observed. The contents of third parties are marked as such. Should you nevertheless become aware of a copyright infringement, please inform us accordingly. We will remove such content immediately upon becoming aware of any infringements.<\/p><p>This imprint was kindly made available to you <a href=\"https:\/\/www.jurarat.de\">by<\/a> www.jurarat.de<\/p>\t\t\t\t\t\t\t\t<\/div>\n\t\t\t\t<\/div>\n\t\t\t\t\t<\/div>\n\t\t<\/div>\n\t\t\t\t\t<\/div>\n\t\t<\/section>\n\t\t\t\t<\/div>","protected":false},"excerpt":{"rendered":"<p>Impressum Angaben gem. \u00a7 5 TMG: Prof. Dr. -Ing. J\u00f6rg NiemannM\u00fcnsterstr. 15640476 D\u00fcsseldorf Kontaktaufnahme: Telefon: +49 211 4351 3519E-Mail: flix@hs-duesseldorf.de Umsatzsteuer-ID Umsatzsteuer-Identifikationsnummer gem. \u00a7 27 a Umsatzsteuergesetz: DE-119432315 Haftungsausschluss &#8211; Disclaimer: Haftung f\u00fcr Inhalte Alle Inhalte unseres Internetauftritts wurden mit gr\u00f6\u00dfter Sorgfalt und nach bestem Gewissen erstellt. F\u00fcr die Richtigkeit, Vollst\u00e4ndigkeit und Aktualit\u00e4t der Inhalte &hellip; <\/p>\n<p class=\"link-more\"><a href=\"https:\/\/flix-science.de\/en\/impressum\" class=\"more-link\">Continue reading<span class=\"screen-reader-text\"> &#8222;Impressum&#8220;<\/span><\/a><\/p>","protected":false},"author":1,"featured_media":0,"parent":0,"menu_order":0,"comment_status":"closed","ping_status":"closed","template":"elementor_header_footer","meta":{"footnotes":""},"class_list":["post-1103","page","type-page","status-publish","hentry"],"_links":{"self":[{"href":"https:\/\/flix-science.de\/en\/wp-json\/wp\/v2\/pages\/1103","targetHints":{"allow":["GET"]}}],"collection":[{"href":"https:\/\/flix-science.de\/en\/wp-json\/wp\/v2\/pages"}],"about":[{"href":"https:\/\/flix-science.de\/en\/wp-json\/wp\/v2\/types\/page"}],"author":[{"embeddable":true,"href":"https:\/\/flix-science.de\/en\/wp-json\/wp\/v2\/users\/1"}],"replies":[{"embeddable":true,"href":"https:\/\/flix-science.de\/en\/wp-json\/wp\/v2\/comments?post=1103"}],"version-history":[{"count":0,"href":"https:\/\/flix-science.de\/en\/wp-json\/wp\/v2\/pages\/1103\/revisions"}],"wp:attachment":[{"href":"https:\/\/flix-science.de\/en\/wp-json\/wp\/v2\/media?parent=1103"}],"curies":[{"name":"wp","href":"https:\/\/api.w.org\/{rel}","templated":true}]}}