{"id":770,"date":"2019-11-13T14:13:49","date_gmt":"2019-11-13T14:13:49","guid":{"rendered":"https:\/\/flix-science.de\/?page_id=770"},"modified":"2022-12-09T16:42:25","modified_gmt":"2022-12-09T16:42:25","slug":"unternehmensplanspiel","status":"publish","type":"page","link":"https:\/\/flix-science.de\/de_de\/unternehmensplanspiel","title":{"rendered":"Unternehmensplanspiel"},"content":{"rendered":"\t\t<div data-elementor-type=\"wp-page\" data-elementor-id=\"770\" class=\"elementor elementor-770\">\n\t\t\t\t\t\t<section class=\"elementor-section elementor-top-section elementor-element elementor-element-9f8a3fe elementor-section-boxed elementor-section-height-default elementor-section-height-default\" data-id=\"9f8a3fe\" data-element_type=\"section\">\n\t\t\t\t\t\t<div class=\"elementor-container elementor-column-gap-default\">\n\t\t\t\t\t<div class=\"elementor-column elementor-col-100 elementor-top-column elementor-element elementor-element-990d749\" data-id=\"990d749\" data-element_type=\"column\">\n\t\t\t<div class=\"elementor-widget-wrap elementor-element-populated\">\n\t\t\t\t\t\t<div class=\"elementor-element elementor-element-861b269 elementor-widget elementor-widget-text-editor\" data-id=\"861b269\" data-element_type=\"widget\" data-widget_type=\"text-editor.default\">\n\t\t\t\t<div class=\"elementor-widget-container\">\n\t\t\t\t\t\t\t\t\t<h1><strong><span style=\"color: #003366;\">Projekt Unternehmensgr\u00fcndung<\/span><\/strong><\/h1>\t\t\t\t\t\t\t\t<\/div>\n\t\t\t\t<\/div>\n\t\t\t\t\t<\/div>\n\t\t<\/div>\n\t\t\t\t\t<\/div>\n\t\t<\/section>\n\t\t\t\t<section class=\"elementor-section elementor-top-section elementor-element elementor-element-37050d7 elementor-section-boxed elementor-section-height-default elementor-section-height-default\" data-id=\"37050d7\" data-element_type=\"section\">\n\t\t\t\t\t\t<div class=\"elementor-container elementor-column-gap-default\">\n\t\t\t\t\t<div class=\"elementor-column elementor-col-33 elementor-top-column elementor-element elementor-element-20a1cce\" data-id=\"20a1cce\" data-element_type=\"column\">\n\t\t\t<div class=\"elementor-widget-wrap elementor-element-populated\">\n\t\t\t\t\t\t<div class=\"elementor-element elementor-element-e187e48 elementor-widget elementor-widget-text-editor\" data-id=\"e187e48\" data-element_type=\"widget\" data-widget_type=\"text-editor.default\">\n\t\t\t\t<div class=\"elementor-widget-container\">\n\t\t\t\t\t\t\t\t\t<p><span style=\"color: #003366;\"><strong>Studiengang:<\/strong><\/span><\/p><p><span style=\"color: #003366;\"><strong>Semester:<\/strong><\/span><\/p><p><span style=\"color: #003366;\"><strong>Creditpoints:<\/strong><\/span><\/p><p><span style=\"color: #003366;\"><strong>Inhalte:<\/strong><\/span><\/p><p>\u00a0<\/p><p>\u00a0<\/p><p><strong><span style=\"color: #003366;\">Lernziel:<\/span><br \/><\/strong><\/p>\t\t\t\t\t\t\t\t<\/div>\n\t\t\t\t<\/div>\n\t\t\t\t\t<\/div>\n\t\t<\/div>\n\t\t\t\t<div class=\"elementor-column elementor-col-66 elementor-top-column elementor-element elementor-element-7954e3d\" data-id=\"7954e3d\" data-element_type=\"column\">\n\t\t\t<div class=\"elementor-widget-wrap elementor-element-populated\">\n\t\t\t\t\t\t<div class=\"elementor-element elementor-element-de5cf4e elementor-widget elementor-widget-text-editor\" data-id=\"de5cf4e\" data-element_type=\"widget\" data-widget_type=\"text-editor.default\">\n\t\t\t\t<div class=\"elementor-widget-container\">\n\t\t\t\t\t\t\t\t\t<p>B.Eng. Wirtschaftsingenieurswesen<\/p><p>6. Semester<\/p><p>6<\/p><ul><li><span id=\"page122R_mcid38\" class=\"markedContent\"><span dir=\"ltr\" role=\"presentation\">Einweisung in die Methodik des problembasierte<\/span><span dir=\"ltr\" role=\"presentation\">n Lernens (PBL) und des Flipped Class-<\/span><br role=\"presentation\" \/><span dir=\"ltr\" role=\"presentation\">room Konzep<\/span><\/span><span id=\"page122R_mcid38\" class=\"markedContent\"><span dir=\"ltr\" role=\"presentation\">tes<\/span><\/span><\/li><li><span id=\"page122R_mcid39\" class=\"markedContent\"><span dir=\"ltr\" role=\"presentation\">Konzeption und Ausarbeitung einer unternehmensnahen Problemstellung <\/span><\/span><\/li><\/ul><p>\u00a0<\/p><ul><li><span id=\"page122R_mcid28\" class=\"markedContent\"><span dir=\"ltr\" role=\"presentation\">Die einzelnen Bestandteile eines Businessplans zu benennen und beschreiben zu k\u00f6n-<\/span><br role=\"presentation\" \/><span dir=\"ltr\" role=\"presentation\">nen und <\/span><\/span><span id=\"page122R_mcid29\" class=\"markedContent\"><span dir=\"ltr\" role=\"presentation\">eigenst\u00e4ndig einen Businessplan f\u00fcr eine Ge<\/span><span dir=\"ltr\" role=\"presentation\">sch\u00e4ftsidee zu entwickeln und zu erstellen<\/span><\/span><\/li><li><span id=\"page122R_mcid33\" class=\"markedContent\"><span dir=\"ltr\" role=\"presentation\">Sie sind in der Lage, die Relevanz verschiedene Informationen zu erkennen und diese ei-<\/span><\/span><span id=\"page122R_mcid33\" class=\"markedContent\"><span dir=\"ltr\" role=\"presentation\">genst\u00e4ndig zu analysieren <\/span><\/span><\/li><\/ul><p>\u00a0<\/p>\t\t\t\t\t\t\t\t<\/div>\n\t\t\t\t<\/div>\n\t\t\t\t\t<\/div>\n\t\t<\/div>\n\t\t\t\t\t<\/div>\n\t\t<\/section>\n\t\t\t\t<section class=\"elementor-section elementor-top-section elementor-element elementor-element-3b6c0e9 elementor-section-boxed elementor-section-height-default elementor-section-height-default\" data-id=\"3b6c0e9\" data-element_type=\"section\">\n\t\t\t\t\t\t<div class=\"elementor-container elementor-column-gap-default\">\n\t\t\t\t\t<div class=\"elementor-column elementor-col-100 elementor-top-column elementor-element elementor-element-494f2b1\" data-id=\"494f2b1\" data-element_type=\"column\">\n\t\t\t<div class=\"elementor-widget-wrap elementor-element-populated\">\n\t\t\t\t\t\t<div class=\"elementor-element elementor-element-2467bc1 elementor-widget elementor-widget-text-editor\" data-id=\"2467bc1\" data-element_type=\"widget\" data-widget_type=\"text-editor.default\">\n\t\t\t\t<div class=\"elementor-widget-container\">\n\t\t\t\t\t\t\t\t\t<p><a href=\"https:\/\/mv.hs-duesseldorf.de\/studium\/studiengaenge\/bachelor-wirtschaftsingenieurwesen-maschinenbau\/Documents\/2022-08_WIM_PO%202021.pdf\"><em><span style=\"font-size: 12pt;\"><span style=\"color: #0000ff;\">F\u00fcr mehr Informationen klicke hier\u00a0<\/span><\/span><\/em><\/a><\/p>\t\t\t\t\t\t\t\t<\/div>\n\t\t\t\t<\/div>\n\t\t\t\t\t<\/div>\n\t\t<\/div>\n\t\t\t\t\t<\/div>\n\t\t<\/section>\n\t\t\t\t<\/div>\n\t\t","protected":false},"excerpt":{"rendered":"<p>Projekt Unternehmensgr\u00fcndung Studiengang: Semester: Creditpoints: Inhalte: \u00a0 \u00a0 Lernziel: B.Eng. Wirtschaftsingenieurswesen 6. Semester 6 Einweisung in die Methodik des problembasierten Lernens (PBL) und des Flipped Class-room Konzeptes Konzeption und Ausarbeitung einer unternehmensnahen Problemstellung \u00a0 Die einzelnen Bestandteile eines Businessplans zu benennen und beschreiben zu k\u00f6n-nen und eigenst\u00e4ndig einen Businessplan f\u00fcr eine Gesch\u00e4ftsidee zu entwickeln und &hellip; <\/p>\n<p class=\"link-more\"><a href=\"https:\/\/flix-science.de\/de_de\/unternehmensplanspiel\" class=\"more-link\"><span class=\"screen-reader-text\">\u201eUnternehmensplanspiel\u201c <\/span>weiterlesen<\/a><\/p>\n","protected":false},"author":1,"featured_media":0,"parent":0,"menu_order":0,"comment_status":"closed","ping_status":"closed","template":"elementor_header_footer","meta":{"footnotes":""},"class_list":["post-770","page","type-page","status-publish","hentry"],"_links":{"self":[{"href":"https:\/\/flix-science.de\/de_de\/wp-json\/wp\/v2\/pages\/770","targetHints":{"allow":["GET"]}}],"collection":[{"href":"https:\/\/flix-science.de\/de_de\/wp-json\/wp\/v2\/pages"}],"about":[{"href":"https:\/\/flix-science.de\/de_de\/wp-json\/wp\/v2\/types\/page"}],"author":[{"embeddable":true,"href":"https:\/\/flix-science.de\/de_de\/wp-json\/wp\/v2\/users\/1"}],"replies":[{"embeddable":true,"href":"https:\/\/flix-science.de\/de_de\/wp-json\/wp\/v2\/comments?post=770"}],"version-history":[{"count":0,"href":"https:\/\/flix-science.de\/de_de\/wp-json\/wp\/v2\/pages\/770\/revisions"}],"wp:attachment":[{"href":"https:\/\/flix-science.de\/de_de\/wp-json\/wp\/v2\/media?parent=770"}],"curies":[{"name":"wp","href":"https:\/\/api.w.org\/{rel}","templated":true}]}}