{"id":760,"date":"2019-11-13T13:37:42","date_gmt":"2019-11-13T13:37:42","guid":{"rendered":"https:\/\/flix-science.de\/?page_id=760"},"modified":"2019-11-25T09:34:10","modified_gmt":"2019-11-25T09:34:10","slug":"amerika","status":"publish","type":"page","link":"https:\/\/flix-science.de\/de_de\/amerika","title":{"rendered":"Amerika"},"content":{"rendered":"\t\t<div data-elementor-type=\"wp-page\" data-elementor-id=\"760\" class=\"elementor elementor-760\">\n\t\t\t\t\t\t<section class=\"elementor-section elementor-top-section elementor-element elementor-element-a83d1c8 elementor-section-boxed elementor-section-height-default elementor-section-height-default\" data-id=\"a83d1c8\" data-element_type=\"section\">\n\t\t\t\t\t\t<div class=\"elementor-container elementor-column-gap-default\">\n\t\t\t\t\t<div class=\"elementor-column elementor-col-100 elementor-top-column elementor-element elementor-element-15cd2bc\" data-id=\"15cd2bc\" data-element_type=\"column\">\n\t\t\t<div class=\"elementor-widget-wrap elementor-element-populated\">\n\t\t\t\t\t\t<div class=\"elementor-element elementor-element-09bfd60 elementor-widget elementor-widget-heading\" data-id=\"09bfd60\" data-element_type=\"widget\" data-widget_type=\"heading.default\">\n\t\t\t\t<div class=\"elementor-widget-container\">\n\t\t\t\t\t<h2 class=\"elementor-heading-title elementor-size-default\">USA<\/h2>\t\t\t\t<\/div>\n\t\t\t\t<\/div>\n\t\t\t\t<section class=\"elementor-section elementor-inner-section elementor-element elementor-element-27a9861 elementor-section-boxed elementor-section-height-default elementor-section-height-default\" data-id=\"27a9861\" data-element_type=\"section\">\n\t\t\t\t\t\t<div class=\"elementor-container elementor-column-gap-default\">\n\t\t\t\t\t<div class=\"elementor-column elementor-col-50 elementor-inner-column elementor-element elementor-element-e829553\" data-id=\"e829553\" data-element_type=\"column\">\n\t\t\t<div class=\"elementor-widget-wrap elementor-element-populated\">\n\t\t\t\t\t\t<div class=\"elementor-element elementor-element-8a371d0 elementor-widget elementor-widget-text-editor\" data-id=\"8a371d0\" data-element_type=\"widget\" data-widget_type=\"text-editor.default\">\n\t\t\t\t<div class=\"elementor-widget-container\">\n\t\t\t\t\t\t\t\t\t<p><span style=\"color: #ff0000;\">NEW !!\u00a0<\/span><span style=\"color: #808080; letter-spacing: 0.2px;\">Think Big ! Ab dem WS2020\/-21 bietet das FLiX auch einen Auslandsaufenthalt in den USA an. Genauer gesagt an der University of Maryland ganz in der N\u00e4he von Washington.<\/span><\/p><p><span style=\"color: #808080; letter-spacing: 0.2px;\">Die Lage ist ideal f\u00fcr jegliche Aktivit\u00e4ten. So sind Skigebiete, die Berge sowie 2 Ozeane zeitlich gut zu erreichen.<\/span><\/p><p><span style=\"color: #808080;\">Die University of Maryland (UMCP) ist bekannt f\u00fcr die hiesigen Football-\u00a0<span style=\"caret-color: #808080;\">sowie Baseball-Teams.\u00a0Zus\u00e4tzlich ist die Universit\u00e4t unter den Top10 Universit\u00e4ten des Landes im Bereich der &#8222;Innovation &amp; Entrepreneurship Education&#8220;.\u00a0<\/span><\/span><\/p><p><span style=\"color: #808080;\"><span style=\"caret-color: #808080;\">an der UMCP k\u00f6nnen unter anderem Abschlussarbeiten sowie Praxissemester absolviert werden. Die Themen hier richten sich nach aktuelle Forschungsthemen der UMCP.<\/span><\/span><\/p>\t\t\t\t\t\t\t\t<\/div>\n\t\t\t\t<\/div>\n\t\t\t\t\t<\/div>\n\t\t<\/div>\n\t\t\t\t<div class=\"elementor-column elementor-col-50 elementor-inner-column elementor-element elementor-element-8538fdb\" data-id=\"8538fdb\" data-element_type=\"column\">\n\t\t\t<div class=\"elementor-widget-wrap elementor-element-populated\">\n\t\t\t\t\t\t<div class=\"elementor-element elementor-element-68df8e6 elementor-widget elementor-widget-image\" data-id=\"68df8e6\" data-element_type=\"widget\" data-widget_type=\"image.default\">\n\t\t\t\t<div class=\"elementor-widget-container\">\n\t\t\t\t\t\t\t\t\t\t\t\t\t\t\t<img fetchpriority=\"high\" decoding=\"async\" width=\"525\" height=\"348\" src=\"https:\/\/flix-science.de\/wp-content\/uploads\/2019\/11\/usa-1641327_1920-1024x678.jpg\" class=\"attachment-large size-large wp-image-1007\" alt=\"\" srcset=\"https:\/\/flix-science.de\/wp-content\/uploads\/2019\/11\/usa-1641327_1920-1024x678.jpg 1024w, https:\/\/flix-science.de\/wp-content\/uploads\/2019\/11\/usa-1641327_1920-300x199.jpg 300w, https:\/\/flix-science.de\/wp-content\/uploads\/2019\/11\/usa-1641327_1920-768x509.jpg 768w, https:\/\/flix-science.de\/wp-content\/uploads\/2019\/11\/usa-1641327_1920-1536x1018.jpg 1536w, https:\/\/flix-science.de\/wp-content\/uploads\/2019\/11\/usa-1641327_1920.jpg 1920w\" sizes=\"100vw\" \/>\t\t\t\t\t\t\t\t\t\t\t\t\t\t\t<\/div>\n\t\t\t\t<\/div>\n\t\t\t\t\t<\/div>\n\t\t<\/div>\n\t\t\t\t\t<\/div>\n\t\t<\/section>\n\t\t\t\t\t<\/div>\n\t\t<\/div>\n\t\t\t\t\t<\/div>\n\t\t<\/section>\n\t\t\t\t<section class=\"elementor-section elementor-top-section elementor-element elementor-element-fcaf401 elementor-section-boxed elementor-section-height-default elementor-section-height-default\" data-id=\"fcaf401\" data-element_type=\"section\">\n\t\t\t\t\t\t<div class=\"elementor-container elementor-column-gap-default\">\n\t\t\t\t\t<div class=\"elementor-column elementor-col-100 elementor-top-column elementor-element elementor-element-d17e933\" data-id=\"d17e933\" data-element_type=\"column\">\n\t\t\t<div class=\"elementor-widget-wrap elementor-element-populated\">\n\t\t\t\t\t\t<section class=\"elementor-section elementor-inner-section elementor-element elementor-element-7e7a55b elementor-section-boxed elementor-section-height-default elementor-section-height-default\" data-id=\"7e7a55b\" data-element_type=\"section\">\n\t\t\t\t\t\t<div class=\"elementor-container elementor-column-gap-default\">\n\t\t\t\t\t<div class=\"elementor-column elementor-col-50 elementor-inner-column elementor-element elementor-element-dda6572\" data-id=\"dda6572\" data-element_type=\"column\">\n\t\t\t<div class=\"elementor-widget-wrap elementor-element-populated\">\n\t\t\t\t\t\t<div class=\"elementor-element elementor-element-82ce6e4 elementor-widget elementor-widget-image\" data-id=\"82ce6e4\" data-element_type=\"widget\" data-widget_type=\"image.default\">\n\t\t\t\t<div class=\"elementor-widget-container\">\n\t\t\t\t\t\t\t\t\t\t\t\t\t\t\t<img decoding=\"async\" width=\"525\" height=\"350\" src=\"https:\/\/flix-science.de\/wp-content\/uploads\/2019\/11\/george-washington-bridge-2098351_1920-1024x682.jpg\" class=\"attachment-large size-large wp-image-1006\" alt=\"\" srcset=\"https:\/\/flix-science.de\/wp-content\/uploads\/2019\/11\/george-washington-bridge-2098351_1920-1024x682.jpg 1024w, https:\/\/flix-science.de\/wp-content\/uploads\/2019\/11\/george-washington-bridge-2098351_1920-300x200.jpg 300w, https:\/\/flix-science.de\/wp-content\/uploads\/2019\/11\/george-washington-bridge-2098351_1920-768x512.jpg 768w, https:\/\/flix-science.de\/wp-content\/uploads\/2019\/11\/george-washington-bridge-2098351_1920-1536x1023.jpg 1536w, https:\/\/flix-science.de\/wp-content\/uploads\/2019\/11\/george-washington-bridge-2098351_1920.jpg 1920w\" sizes=\"100vw\" \/>\t\t\t\t\t\t\t\t\t\t\t\t\t\t\t<\/div>\n\t\t\t\t<\/div>\n\t\t\t\t\t<\/div>\n\t\t<\/div>\n\t\t\t\t<div class=\"elementor-column elementor-col-50 elementor-inner-column elementor-element elementor-element-98b0f83\" data-id=\"98b0f83\" data-element_type=\"column\">\n\t\t\t<div class=\"elementor-widget-wrap elementor-element-populated\">\n\t\t\t\t\t\t<div class=\"elementor-element elementor-element-38b24f1 elementor-widget elementor-widget-text-editor\" data-id=\"38b24f1\" data-element_type=\"widget\" data-widget_type=\"text-editor.default\">\n\t\t\t\t<div class=\"elementor-widget-container\">\n\t\t\t\t\t\t\t\t\t<ul><li>Amerika verteilt sich \u00fcber 9,8 Mio. Km<sup>2<\/sup><\/li><li>Einwohner 327,2 Mio.<\/li><li>Hauptstadt Washington D.C.<\/li><li>Visum erforderlich<\/li><li>Stipendium m\u00f6glich<\/li><li>Kosten gesamt: 5.000 &#8211; 10.000\u20ac (f\u00fcr 6 Monate)<\/li><li>2-4 zu vergebende Pl\u00e4tze<\/li><\/ul>\t\t\t\t\t\t\t\t<\/div>\n\t\t\t\t<\/div>\n\t\t\t\t\t<\/div>\n\t\t<\/div>\n\t\t\t\t\t<\/div>\n\t\t<\/section>\n\t\t\t\t\t<\/div>\n\t\t<\/div>\n\t\t\t\t\t<\/div>\n\t\t<\/section>\n\t\t\t\t<\/div>\n\t\t","protected":false},"excerpt":{"rendered":"<p>USA NEW !!\u00a0Think Big ! Ab dem WS2020\/-21 bietet das FLiX auch einen Auslandsaufenthalt in den USA an. Genauer gesagt an der University of Maryland ganz in der N\u00e4he von Washington. Die Lage ist ideal f\u00fcr jegliche Aktivit\u00e4ten. So sind Skigebiete, die Berge sowie 2 Ozeane zeitlich gut zu erreichen. Die University of Maryland (UMCP) &hellip; <\/p>\n<p class=\"link-more\"><a href=\"https:\/\/flix-science.de\/de_de\/amerika\" class=\"more-link\"><span class=\"screen-reader-text\">\u201eAmerika\u201c <\/span>weiterlesen<\/a><\/p>\n","protected":false},"author":1,"featured_media":0,"parent":0,"menu_order":0,"comment_status":"closed","ping_status":"closed","template":"elementor_header_footer","meta":{"footnotes":""},"class_list":["post-760","page","type-page","status-publish","hentry"],"_links":{"self":[{"href":"https:\/\/flix-science.de\/de_de\/wp-json\/wp\/v2\/pages\/760","targetHints":{"allow":["GET"]}}],"collection":[{"href":"https:\/\/flix-science.de\/de_de\/wp-json\/wp\/v2\/pages"}],"about":[{"href":"https:\/\/flix-science.de\/de_de\/wp-json\/wp\/v2\/types\/page"}],"author":[{"embeddable":true,"href":"https:\/\/flix-science.de\/de_de\/wp-json\/wp\/v2\/users\/1"}],"replies":[{"embeddable":true,"href":"https:\/\/flix-science.de\/de_de\/wp-json\/wp\/v2\/comments?post=760"}],"version-history":[{"count":0,"href":"https:\/\/flix-science.de\/de_de\/wp-json\/wp\/v2\/pages\/760\/revisions"}],"wp:attachment":[{"href":"https:\/\/flix-science.de\/de_de\/wp-json\/wp\/v2\/media?parent=760"}],"curies":[{"name":"wp","href":"https:\/\/api.w.org\/{rel}","templated":true}]}}