{"id":715,"date":"2019-10-21T09:35:51","date_gmt":"2019-10-21T09:35:51","guid":{"rendered":"https:\/\/flix-science.de\/?page_id=715"},"modified":"2020-10-13T07:25:42","modified_gmt":"2020-10-13T07:25:42","slug":"rumaenien","status":"publish","type":"page","link":"https:\/\/flix-science.de\/de_de\/rumaenien","title":{"rendered":"Rum\u00e4nien"},"content":{"rendered":"\t\t<div data-elementor-type=\"wp-page\" data-elementor-id=\"715\" class=\"elementor elementor-715\">\n\t\t\t\t\t\t<section class=\"elementor-section elementor-top-section elementor-element elementor-element-50fd194 elementor-section-boxed elementor-section-height-default elementor-section-height-default\" data-id=\"50fd194\" data-element_type=\"section\">\n\t\t\t\t\t\t<div class=\"elementor-container elementor-column-gap-default\">\n\t\t\t\t\t<div class=\"elementor-column elementor-col-100 elementor-top-column elementor-element elementor-element-4959ca7\" data-id=\"4959ca7\" data-element_type=\"column\">\n\t\t\t<div class=\"elementor-widget-wrap elementor-element-populated\">\n\t\t\t\t\t\t<div class=\"elementor-element elementor-element-bd4e611 elementor-widget elementor-widget-heading\" data-id=\"bd4e611\" data-element_type=\"widget\" data-widget_type=\"heading.default\">\n\t\t\t\t<div class=\"elementor-widget-container\">\n\t\t\t\t\t<h2 class=\"elementor-heading-title elementor-size-default\">Rum\u00e4nien<\/h2>\t\t\t\t<\/div>\n\t\t\t\t<\/div>\n\t\t\t\t<section class=\"elementor-section elementor-inner-section elementor-element elementor-element-640bc59 elementor-section-boxed elementor-section-height-default elementor-section-height-default\" data-id=\"640bc59\" data-element_type=\"section\">\n\t\t\t\t\t\t<div class=\"elementor-container elementor-column-gap-default\">\n\t\t\t\t\t<div class=\"elementor-column elementor-col-50 elementor-inner-column elementor-element elementor-element-a09d700\" data-id=\"a09d700\" data-element_type=\"column\">\n\t\t\t<div class=\"elementor-widget-wrap elementor-element-populated\">\n\t\t\t\t\t\t<div class=\"elementor-element elementor-element-9b24751 elementor-widget elementor-widget-text-editor\" data-id=\"9b24751\" data-element_type=\"widget\" data-widget_type=\"text-editor.default\">\n\t\t\t\t<div class=\"elementor-widget-container\">\n\t\t\t\t\t\t\t\t\t<p>Sie sind eher der Landschafts-Typ und gehen gerne wandern sowie genie\u00dfen die Natur ? Dann ist Rum\u00e4nien genau das Richtige f\u00fcr Sie!<\/p><p>Die Universit\u00e4t von Cluj-Napoca liegt im Nord-Westen des Landes umgeben von Bergen und T\u00e4lern. Auch Ausfl\u00fcge nach Ungarn oder ans schwarze Meer bieten sich an.<\/p><p><span style=\"letter-spacing: 0.2px;\">An der Universit\u00e4t von Cluj-Napoca k\u00f6nnen sowohl Praxissemester also auch Abschlussarbeiten in den vielseitigen Bereichen der Robotik und des Product-Life-Cycle Managements absolviert werden.<\/span><\/p><p>Das Besondere an der Universit\u00e4t von Cluj-Napoca ist, dass Prof. Dr. Niemann hier zum Honorary Professor berufen wurde und somit an dieser Universit\u00e4t unterrichten darf.<\/p><p><span style=\"letter-spacing: 0.2px;\">\u00a0<\/span><\/p>\t\t\t\t\t\t\t\t<\/div>\n\t\t\t\t<\/div>\n\t\t\t\t\t<\/div>\n\t\t<\/div>\n\t\t\t\t<div class=\"elementor-column elementor-col-50 elementor-inner-column elementor-element elementor-element-44a565e\" data-id=\"44a565e\" data-element_type=\"column\">\n\t\t\t<div class=\"elementor-widget-wrap elementor-element-populated\">\n\t\t\t\t\t\t<div class=\"elementor-element elementor-element-2d60a38 elementor-widget elementor-widget-image\" data-id=\"2d60a38\" data-element_type=\"widget\" data-widget_type=\"image.default\">\n\t\t\t\t<div class=\"elementor-widget-container\">\n\t\t\t\t\t\t\t\t\t\t\t\t\t\t\t<img fetchpriority=\"high\" decoding=\"async\" width=\"525\" height=\"350\" src=\"https:\/\/flix-science.de\/wp-content\/uploads\/2019\/11\/mountain-2641934_1920-1024x683.jpg\" class=\"attachment-large size-large wp-image-992\" alt=\"\" srcset=\"https:\/\/flix-science.de\/wp-content\/uploads\/2019\/11\/mountain-2641934_1920-1024x683.jpg 1024w, https:\/\/flix-science.de\/wp-content\/uploads\/2019\/11\/mountain-2641934_1920-300x200.jpg 300w, https:\/\/flix-science.de\/wp-content\/uploads\/2019\/11\/mountain-2641934_1920-768x512.jpg 768w, https:\/\/flix-science.de\/wp-content\/uploads\/2019\/11\/mountain-2641934_1920-1536x1024.jpg 1536w, https:\/\/flix-science.de\/wp-content\/uploads\/2019\/11\/mountain-2641934_1920.jpg 1920w\" sizes=\"100vw\" \/>\t\t\t\t\t\t\t\t\t\t\t\t\t\t\t<\/div>\n\t\t\t\t<\/div>\n\t\t\t\t\t<\/div>\n\t\t<\/div>\n\t\t\t\t\t<\/div>\n\t\t<\/section>\n\t\t\t\t\t<\/div>\n\t\t<\/div>\n\t\t\t\t\t<\/div>\n\t\t<\/section>\n\t\t\t\t<section class=\"elementor-section elementor-top-section elementor-element elementor-element-dc1bff2 elementor-section-boxed elementor-section-height-default elementor-section-height-default\" data-id=\"dc1bff2\" data-element_type=\"section\">\n\t\t\t\t\t\t<div class=\"elementor-container elementor-column-gap-default\">\n\t\t\t\t\t<div class=\"elementor-column elementor-col-100 elementor-top-column elementor-element elementor-element-4a1423f\" data-id=\"4a1423f\" data-element_type=\"column\">\n\t\t\t<div class=\"elementor-widget-wrap elementor-element-populated\">\n\t\t\t\t\t\t<section class=\"elementor-section elementor-inner-section elementor-element elementor-element-01df1e8 elementor-section-boxed elementor-section-height-default elementor-section-height-default\" data-id=\"01df1e8\" data-element_type=\"section\">\n\t\t\t\t\t\t<div class=\"elementor-container elementor-column-gap-default\">\n\t\t\t\t\t<div class=\"elementor-column elementor-col-50 elementor-inner-column elementor-element elementor-element-820db78\" data-id=\"820db78\" data-element_type=\"column\">\n\t\t\t<div class=\"elementor-widget-wrap elementor-element-populated\">\n\t\t\t\t\t\t<div class=\"elementor-element elementor-element-11be292 elementor-widget elementor-widget-image\" data-id=\"11be292\" data-element_type=\"widget\" data-widget_type=\"image.default\">\n\t\t\t\t<div class=\"elementor-widget-container\">\n\t\t\t\t\t\t\t\t\t\t\t\t\t\t\t<img decoding=\"async\" width=\"525\" height=\"350\" src=\"https:\/\/flix-science.de\/wp-content\/uploads\/2019\/11\/sibiu-1540549_1920-1024x683.jpg\" class=\"attachment-large size-large wp-image-993\" alt=\"\" srcset=\"https:\/\/flix-science.de\/wp-content\/uploads\/2019\/11\/sibiu-1540549_1920-1024x683.jpg 1024w, https:\/\/flix-science.de\/wp-content\/uploads\/2019\/11\/sibiu-1540549_1920-300x200.jpg 300w, https:\/\/flix-science.de\/wp-content\/uploads\/2019\/11\/sibiu-1540549_1920-768x512.jpg 768w, https:\/\/flix-science.de\/wp-content\/uploads\/2019\/11\/sibiu-1540549_1920-1536x1024.jpg 1536w, https:\/\/flix-science.de\/wp-content\/uploads\/2019\/11\/sibiu-1540549_1920.jpg 1920w\" sizes=\"100vw\" \/>\t\t\t\t\t\t\t\t\t\t\t\t\t\t\t<\/div>\n\t\t\t\t<\/div>\n\t\t\t\t\t<\/div>\n\t\t<\/div>\n\t\t\t\t<div class=\"elementor-column elementor-col-50 elementor-inner-column elementor-element elementor-element-1343715\" data-id=\"1343715\" data-element_type=\"column\">\n\t\t\t<div class=\"elementor-widget-wrap elementor-element-populated\">\n\t\t\t\t\t\t<div class=\"elementor-element elementor-element-b1fbd3d elementor-widget elementor-widget-text-editor\" data-id=\"b1fbd3d\" data-element_type=\"widget\" data-widget_type=\"text-editor.default\">\n\t\t\t\t<div class=\"elementor-widget-container\">\n\t\t\t\t\t\t\t\t\t<ul style=\"list-style-type: disc;\"><li><span style=\"font-family: georgia, palatino, serif; font-size: 12pt;\">Rum\u00e4nien verteilt sich auf eine Fl\u00e4che von 238.397 Km<sup>2<\/sup><\/span><\/li><li><span style=\"font-family: arial, helvetica, sans-serif;\">1<span style=\"font-family: georgia, palatino, serif; font-size: 12pt;\">9,52 Mio Einwohner\u00a0<\/span><\/span><\/li><li><span style=\"font-family: arial, helvetica, sans-serif;\"><span style=\"font-family: georgia, palatino, serif; font-size: 12pt;\">\u00a0Hauptstadt Bukarest<\/span><\/span><\/li><li><span style=\"font-family: arial, helvetica, sans-serif;\"><span style=\"font-family: georgia, palatino, serif; font-size: 12pt;\">\u00a0Kosten gesamt ca. 5000-6000\u20ac (f\u00fcr 6 Monate)<\/span><\/span><\/li><\/ul>\t\t\t\t\t\t\t\t<\/div>\n\t\t\t\t<\/div>\n\t\t\t\t\t<\/div>\n\t\t<\/div>\n\t\t\t\t\t<\/div>\n\t\t<\/section>\n\t\t\t\t\t<\/div>\n\t\t<\/div>\n\t\t\t\t\t<\/div>\n\t\t<\/section>\n\t\t\t\t<section class=\"elementor-section elementor-top-section elementor-element elementor-element-bfd9302 elementor-section-boxed elementor-section-height-default elementor-section-height-default\" data-id=\"bfd9302\" data-element_type=\"section\">\n\t\t\t\t\t\t<div class=\"elementor-container elementor-column-gap-default\">\n\t\t\t\t\t<div class=\"elementor-column elementor-col-100 elementor-top-column elementor-element elementor-element-161f7ec\" data-id=\"161f7ec\" data-element_type=\"column\">\n\t\t\t<div class=\"elementor-widget-wrap elementor-element-populated\">\n\t\t\t\t\t\t<div class=\"elementor-element elementor-element-243d8a6 elementor-widget elementor-widget-text-editor\" data-id=\"243d8a6\" data-element_type=\"widget\" data-widget_type=\"text-editor.default\">\n\t\t\t\t<div class=\"elementor-widget-container\">\n\t\t\t\t\t\t\t\t\t<p><strong>Weitere Informationen finden Sie in folgendem Dokument:<\/strong><\/p><p><a href=\"https:\/\/flix-science.de\/wp-content\/uploads\/2020\/10\/Auslandsaufenthalt-Rumaenien_161206.pdf\"><span style=\"color: #0000ff;\">L\u00e4nderbericht Rum\u00e4nien<\/span><\/a><\/p>\t\t\t\t\t\t\t\t<\/div>\n\t\t\t\t<\/div>\n\t\t\t\t\t<\/div>\n\t\t<\/div>\n\t\t\t\t\t<\/div>\n\t\t<\/section>\n\t\t\t\t<\/div>\n\t\t","protected":false},"excerpt":{"rendered":"<p>Rum\u00e4nien Sie sind eher der Landschafts-Typ und gehen gerne wandern sowie genie\u00dfen die Natur ? Dann ist Rum\u00e4nien genau das Richtige f\u00fcr Sie! Die Universit\u00e4t von Cluj-Napoca liegt im Nord-Westen des Landes umgeben von Bergen und T\u00e4lern. Auch Ausfl\u00fcge nach Ungarn oder ans schwarze Meer bieten sich an. An der Universit\u00e4t von Cluj-Napoca k\u00f6nnen sowohl &hellip; <\/p>\n<p class=\"link-more\"><a href=\"https:\/\/flix-science.de\/de_de\/rumaenien\" class=\"more-link\"><span class=\"screen-reader-text\">\u201eRum\u00e4nien\u201c <\/span>weiterlesen<\/a><\/p>\n","protected":false},"author":1,"featured_media":0,"parent":0,"menu_order":0,"comment_status":"closed","ping_status":"closed","template":"elementor_header_footer","meta":{"footnotes":""},"class_list":["post-715","page","type-page","status-publish","hentry"],"_links":{"self":[{"href":"https:\/\/flix-science.de\/de_de\/wp-json\/wp\/v2\/pages\/715","targetHints":{"allow":["GET"]}}],"collection":[{"href":"https:\/\/flix-science.de\/de_de\/wp-json\/wp\/v2\/pages"}],"about":[{"href":"https:\/\/flix-science.de\/de_de\/wp-json\/wp\/v2\/types\/page"}],"author":[{"embeddable":true,"href":"https:\/\/flix-science.de\/de_de\/wp-json\/wp\/v2\/users\/1"}],"replies":[{"embeddable":true,"href":"https:\/\/flix-science.de\/de_de\/wp-json\/wp\/v2\/comments?post=715"}],"version-history":[{"count":0,"href":"https:\/\/flix-science.de\/de_de\/wp-json\/wp\/v2\/pages\/715\/revisions"}],"wp:attachment":[{"href":"https:\/\/flix-science.de\/de_de\/wp-json\/wp\/v2\/media?parent=715"}],"curies":[{"name":"wp","href":"https:\/\/api.w.org\/{rel}","templated":true}]}}