{"id":713,"date":"2019-10-21T09:35:51","date_gmt":"2019-10-21T09:35:51","guid":{"rendered":"https:\/\/flix-science.de\/?page_id=713"},"modified":"2020-10-12T09:18:54","modified_gmt":"2020-10-12T09:18:54","slug":"mexiko","status":"publish","type":"page","link":"https:\/\/flix-science.de\/de_de\/mexiko","title":{"rendered":"Mexiko"},"content":{"rendered":"\t\t<div data-elementor-type=\"wp-page\" data-elementor-id=\"713\" class=\"elementor elementor-713\">\n\t\t\t\t\t\t<section class=\"elementor-section elementor-top-section elementor-element elementor-element-d87af3c elementor-section-boxed elementor-section-height-default elementor-section-height-default\" data-id=\"d87af3c\" data-element_type=\"section\">\n\t\t\t\t\t\t<div class=\"elementor-container elementor-column-gap-default\">\n\t\t\t\t\t<div class=\"elementor-column elementor-col-100 elementor-top-column elementor-element elementor-element-d2ce5a7\" data-id=\"d2ce5a7\" data-element_type=\"column\">\n\t\t\t<div class=\"elementor-widget-wrap elementor-element-populated\">\n\t\t\t\t\t\t<div class=\"elementor-element elementor-element-7d9f9b6 elementor-widget elementor-widget-heading\" data-id=\"7d9f9b6\" data-element_type=\"widget\" data-widget_type=\"heading.default\">\n\t\t\t\t<div class=\"elementor-widget-container\">\n\t\t\t\t\t<h2 class=\"elementor-heading-title elementor-size-default\">Mexiko<\/h2>\t\t\t\t<\/div>\n\t\t\t\t<\/div>\n\t\t\t\t<section class=\"elementor-section elementor-inner-section elementor-element elementor-element-db49557 elementor-section-boxed elementor-section-height-default elementor-section-height-default\" data-id=\"db49557\" data-element_type=\"section\">\n\t\t\t\t\t\t<div class=\"elementor-container elementor-column-gap-default\">\n\t\t\t\t\t<div class=\"elementor-column elementor-col-50 elementor-inner-column elementor-element elementor-element-a928588\" data-id=\"a928588\" data-element_type=\"column\">\n\t\t\t<div class=\"elementor-widget-wrap elementor-element-populated\">\n\t\t\t\t\t\t<div class=\"elementor-element elementor-element-0356490 elementor-widget elementor-widget-image\" data-id=\"0356490\" data-element_type=\"widget\" data-widget_type=\"image.default\">\n\t\t\t\t<div class=\"elementor-widget-container\">\n\t\t\t\t\t\t\t\t\t\t\t\t\t\t\t<img fetchpriority=\"high\" decoding=\"async\" width=\"1536\" height=\"1024\" src=\"https:\/\/flix-science.de\/wp-content\/uploads\/2019\/11\/chiapas-3655150_1920-1536x1024.jpg\" class=\"attachment-1536x1536 size-1536x1536 wp-image-979\" alt=\"\" srcset=\"https:\/\/flix-science.de\/wp-content\/uploads\/2019\/11\/chiapas-3655150_1920-1536x1024.jpg 1536w, https:\/\/flix-science.de\/wp-content\/uploads\/2019\/11\/chiapas-3655150_1920-300x200.jpg 300w, https:\/\/flix-science.de\/wp-content\/uploads\/2019\/11\/chiapas-3655150_1920-1024x683.jpg 1024w, https:\/\/flix-science.de\/wp-content\/uploads\/2019\/11\/chiapas-3655150_1920-768x512.jpg 768w, https:\/\/flix-science.de\/wp-content\/uploads\/2019\/11\/chiapas-3655150_1920.jpg 1920w\" sizes=\"100vw\" \/>\t\t\t\t\t\t\t\t\t\t\t\t\t\t\t<\/div>\n\t\t\t\t<\/div>\n\t\t\t\t\t<\/div>\n\t\t<\/div>\n\t\t\t\t<div class=\"elementor-column elementor-col-50 elementor-inner-column elementor-element elementor-element-35c7a65\" data-id=\"35c7a65\" data-element_type=\"column\">\n\t\t\t<div class=\"elementor-widget-wrap elementor-element-populated\">\n\t\t\t\t\t\t<div class=\"elementor-element elementor-element-a8a7c1a elementor-widget elementor-widget-text-editor\" data-id=\"a8a7c1a\" data-element_type=\"widget\" data-widget_type=\"text-editor.default\">\n\t\t\t\t<div class=\"elementor-widget-container\">\n\t\t\t\t\t\t\t\t\t<p>Mexiko ist durch seine sch\u00f6ne Natur und offene Kultur nicht nur ein beliebtes Reiseziel f\u00fcr Touristen. Auch die Industrie hat sich hier angesiedelt und nutzt die r\u00e4umliche N\u00e4he zu Nord- und S\u00fcdamerika.<\/p><p>Bei einem Auslandsaufenthalt mit uns haben Sie zum einen die M\u00f6glichkeit mit Unternehmen der Automobilindustrie zusammenzuarbeiten und internationale Kontakte aufzubauen und zu verfestigen. Zum anderen k\u00f6nnen Sie auch ein Auslandssemester an unserer Partneruniversit\u00e4t in Monterrey verbringen oder Ihre Abschlussarbeit dort verfassen.<\/p>\t\t\t\t\t\t\t\t<\/div>\n\t\t\t\t<\/div>\n\t\t\t\t\t<\/div>\n\t\t<\/div>\n\t\t\t\t\t<\/div>\n\t\t<\/section>\n\t\t\t\t\t<\/div>\n\t\t<\/div>\n\t\t\t\t\t<\/div>\n\t\t<\/section>\n\t\t\t\t<section class=\"elementor-section elementor-top-section elementor-element elementor-element-66a61de elementor-section-boxed elementor-section-height-default elementor-section-height-default\" data-id=\"66a61de\" data-element_type=\"section\">\n\t\t\t\t\t\t<div class=\"elementor-container elementor-column-gap-default\">\n\t\t\t\t\t<div class=\"elementor-column elementor-col-100 elementor-top-column elementor-element elementor-element-76037f8\" data-id=\"76037f8\" data-element_type=\"column\">\n\t\t\t<div class=\"elementor-widget-wrap elementor-element-populated\">\n\t\t\t\t\t\t<section class=\"elementor-section elementor-inner-section elementor-element elementor-element-fe3fec4 elementor-section-boxed elementor-section-height-default elementor-section-height-default\" data-id=\"fe3fec4\" data-element_type=\"section\">\n\t\t\t\t\t\t<div class=\"elementor-container elementor-column-gap-default\">\n\t\t\t\t\t<div class=\"elementor-column elementor-col-50 elementor-inner-column elementor-element elementor-element-f52e566\" data-id=\"f52e566\" data-element_type=\"column\">\n\t\t\t<div class=\"elementor-widget-wrap elementor-element-populated\">\n\t\t\t\t\t\t<div class=\"elementor-element elementor-element-eb75622 elementor-widget elementor-widget-text-editor\" data-id=\"eb75622\" data-element_type=\"widget\" data-widget_type=\"text-editor.default\">\n\t\t\t\t<div class=\"elementor-widget-container\">\n\t\t\t\t\t\t\t\t\t<ul style=\"list-style-type: disc;\"><li style=\"list-style-type: none;\"><ul style=\"list-style-type: disc;\"><li>\u00a01,9 Mio. km\u00b2<\/li><li>\u00a02 Ozeane<\/li><li>Einwohner: 124,6 Mio.<\/li><li>Haupstadt: Mexico City<\/li><li>Visum erforderlich<\/li><li>Kosten gesamt: 5.000-10.000\u20ac (f\u00fcr 6 Monate)<\/li><\/ul><\/li><\/ul><ul style=\"list-style-type: disc;\"><li style=\"list-style-type: none;\">\u00a0<\/li><\/ul><ul style=\"list-style-type: disc;\"><li style=\"list-style-type: none;\">\u00a0<\/li><\/ul><ul style=\"list-style-type: disc;\"><li style=\"list-style-type: none;\">\u00a0<\/li><\/ul>\t\t\t\t\t\t\t\t<\/div>\n\t\t\t\t<\/div>\n\t\t\t\t\t<\/div>\n\t\t<\/div>\n\t\t\t\t<div class=\"elementor-column elementor-col-50 elementor-inner-column elementor-element elementor-element-5ead74a\" data-id=\"5ead74a\" data-element_type=\"column\">\n\t\t\t<div class=\"elementor-widget-wrap elementor-element-populated\">\n\t\t\t\t\t\t<div class=\"elementor-element elementor-element-47e7336 elementor-widget elementor-widget-image\" data-id=\"47e7336\" data-element_type=\"widget\" data-widget_type=\"image.default\">\n\t\t\t\t<div class=\"elementor-widget-container\">\n\t\t\t\t\t\t\t\t\t\t\t\t\t\t\t<img decoding=\"async\" width=\"525\" height=\"295\" src=\"https:\/\/flix-science.de\/wp-content\/uploads\/2019\/11\/acapulco-3605307_1920-1024x575.jpg\" class=\"attachment-large size-large wp-image-988\" alt=\"\" srcset=\"https:\/\/flix-science.de\/wp-content\/uploads\/2019\/11\/acapulco-3605307_1920-1024x575.jpg 1024w, https:\/\/flix-science.de\/wp-content\/uploads\/2019\/11\/acapulco-3605307_1920-300x168.jpg 300w, https:\/\/flix-science.de\/wp-content\/uploads\/2019\/11\/acapulco-3605307_1920-768x431.jpg 768w, https:\/\/flix-science.de\/wp-content\/uploads\/2019\/11\/acapulco-3605307_1920-1536x862.jpg 1536w, https:\/\/flix-science.de\/wp-content\/uploads\/2019\/11\/acapulco-3605307_1920.jpg 1920w\" sizes=\"100vw\" \/>\t\t\t\t\t\t\t\t\t\t\t\t\t\t\t<\/div>\n\t\t\t\t<\/div>\n\t\t\t\t\t<\/div>\n\t\t<\/div>\n\t\t\t\t\t<\/div>\n\t\t<\/section>\n\t\t\t\t\t<\/div>\n\t\t<\/div>\n\t\t\t\t\t<\/div>\n\t\t<\/section>\n\t\t\t\t<section class=\"elementor-section elementor-top-section elementor-element elementor-element-d14b867 elementor-section-boxed elementor-section-height-default elementor-section-height-default\" data-id=\"d14b867\" data-element_type=\"section\">\n\t\t\t\t\t\t<div class=\"elementor-container elementor-column-gap-default\">\n\t\t\t\t\t<div class=\"elementor-column elementor-col-100 elementor-top-column elementor-element elementor-element-8ba6411\" data-id=\"8ba6411\" data-element_type=\"column\">\n\t\t\t<div class=\"elementor-widget-wrap elementor-element-populated\">\n\t\t\t\t\t\t<div class=\"elementor-element elementor-element-7595ee7 elementor-widget elementor-widget-text-editor\" data-id=\"7595ee7\" data-element_type=\"widget\" data-widget_type=\"text-editor.default\">\n\t\t\t\t<div class=\"elementor-widget-container\">\n\t\t\t\t\t\t\t\t\t<p><strong>Weitere Informationen und Erfahrungen von Studierenden finden Sie in folgendem Dokument:<\/strong><\/p><p><a href=\"https:\/\/flix-science.de\/wp-content\/uploads\/2020\/10\/Auslandsaufenthalt-Mexiko_2020.pdf\"><span style=\"color: #0000ff;\">L\u00e4nderbericht Mexiko<\/span><\/a><\/p>\t\t\t\t\t\t\t\t<\/div>\n\t\t\t\t<\/div>\n\t\t\t\t\t<\/div>\n\t\t<\/div>\n\t\t\t\t\t<\/div>\n\t\t<\/section>\n\t\t\t\t<\/div>\n\t\t","protected":false},"excerpt":{"rendered":"<p>Mexiko Mexiko ist durch seine sch\u00f6ne Natur und offene Kultur nicht nur ein beliebtes Reiseziel f\u00fcr Touristen. Auch die Industrie hat sich hier angesiedelt und nutzt die r\u00e4umliche N\u00e4he zu Nord- und S\u00fcdamerika. Bei einem Auslandsaufenthalt mit uns haben Sie zum einen die M\u00f6glichkeit mit Unternehmen der Automobilindustrie zusammenzuarbeiten und internationale Kontakte aufzubauen und zu &hellip; <\/p>\n<p class=\"link-more\"><a href=\"https:\/\/flix-science.de\/de_de\/mexiko\" class=\"more-link\"><span class=\"screen-reader-text\">\u201eMexiko\u201c <\/span>weiterlesen<\/a><\/p>\n","protected":false},"author":1,"featured_media":0,"parent":0,"menu_order":0,"comment_status":"closed","ping_status":"closed","template":"elementor_header_footer","meta":{"footnotes":""},"class_list":["post-713","page","type-page","status-publish","hentry"],"_links":{"self":[{"href":"https:\/\/flix-science.de\/de_de\/wp-json\/wp\/v2\/pages\/713","targetHints":{"allow":["GET"]}}],"collection":[{"href":"https:\/\/flix-science.de\/de_de\/wp-json\/wp\/v2\/pages"}],"about":[{"href":"https:\/\/flix-science.de\/de_de\/wp-json\/wp\/v2\/types\/page"}],"author":[{"embeddable":true,"href":"https:\/\/flix-science.de\/de_de\/wp-json\/wp\/v2\/users\/1"}],"replies":[{"embeddable":true,"href":"https:\/\/flix-science.de\/de_de\/wp-json\/wp\/v2\/comments?post=713"}],"version-history":[{"count":0,"href":"https:\/\/flix-science.de\/de_de\/wp-json\/wp\/v2\/pages\/713\/revisions"}],"wp:attachment":[{"href":"https:\/\/flix-science.de\/de_de\/wp-json\/wp\/v2\/media?parent=713"}],"curies":[{"name":"wp","href":"https:\/\/api.w.org\/{rel}","templated":true}]}}