{"id":712,"date":"2019-10-21T09:35:51","date_gmt":"2019-10-21T09:35:51","guid":{"rendered":"https:\/\/flix-science.de\/?page_id=712"},"modified":"2020-10-12T09:19:53","modified_gmt":"2020-10-12T09:19:53","slug":"malaysia","status":"publish","type":"page","link":"https:\/\/flix-science.de\/de_de\/malaysia","title":{"rendered":"Malaysia"},"content":{"rendered":"\t\t<div data-elementor-type=\"wp-page\" data-elementor-id=\"712\" class=\"elementor elementor-712\">\n\t\t\t\t\t\t<section class=\"elementor-section elementor-top-section elementor-element elementor-element-d4860e7 elementor-section-boxed elementor-section-height-default elementor-section-height-default\" data-id=\"d4860e7\" data-element_type=\"section\">\n\t\t\t\t\t\t<div class=\"elementor-container elementor-column-gap-default\">\n\t\t\t\t\t<div class=\"elementor-column elementor-col-100 elementor-top-column elementor-element elementor-element-9b6a946\" data-id=\"9b6a946\" data-element_type=\"column\">\n\t\t\t<div class=\"elementor-widget-wrap elementor-element-populated\">\n\t\t\t\t\t\t<section class=\"elementor-section elementor-inner-section elementor-element elementor-element-81e5e0f elementor-section-boxed elementor-section-height-default elementor-section-height-default\" data-id=\"81e5e0f\" data-element_type=\"section\">\n\t\t\t\t\t\t<div class=\"elementor-container elementor-column-gap-default\">\n\t\t\t\t\t<div class=\"elementor-column elementor-col-50 elementor-inner-column elementor-element elementor-element-b93feee\" data-id=\"b93feee\" data-element_type=\"column\">\n\t\t\t<div class=\"elementor-widget-wrap elementor-element-populated\">\n\t\t\t\t\t\t<div class=\"elementor-element elementor-element-6651b8d elementor-widget elementor-widget-heading\" data-id=\"6651b8d\" data-element_type=\"widget\" data-widget_type=\"heading.default\">\n\t\t\t\t<div class=\"elementor-widget-container\">\n\t\t\t\t\t<h2 class=\"elementor-heading-title elementor-size-default\">Malaysia<\/h2>\t\t\t\t<\/div>\n\t\t\t\t<\/div>\n\t\t\t\t<div class=\"elementor-element elementor-element-bc33603 elementor-widget elementor-widget-text-editor\" data-id=\"bc33603\" data-element_type=\"widget\" data-widget_type=\"text-editor.default\">\n\t\t\t\t<div class=\"elementor-widget-container\">\n\t\t\t\t\t\t\t\t\t<p>Genie\u00dfen Sie die asiatische Kultur an unserer Partneruniversit\u00e4t &#8222;University Malaya&#8220; in Kuala Lumpur.<\/p><p>Hier warten spannende Aufgaben in verschiedenen Forschungsbereichen, wie z.B. Industrie 4.0 auf Sie. Hier k\u00f6nnen sowohl Praxissemester, als auch Abschlussarbeiten absolviert werden.<\/p><p>Neben dem Fachlichen k\u00f6nnen Sie in diesem international gepr\u00e4gten Land sowohl mit Einheimischen als auch mit anderen internationalen Studenten in Kontakt treten und Ihre Sprachkenntnisse verbessern sowie internationale Freundschaften schlie\u00dfen.<\/p>\t\t\t\t\t\t\t\t<\/div>\n\t\t\t\t<\/div>\n\t\t\t\t\t<\/div>\n\t\t<\/div>\n\t\t\t\t<div class=\"elementor-column elementor-col-50 elementor-inner-column elementor-element elementor-element-7f31b66\" data-id=\"7f31b66\" data-element_type=\"column\">\n\t\t\t<div class=\"elementor-widget-wrap elementor-element-populated\">\n\t\t\t\t\t\t<div class=\"elementor-element elementor-element-af9d038 elementor-widget elementor-widget-image\" data-id=\"af9d038\" data-element_type=\"widget\" data-widget_type=\"image.default\">\n\t\t\t\t<div class=\"elementor-widget-container\">\n\t\t\t\t\t\t\t\t\t\t\t\t\t\t\t<img fetchpriority=\"high\" decoding=\"async\" width=\"525\" height=\"303\" src=\"https:\/\/flix-science.de\/wp-content\/uploads\/2019\/11\/kuala-lumpur-1820944_1920-1024x591.jpg\" class=\"attachment-large size-large wp-image-970\" alt=\"\" srcset=\"https:\/\/flix-science.de\/wp-content\/uploads\/2019\/11\/kuala-lumpur-1820944_1920-1024x591.jpg 1024w, https:\/\/flix-science.de\/wp-content\/uploads\/2019\/11\/kuala-lumpur-1820944_1920-300x173.jpg 300w, https:\/\/flix-science.de\/wp-content\/uploads\/2019\/11\/kuala-lumpur-1820944_1920-768x444.jpg 768w, https:\/\/flix-science.de\/wp-content\/uploads\/2019\/11\/kuala-lumpur-1820944_1920-1536x887.jpg 1536w, https:\/\/flix-science.de\/wp-content\/uploads\/2019\/11\/kuala-lumpur-1820944_1920.jpg 1920w\" sizes=\"100vw\" \/>\t\t\t\t\t\t\t\t\t\t\t\t\t\t\t<\/div>\n\t\t\t\t<\/div>\n\t\t\t\t\t<\/div>\n\t\t<\/div>\n\t\t\t\t\t<\/div>\n\t\t<\/section>\n\t\t\t\t\t<\/div>\n\t\t<\/div>\n\t\t\t\t\t<\/div>\n\t\t<\/section>\n\t\t\t\t<section class=\"elementor-section elementor-top-section elementor-element elementor-element-097d9b9 elementor-section-boxed elementor-section-height-default elementor-section-height-default\" data-id=\"097d9b9\" data-element_type=\"section\">\n\t\t\t\t\t\t<div class=\"elementor-container elementor-column-gap-default\">\n\t\t\t\t\t<div class=\"elementor-column elementor-col-50 elementor-top-column elementor-element elementor-element-54b200c\" data-id=\"54b200c\" data-element_type=\"column\">\n\t\t\t<div class=\"elementor-widget-wrap elementor-element-populated\">\n\t\t\t\t\t\t<div class=\"elementor-element elementor-element-dbcae1c elementor-widget elementor-widget-image\" data-id=\"dbcae1c\" data-element_type=\"widget\" data-widget_type=\"image.default\">\n\t\t\t\t<div class=\"elementor-widget-container\">\n\t\t\t\t\t\t\t\t\t\t\t\t\t\t\t<img decoding=\"async\" width=\"525\" height=\"337\" src=\"https:\/\/flix-science.de\/wp-content\/uploads\/2019\/11\/agriculture-1822446_1920-1024x657.jpg\" class=\"attachment-large size-large wp-image-973\" alt=\"\" srcset=\"https:\/\/flix-science.de\/wp-content\/uploads\/2019\/11\/agriculture-1822446_1920-1024x657.jpg 1024w, https:\/\/flix-science.de\/wp-content\/uploads\/2019\/11\/agriculture-1822446_1920-300x192.jpg 300w, https:\/\/flix-science.de\/wp-content\/uploads\/2019\/11\/agriculture-1822446_1920-768x492.jpg 768w, https:\/\/flix-science.de\/wp-content\/uploads\/2019\/11\/agriculture-1822446_1920-1536x985.jpg 1536w, https:\/\/flix-science.de\/wp-content\/uploads\/2019\/11\/agriculture-1822446_1920.jpg 1920w\" sizes=\"100vw\" \/>\t\t\t\t\t\t\t\t\t\t\t\t\t\t\t<\/div>\n\t\t\t\t<\/div>\n\t\t\t\t\t<\/div>\n\t\t<\/div>\n\t\t\t\t<div class=\"elementor-column elementor-col-50 elementor-top-column elementor-element elementor-element-8bd1285\" data-id=\"8bd1285\" data-element_type=\"column\">\n\t\t\t<div class=\"elementor-widget-wrap elementor-element-populated\">\n\t\t\t\t\t\t<div class=\"elementor-element elementor-element-18bb3d9 elementor-widget elementor-widget-text-editor\" data-id=\"18bb3d9\" data-element_type=\"widget\" data-widget_type=\"text-editor.default\">\n\t\t\t\t<div class=\"elementor-widget-container\">\n\t\t\t\t\t\t\t\t\t<ul style=\"list-style-type: disc;\"><li>31,6 Millionen Einwohner<\/li><li>\u00a0Umgangssprache Englisch<\/li><li>international ausgelegtes Land (multikulturell)<\/li><li>Visum erforderlich<\/li><li>g\u00fcnstige Unterhaltskosten<\/li><li>Kosten gesamt: in etwa 5.000\u20ac (6 Monate)<\/li><li>zu vergebene Pl\u00e4tze: 2<\/li><\/ul>\t\t\t\t\t\t\t\t<\/div>\n\t\t\t\t<\/div>\n\t\t\t\t\t<\/div>\n\t\t<\/div>\n\t\t\t\t\t<\/div>\n\t\t<\/section>\n\t\t\t\t<section class=\"elementor-section elementor-top-section elementor-element elementor-element-e2214e2 elementor-section-boxed elementor-section-height-default elementor-section-height-default\" data-id=\"e2214e2\" data-element_type=\"section\">\n\t\t\t\t\t\t<div class=\"elementor-container elementor-column-gap-default\">\n\t\t\t\t\t<div class=\"elementor-column elementor-col-100 elementor-top-column elementor-element elementor-element-48aa74e\" data-id=\"48aa74e\" data-element_type=\"column\">\n\t\t\t<div class=\"elementor-widget-wrap elementor-element-populated\">\n\t\t\t\t\t\t<div class=\"elementor-element elementor-element-5ef7d76 elementor-widget elementor-widget-text-editor\" data-id=\"5ef7d76\" data-element_type=\"widget\" data-widget_type=\"text-editor.default\">\n\t\t\t\t<div class=\"elementor-widget-container\">\n\t\t\t\t\t\t\t\t\t<p><br><strong><strong>Weitere Informationen und Erfahrungen von Studierenden finden Sie in folgendem Dokument:<\/strong> <\/strong><\/p>\n<p><a href=\"https:\/\/flix-science.de\/wp-content\/uploads\/2020\/10\/Auslandsaufenthalt-Malaysia_2020.pdf\"><span style=\"color: #0000ff;\">L\u00e4nderbericht Malaysia<\/span> <\/a><\/p>\t\t\t\t\t\t\t\t<\/div>\n\t\t\t\t<\/div>\n\t\t\t\t\t<\/div>\n\t\t<\/div>\n\t\t\t\t\t<\/div>\n\t\t<\/section>\n\t\t\t\t<\/div>\n\t\t","protected":false},"excerpt":{"rendered":"<p>Malaysia Genie\u00dfen Sie die asiatische Kultur an unserer Partneruniversit\u00e4t &#8222;University Malaya&#8220; in Kuala Lumpur. Hier warten spannende Aufgaben in verschiedenen Forschungsbereichen, wie z.B. Industrie 4.0 auf Sie. Hier k\u00f6nnen sowohl Praxissemester, als auch Abschlussarbeiten absolviert werden. Neben dem Fachlichen k\u00f6nnen Sie in diesem international gepr\u00e4gten Land sowohl mit Einheimischen als auch mit anderen internationalen Studenten &hellip; <\/p>\n<p class=\"link-more\"><a href=\"https:\/\/flix-science.de\/de_de\/malaysia\" class=\"more-link\"><span class=\"screen-reader-text\">\u201eMalaysia\u201c <\/span>weiterlesen<\/a><\/p>\n","protected":false},"author":1,"featured_media":0,"parent":0,"menu_order":0,"comment_status":"closed","ping_status":"closed","template":"elementor_header_footer","meta":{"footnotes":""},"class_list":["post-712","page","type-page","status-publish","hentry"],"_links":{"self":[{"href":"https:\/\/flix-science.de\/de_de\/wp-json\/wp\/v2\/pages\/712","targetHints":{"allow":["GET"]}}],"collection":[{"href":"https:\/\/flix-science.de\/de_de\/wp-json\/wp\/v2\/pages"}],"about":[{"href":"https:\/\/flix-science.de\/de_de\/wp-json\/wp\/v2\/types\/page"}],"author":[{"embeddable":true,"href":"https:\/\/flix-science.de\/de_de\/wp-json\/wp\/v2\/users\/1"}],"replies":[{"embeddable":true,"href":"https:\/\/flix-science.de\/de_de\/wp-json\/wp\/v2\/comments?post=712"}],"version-history":[{"count":0,"href":"https:\/\/flix-science.de\/de_de\/wp-json\/wp\/v2\/pages\/712\/revisions"}],"wp:attachment":[{"href":"https:\/\/flix-science.de\/de_de\/wp-json\/wp\/v2\/media?parent=712"}],"curies":[{"name":"wp","href":"https:\/\/api.w.org\/{rel}","templated":true}]}}