{"id":687,"date":"2019-10-21T09:10:37","date_gmt":"2019-10-21T09:10:37","guid":{"rendered":"https:\/\/flix-science.de\/?page_id=687"},"modified":"2023-11-23T14:03:56","modified_gmt":"2023-11-23T14:03:56","slug":"auslandsaufenthalte","status":"publish","type":"page","link":"https:\/\/flix-science.de\/de_de\/auslandsaufenthalte","title":{"rendered":"Auslandsaufenthalte"},"content":{"rendered":"<h1 style=\"text-align: center;\"><strong>Auslandsaufenthalte\u00a0<\/strong><\/h1>\n<p><img fetchpriority=\"high\" decoding=\"async\" class=\"aligncenter\" src=\"https:\/\/flix-science.de\/wp-content\/uploads\/2022\/08\/Bild_Reise-1024x683.jpg\" sizes=\"100vw\" srcset=\"https:\/\/flix-science.de\/wp-content\/uploads\/2022\/08\/Bild_Reise-1024x683.jpg 1024w, https:\/\/flix-science.de\/wp-content\/uploads\/2022\/08\/Bild_Reise-300x200.jpg 300w, https:\/\/flix-science.de\/wp-content\/uploads\/2022\/08\/Bild_Reise-768x512.jpg 768w, https:\/\/flix-science.de\/wp-content\/uploads\/2022\/08\/Bild_Reise-1536x1024.jpg 1536w, https:\/\/flix-science.de\/wp-content\/uploads\/2022\/08\/Bild_Reise-2048x1365.jpg 2048w, https:\/\/flix-science.de\/wp-content\/uploads\/2022\/08\/Bild_Reise-18x12.jpg 18w\" alt=\"\" width=\"525\" height=\"350\" \/><\/p>\n<h2 style=\"text-align: center;\"><strong>Warum Sie ein Auslandssemester machen sollten!<\/strong><\/h2>\n<p style=\"text-align: center;\"><strong>Ob sich ein Semester im Ausland lohnt? &#8211; Aber mit Sicherheit!<\/strong><strong>\u00a0<\/strong><\/p>\n<p style=\"text-align: center;\">Die Zeit im Ausland l\u00e4sst Sie nicht nur pers\u00f6nlich wachsen, sondern stellt auch einen gro\u00dfen Pluspunkt in Ihrem Lebenslauf dar. Sprachliche Kenntnisse werden perfektioniert und auf fachlicher Ebene gefestigt. Die Arbeit mit internationalen Kollegen bereitet Sie zudem perfekt auf das Berufsleben vor und Sie\u00a0entwickeln wichtige, interkulturelle Kompetenzen.\u00a0Au\u00dferdem haben Sie die Chance Kontakte zu kn\u00fcpfen und sich ein &#8222;globales Netzwerk&#8220; aufzubauen.<\/p>\n<p style=\"text-align: center;\">Abgesehen von den enormen Vorteilen f\u00fcr die berufliche Zukunft\u00a0wird auch Ihre Selbstst\u00e4ndigkeit, Unabh\u00e4ngigkeit und Flexibilit\u00e4t gef\u00f6rdert und Sie werden \u00fcber sich hinaus wachsen. Sie lernen neue Leute, ein neues Land und neue Kulturen kennen und das von einer ganz anderen Seite als w\u00fcrden Sie nur einen Urlaub machen. Sie erleben den Alltag und das Leben in dieser fremden Kultur und werden unvergessliche Erfahrung machen. <strong>Das sei garantiert!\u00a0<\/strong><\/p>\n<p style=\"text-align: center;\">Auch wenn es zu Beginn be\u00e4ngstigend sein kann die Komfortzone zu verlassen und sich auf eine fremde Umgebung einzulassen, werden Sie diese Entscheidung niemals bereuen. <strong>Versprochen!<\/strong><\/p>\n<p style=\"text-align: center;\">Wir von <strong>FLiX<\/strong> haben ein breites Angebot an Kooperationen mit Universit\u00e4ten in verschiedenen L\u00e4ndern und freuen uns Sie auf Ihrem Weg ins Ausland begleiten zu d\u00fcrfen.<\/p>\n<p style=\"text-align: center;\">Also schicken Sie uns Ihre Bewerbung und machen Ihr Studium zur besten Zeit Ihres Lebens!<\/p>\n<p class=\"p1\">Folgende Pr\u00e4sentation gibt einen \u00dcberblick \u00fcber die L\u00e4nder, in denen wir ein\u00a0 Auslandssemester anbieten:\u00a0<\/p>\n\n\n<div class=\"wp-block-embedpress-document embedpress-document-embed ep-doc-embedpress-pdf-1700747695815\" style=\"height:600px;width:1000px\"><div class=\"ep-file-download-option-masked ep-gutenberg-file-doc ep-powered-by-enabled  enabled-file-download\" data-theme-mode=\"default\" data-custom-color=\"#403A81\" data-id=\"embedpress-pdf-1700747695815\"><iframe style=\"height:600px;width:1000px\" src=\"\/\/view.officeapps.live.com\/op\/embed.aspx?src=https:\/\/flix-science.de\/wp-content\/uploads\/2023\/11\/FLiX_EventAuslandssemester_WS2024-2.pptx\" mozallowfullscreen=\"true\" webkitallowfullscreen=\"true\"><\/iframe><canvas class=\"ep-doc-canvas\" width=\"1000\" height=\"600\"><\/canvas><div class=\"ep-external-doc-icons \"><div class=\"ep-doc-print-icon\"><svg xmlns=\"http:\/\/www.w3.org\/2000\/svg\" width=\"20\" height=\"20\" viewBox=\"0 0 24 24\"><path d=\"M19 8H5c-1.66 0-3 1.34-3 3v6h4v4h12v-4h4v-6c0-1.66-1.34-3-3-3zm-3 11H8v-5h8v5zm3-7c-.55 0-1-.45-1-1s.45-1 1-1 1 .45 1 1-.45 1-1 1zm-1-9H6v4h12V3z\" fill=\"#fff\"><\/path><\/svg><\/div><div class=\"ep-doc-download-icon\"><svg width=\"20\" height=\"20\" viewBox=\"0 0 0.6 0.6\" xmlns=\"http:\/\/www.w3.org\/2000\/svg\"><path fill=\"#fff\" fill-rule=\"evenodd\" d=\"M.525.4A.025.025 0 0 1 .55.422v.053A.075.075 0 0 1 .479.55H.125A.075.075 0 0 1 .05.479V.425A.025.025 0 0 1 .1.422v.053A.025.025 0 0 0 .122.5h.353A.025.025 0 0 0 .5.478V.425A.025.025 0 0 1 .525.4ZM.3.05a.025.025 0 0 1 .025.025v.24L.357.283A.025.025 0 0 1 .39.281l.002.002a.025.025 0 0 1 .002.033L.392.318.317.393.316.394.314.395.311.397.308.398.305.399.301.4H.295L.292.399.289.398.287.397.285.395A.025.025 0 0 1 .283.393L.208.318A.025.025 0 0 1 .241.281l.002.002.032.032v-.24A.025.025 0 0 1 .3.05Z\"><\/path><\/svg><\/div><div class=\"ep-doc-draw-icon\"><svg width=\"20\" height=\"20\" viewBox=\"0 0 24 24\" fill=\"none\" xmlns=\"http:\/\/www.w3.org\/2000\/svg\"><path d=\"m15 7.5 2.5 2.5m-10 10L19.25 8.25c0.69 -0.69 0.69 -1.81 0 -2.5v0c-0.69 -0.69 -1.81 -0.69 -2.5 0L5 17.5V20h2.5Zm0 0h8.379C17.05 20 18 19.05 18 17.879v0c0 -0.563 -0.224 -1.103 -0.621 -1.5L17 16M4.5 5c2 -2 5.5 -1 5.5 1 0 2.5 -6 2.5 -6 5 0 0.876 0.533 1.526 1.226 2\" stroke=\"#fff\" stroke-width=\"2\" stroke-linecap=\"round\" stroke-linejoin=\"round\"><\/path><\/svg><\/div><div class=\"ep-doc-fullscreen-icon\"><svg width=\"20\" height=\"20\" viewBox=\"0 0 24 24\" xmlns=\"http:\/\/www.w3.org\/2000\/svg\"><path d=\"m3 15 .117.007a1 1 0 0 1 .876.876L4 16v4h4l.117.007a1 1 0 0 1 0 1.986L8 22H3l-.117-.007a1 1 0 0 1-.876-.876L2 21v-5l.007-.117a1 1 0 0 1 .876-.876L3 15Zm18 0a1 1 0 0 1 .993.883L22 16v5a1 1 0 0 1-.883.993L21 22h-5a1 1 0 0 1-.117-1.993L16 20h4v-4a1 1 0 0 1 .883-.993L21 15ZM8 2a1 1 0 0 1 .117 1.993L8 4H4v4a1 1 0 0 1-.883.993L3 9a1 1 0 0 1-.993-.883L2 8V3a1 1 0 0 1 .883-.993L3 2h5Zm13 0 .117.007a1 1 0 0 1 .876.876L22 3v5l-.007.117a1 1 0 0 1-.876.876L21 9l-.117-.007a1 1 0 0 1-.876-.876L20 8V4h-4l-.117-.007a1 1 0 0 1 0-1.986L16 2h5Z\" fill=\"#fff\"><\/path><\/svg><\/div><div class=\"ep-doc-minimize-icon\" style=\"display:none\"><svg xmlns=\"http:\/\/www.w3.org\/2000\/svg\" viewBox=\"0 0 20 20\" style=\"enable-background:new 0 0 385.331 385.331\" xml:space=\"preserve\" width=\"20\" height=\"20\"><path fill=\"#fff\" d=\"M13.751 8.131h5.62c0.355 0 0.619 -0.28 0.619 -0.634 0 -0.355 -0.265 -0.615 -0.619 -0.614h-4.995V1.878c0 -0.355 -0.27 -0.624 -0.624 -0.624s-0.624 0.27 -0.624 0.624v5.62c0 0.002 0.001 0.003 0.001 0.004 0 0.002 -0.001 0.003 -0.001 0.005 0 0.348 0.276 0.625 0.624 0.624zM6.244 1.259c-0.354 0 -0.614 0.265 -0.614 0.619v4.995H0.624c-0.355 0 -0.624 0.27 -0.624 0.624 0 0.355 0.27 0.624 0.624 0.624h5.62c0.002 0 0.003 -0.001 0.004 -0.001 0.002 0 0.003 0.001 0.005 0.001 0.348 0 0.624 -0.276 0.624 -0.624V1.878c0 -0.354 -0.28 -0.619 -0.634 -0.619zm0.005 10.61H0.629c-0.355 0.001 -0.619 0.28 -0.619 0.634 0 0.355 0.265 0.615 0.619 0.614h4.995v5.005c0 0.355 0.27 0.624 0.624 0.624 0.355 0 0.624 -0.27 0.624 -0.624V12.502c0 -0.002 -0.001 -0.003 -0.001 -0.004 0 -0.002 0.001 -0.003 0.001 -0.005 0 -0.348 -0.276 -0.624 -0.624 -0.624zm13.127 0H13.756c-0.002 0 -0.003 0.001 -0.004 0.001 -0.002 0 -0.003 -0.001 -0.005 -0.001 -0.348 0 -0.624 0.276 -0.624 0.624v5.62c0 0.355 0.28 0.619 0.634 0.619 0.354 0.001 0.614 -0.265 0.614 -0.619v-4.995H19.376c0.355 0 0.624 -0.27 0.624 -0.624s-0.27 -0.624 -0.624 -0.625z\"><\/path> <g><\/g><g><\/g><g><\/g><g><\/g><g><\/g><g><\/g><\/svg><\/div><\/div><\/div><p class=\"embedpress-el-powered\">Powered By EmbedPress<\/p><\/div>\n","protected":false},"excerpt":{"rendered":"<p>Auslandsaufenthalte\u00a0 Warum Sie ein Auslandssemester machen sollten! Ob sich ein Semester im Ausland lohnt? &#8211; Aber mit Sicherheit!\u00a0 Die Zeit im Ausland l\u00e4sst Sie nicht nur pers\u00f6nlich wachsen, sondern stellt auch einen gro\u00dfen Pluspunkt in Ihrem Lebenslauf dar. Sprachliche Kenntnisse werden perfektioniert und auf fachlicher Ebene gefestigt. Die Arbeit mit internationalen Kollegen bereitet Sie zudem &hellip; <\/p>\n<p class=\"link-more\"><a href=\"https:\/\/flix-science.de\/de_de\/auslandsaufenthalte\" class=\"more-link\"><span class=\"screen-reader-text\">\u201eAuslandsaufenthalte\u201c <\/span>weiterlesen<\/a><\/p>\n","protected":false},"author":1,"featured_media":0,"parent":0,"menu_order":0,"comment_status":"closed","ping_status":"closed","template":"elementor_header_footer","meta":{"footnotes":""},"class_list":["post-687","page","type-page","status-publish","hentry"],"_links":{"self":[{"href":"https:\/\/flix-science.de\/de_de\/wp-json\/wp\/v2\/pages\/687","targetHints":{"allow":["GET"]}}],"collection":[{"href":"https:\/\/flix-science.de\/de_de\/wp-json\/wp\/v2\/pages"}],"about":[{"href":"https:\/\/flix-science.de\/de_de\/wp-json\/wp\/v2\/types\/page"}],"author":[{"embeddable":true,"href":"https:\/\/flix-science.de\/de_de\/wp-json\/wp\/v2\/users\/1"}],"replies":[{"embeddable":true,"href":"https:\/\/flix-science.de\/de_de\/wp-json\/wp\/v2\/comments?post=687"}],"version-history":[{"count":0,"href":"https:\/\/flix-science.de\/de_de\/wp-json\/wp\/v2\/pages\/687\/revisions"}],"wp:attachment":[{"href":"https:\/\/flix-science.de\/de_de\/wp-json\/wp\/v2\/media?parent=687"}],"curies":[{"name":"wp","href":"https:\/\/api.w.org\/{rel}","templated":true}]}}