{"id":2367,"date":"2022-10-10T08:34:33","date_gmt":"2022-10-10T08:34:33","guid":{"rendered":"https:\/\/flix-science.de\/?page_id=2367"},"modified":"2022-12-09T16:46:40","modified_gmt":"2022-12-09T16:46:40","slug":"marketing-und-vertrieb","status":"publish","type":"page","link":"https:\/\/flix-science.de\/de_de\/marketing-und-vertrieb","title":{"rendered":"Marketing und Vertrieb"},"content":{"rendered":"\t\t<div data-elementor-type=\"wp-page\" data-elementor-id=\"2367\" class=\"elementor elementor-2367\">\n\t\t\t\t\t\t<section class=\"elementor-section elementor-top-section elementor-element elementor-element-63c2b19 elementor-section-boxed elementor-section-height-default elementor-section-height-default\" data-id=\"63c2b19\" data-element_type=\"section\">\n\t\t\t\t\t\t<div class=\"elementor-container elementor-column-gap-default\">\n\t\t\t\t\t<div class=\"elementor-column elementor-col-100 elementor-top-column elementor-element elementor-element-ff1bc65\" data-id=\"ff1bc65\" data-element_type=\"column\">\n\t\t\t<div class=\"elementor-widget-wrap elementor-element-populated\">\n\t\t\t\t\t\t<div class=\"elementor-element elementor-element-4b582f6 elementor-widget elementor-widget-text-editor\" data-id=\"4b582f6\" data-element_type=\"widget\" data-widget_type=\"text-editor.default\">\n\t\t\t\t<div class=\"elementor-widget-container\">\n\t\t\t\t\t\t\t\t\t<h1><span style=\"color: #003366;\"><strong>Marketing und Vertrieb<\/strong><\/span> <\/h1>\t\t\t\t\t\t\t\t<\/div>\n\t\t\t\t<\/div>\n\t\t\t\t\t<\/div>\n\t\t<\/div>\n\t\t\t\t\t<\/div>\n\t\t<\/section>\n\t\t\t\t<section class=\"elementor-section elementor-top-section elementor-element elementor-element-27d2e91 elementor-section-boxed elementor-section-height-default elementor-section-height-default\" data-id=\"27d2e91\" data-element_type=\"section\">\n\t\t\t\t\t\t<div class=\"elementor-container elementor-column-gap-default\">\n\t\t\t\t\t<div class=\"elementor-column elementor-col-33 elementor-top-column elementor-element elementor-element-2c23646\" data-id=\"2c23646\" data-element_type=\"column\">\n\t\t\t<div class=\"elementor-widget-wrap elementor-element-populated\">\n\t\t\t\t\t\t<div class=\"elementor-element elementor-element-1aa3d92 elementor-widget elementor-widget-text-editor\" data-id=\"1aa3d92\" data-element_type=\"widget\" data-widget_type=\"text-editor.default\">\n\t\t\t\t<div class=\"elementor-widget-container\">\n\t\t\t\t\t\t\t\t\t<p><span style=\"color: #003366;\"><strong>Studiengang:<\/strong><\/span><\/p><p><span style=\"color: #003366;\"><strong>Semester:<\/strong><\/span><\/p><p><span style=\"color: #003366;\"><strong>Creditpoints:<\/strong><\/span><\/p><p><span style=\"color: #003366;\"><strong>Inhalt:<\/strong><\/span><\/p><p>\u00a0<\/p><p>\u00a0<\/p><p><span style=\"color: #003366;\"><strong>Lernziel:<\/strong><\/span><\/p>\t\t\t\t\t\t\t\t<\/div>\n\t\t\t\t<\/div>\n\t\t\t\t\t<\/div>\n\t\t<\/div>\n\t\t\t\t<div class=\"elementor-column elementor-col-66 elementor-top-column elementor-element elementor-element-fddd254\" data-id=\"fddd254\" data-element_type=\"column\">\n\t\t\t<div class=\"elementor-widget-wrap elementor-element-populated\">\n\t\t\t\t\t\t<div class=\"elementor-element elementor-element-f70858f elementor-widget elementor-widget-text-editor\" data-id=\"f70858f\" data-element_type=\"widget\" data-widget_type=\"text-editor.default\">\n\t\t\t\t<div class=\"elementor-widget-container\">\n\t\t\t\t\t\t\t\t\t<p>B.Eng. Wirtschaftsingenieurswesen<\/p><p>6. Semester<\/p><p>5<\/p><ul><li><span id=\"page96R_mcid34\" class=\"markedContent\"><span dir=\"ltr\" role=\"presentation\">Grundbegriffe<\/span><\/span><\/li><li><span id=\"page96R_mcid34\" class=\"markedContent\"><span dir=\"ltr\" role=\"presentation\"> Besonderheiten und Forschungsans\u00e4tze des Investitionsg\u00fctermarketings<\/span><\/span><\/li><li><span id=\"page96R_mcid35\" class=\"markedContent\"><span dir=\"ltr\" role=\"presentation\">Marketing<\/span><span dir=\"ltr\" role=\"presentation\">&#8211;<\/span><span dir=\"ltr\" role=\"presentation\">Management eines Investitionsg\u00fcterhersteller<\/span><\/span><\/li><\/ul><p>\u00a0<\/p><ul><li><span id=\"page96R_mcid27\" class=\"markedContent\"><span dir=\"ltr\" role=\"presentation\">Sie sind in der Lage, f\u00fcr au<\/span><span dir=\"ltr\" role=\"presentation\">sgew\u00e4hlte Investitionsg\u00fcter Marketingstrategien zu entwickeln.<\/span><\/span><\/li><li><span id=\"page96R_mcid28\" class=\"markedContent\"><span dir=\"ltr\" role=\"presentation\">Sie<\/span> <span dir=\"ltr\" role=\"presentation\">kennen die wesentlichen Instrumente des Marketing<\/span><span dir=\"ltr\" role=\"presentation\">&#8211;<\/span><span dir=\"ltr\" role=\"presentation\">Controllings.<\/span><\/span><span id=\"page96R_mcid29\" class=\"markedContent\"><\/span><\/li><li><span id=\"page96R_mcid29\" class=\"markedContent\"><span dir=\"ltr\" role=\"presentation\">Wissen um die besondere Bedeutung des Vertriebs innerhalb des Marketing<\/span><span dir=\"ltr\" role=\"presentation\">&#8211;<\/span><span dir=\"ltr\" role=\"presentation\">Mix f\u00fcr<\/span> <span dir=\"ltr\" role=\"presentation\">In-<\/span><br role=\"presentation\" \/><span dir=\"ltr\" role=\"presentation\">vestitionsg\u00fcter<\/span><\/span><\/li><\/ul>\t\t\t\t\t\t\t\t<\/div>\n\t\t\t\t<\/div>\n\t\t\t\t\t<\/div>\n\t\t<\/div>\n\t\t\t\t\t<\/div>\n\t\t<\/section>\n\t\t\t\t<section class=\"elementor-section elementor-top-section elementor-element elementor-element-362e3e0 elementor-section-boxed elementor-section-height-default elementor-section-height-default\" data-id=\"362e3e0\" data-element_type=\"section\">\n\t\t\t\t\t\t<div class=\"elementor-container elementor-column-gap-default\">\n\t\t\t\t\t<div class=\"elementor-column elementor-col-100 elementor-top-column elementor-element elementor-element-317a745\" data-id=\"317a745\" data-element_type=\"column\">\n\t\t\t<div class=\"elementor-widget-wrap elementor-element-populated\">\n\t\t\t\t\t\t<div class=\"elementor-element elementor-element-21aeed1 elementor-widget elementor-widget-text-editor\" data-id=\"21aeed1\" data-element_type=\"widget\" data-widget_type=\"text-editor.default\">\n\t\t\t\t<div class=\"elementor-widget-container\">\n\t\t\t\t\t\t\t\t\t<p><a href=\"https:\/\/mv.hs-duesseldorf.de\/studium\/studiengaenge\/bachelor-wirtschaftsingenieurwesen-maschinenbau\/Documents\/2022-08_WIM_PO%202021.pdf\"><span style=\"color: #0000ff;\">F\u00fcr mehr Informationen klicke hier<\/span><\/a><\/p>\t\t\t\t\t\t\t\t<\/div>\n\t\t\t\t<\/div>\n\t\t\t\t\t<\/div>\n\t\t<\/div>\n\t\t\t\t\t<\/div>\n\t\t<\/section>\n\t\t\t\t<\/div>\n\t\t","protected":false},"excerpt":{"rendered":"<p>Marketing und Vertrieb Studiengang: Semester: Creditpoints: Inhalt: \u00a0 \u00a0 Lernziel: B.Eng. Wirtschaftsingenieurswesen 6. Semester 5 Grundbegriffe Besonderheiten und Forschungsans\u00e4tze des Investitionsg\u00fctermarketings Marketing-Management eines Investitionsg\u00fcterhersteller \u00a0 Sie sind in der Lage, f\u00fcr ausgew\u00e4hlte Investitionsg\u00fcter Marketingstrategien zu entwickeln. Sie kennen die wesentlichen Instrumente des Marketing-Controllings. Wissen um die besondere Bedeutung des Vertriebs innerhalb des Marketing-Mix f\u00fcr In-vestitionsg\u00fcter &hellip; <\/p>\n<p class=\"link-more\"><a href=\"https:\/\/flix-science.de\/de_de\/marketing-und-vertrieb\" class=\"more-link\"><span class=\"screen-reader-text\">\u201eMarketing und Vertrieb\u201c <\/span>weiterlesen<\/a><\/p>\n","protected":false},"author":1,"featured_media":0,"parent":0,"menu_order":0,"comment_status":"closed","ping_status":"closed","template":"elementor_header_footer","meta":{"footnotes":""},"class_list":["post-2367","page","type-page","status-publish","hentry"],"_links":{"self":[{"href":"https:\/\/flix-science.de\/de_de\/wp-json\/wp\/v2\/pages\/2367","targetHints":{"allow":["GET"]}}],"collection":[{"href":"https:\/\/flix-science.de\/de_de\/wp-json\/wp\/v2\/pages"}],"about":[{"href":"https:\/\/flix-science.de\/de_de\/wp-json\/wp\/v2\/types\/page"}],"author":[{"embeddable":true,"href":"https:\/\/flix-science.de\/de_de\/wp-json\/wp\/v2\/users\/1"}],"replies":[{"embeddable":true,"href":"https:\/\/flix-science.de\/de_de\/wp-json\/wp\/v2\/comments?post=2367"}],"version-history":[{"count":0,"href":"https:\/\/flix-science.de\/de_de\/wp-json\/wp\/v2\/pages\/2367\/revisions"}],"wp:attachment":[{"href":"https:\/\/flix-science.de\/de_de\/wp-json\/wp\/v2\/media?parent=2367"}],"curies":[{"name":"wp","href":"https:\/\/api.w.org\/{rel}","templated":true}]}}