{"id":1805,"date":"2022-08-09T10:12:25","date_gmt":"2022-08-09T10:12:25","guid":{"rendered":"https:\/\/flix-science.de\/?page_id=1805"},"modified":"2024-07-24T19:22:47","modified_gmt":"2024-07-24T19:22:47","slug":"promotionsmoeglichkeiten","status":"publish","type":"page","link":"https:\/\/flix-science.de\/de_de\/promotionsmoeglichkeiten","title":{"rendered":"Promotionsm\u00f6glichkeiten"},"content":{"rendered":"\t\t<div data-elementor-type=\"wp-page\" data-elementor-id=\"1805\" class=\"elementor elementor-1805\">\n\t\t\t\t\t\t<section class=\"elementor-section elementor-top-section elementor-element elementor-element-15eee54 elementor-section-boxed elementor-section-height-default elementor-section-height-default\" data-id=\"15eee54\" data-element_type=\"section\">\n\t\t\t\t\t\t<div class=\"elementor-container elementor-column-gap-default\">\n\t\t\t\t\t<div class=\"elementor-column elementor-col-100 elementor-top-column elementor-element elementor-element-38e95f2\" data-id=\"38e95f2\" data-element_type=\"column\">\n\t\t\t<div class=\"elementor-widget-wrap elementor-element-populated\">\n\t\t\t\t\t\t<div class=\"elementor-element elementor-element-80e57c1 elementor-widget elementor-widget-text-editor\" data-id=\"80e57c1\" data-element_type=\"widget\" data-widget_type=\"text-editor.default\">\n\t\t\t\t<div class=\"elementor-widget-container\">\n\t\t\t\t\t\t\t\t\t<h1><span style=\"color: #003366;\"><strong>Promotionsm\u00f6glichkeit<\/strong><\/span><\/h1>\t\t\t\t\t\t\t\t<\/div>\n\t\t\t\t<\/div>\n\t\t\t\t\t<\/div>\n\t\t<\/div>\n\t\t\t\t\t<\/div>\n\t\t<\/section>\n\t\t\t\t<section class=\"elementor-section elementor-top-section elementor-element elementor-element-246f983 elementor-section-boxed elementor-section-height-default elementor-section-height-default\" data-id=\"246f983\" data-element_type=\"section\">\n\t\t\t\t\t\t<div class=\"elementor-container elementor-column-gap-default\">\n\t\t\t\t\t<div class=\"elementor-column elementor-col-100 elementor-top-column elementor-element elementor-element-d7d94ae\" data-id=\"d7d94ae\" data-element_type=\"column\">\n\t\t\t<div class=\"elementor-widget-wrap elementor-element-populated\">\n\t\t\t\t\t\t<div class=\"elementor-element elementor-element-673fb88 elementor-widget elementor-widget-text-editor\" data-id=\"673fb88\" data-element_type=\"widget\" data-widget_type=\"text-editor.default\">\n\t\t\t\t<div class=\"elementor-widget-container\">\n\t\t\t\t\t\t\t\t\t<h2><span style=\"color: #003366;\"><strong>Internationale Promotionsm\u00f6glichkeit nach dem Masterstudium bei Prof. Niemann<\/strong><\/span><\/h2><p>F\u00fcr Studierende mit einem sehr guten Masterabschluss bietet das FLiX die M\u00f6glichkeit zur Promotion im Bereich Wirtschaftsingenieurwesen an. Die Promotion kann sowohl als wissenschaftlicher Mitarbeiter oder insbesondere auch auf nebenberuflicher Basis erfolgen. Die Promotionsdauer betr\u00e4gt mindestens 3 Jahre (je nach eigenem Flei\u00df und zeitlicher Verf\u00fcgbarkeit) und erfolgt \u00fcber die Doktorratsschule der Partneruniversit\u00e4t in Klausenburg\/Rum\u00e4nien.<\/p><p>\u00a0<\/p><h3><span style=\"color: #003366;\"><strong>Organisatorischer Ablauf<\/strong><\/span><\/h3><p>Das Promotionsstudium ist in mehrere Abschnitte\/Stufen gegliedert, \u00fcber deren zeitlichen Verlauf wissenschaftliche Ausarbeitungen, Forschungsarbeiten, Ver\u00f6ffentlichungen etc. geleistet werden m\u00fcssen. Die Erstellung der Doktorarbeit sowie die Durchf\u00fchrung der Zwischenpr\u00fcfungen erfolgen in englischer Sprache. Als ihr Doktorvater hat Prof. Niemann stets den Pr\u00fcfungsvorsitz.<\/p><p>Das Promotionsstudium ist in klare Etappen mit Meilensteinen gegliedert. Dies hilft enorm, das eigene Ziel (\u201ePromotion\u201c) nicht aus den Augen zu verlieren und die eigenen Forschungsarbeiten kontinuierlich voranzutreiben. Die Betreuung der Arbeit in Deutschland erm\u00f6glicht kurze (Abstimmungs-)Wege auch parallel zum Beruf.<\/p><p>Die Betreuung Ihrer Doktorarbeit kann weitgehend in Deutschland erfolgen, die Pr\u00fcfung(en) erfolgen online oder vor Ort in Rum\u00e4nien. Der verliehene Dr.-Titel ist aufgrund von europ\u00e4ischen Rahmenabkommen wie ein deutscher Doktortitel im Namen f\u00fchrbar (\u201eDr. Max Musterfrau\u201c) und im Pass\/Personalausweis eintragungsf\u00e4hig.<\/p><p>Der Bewerbungstermin zur Aufnahme an der Doktorratsschule ist stehts im Juli bzw. September eines Jahres.<\/p><p>\u00a0<\/p><h3><span style=\"color: #003366;\"><strong>Hintergrund<\/strong><\/span><\/h3><p>Prof. Niemann hat sich an der TU Klausenburg habilitiert und wurde 2019 als ordentliches Mitglied in die dortige Doktoratsschule aufgenommen. Prof. Niemann ist damit als Erstgutachter (\u201eDoktorvater\u201c) zur Durchf\u00fchrung und Betreuung von Promotionsverfahren berechtigt.<\/p><p>Prof. Niemann arbeitet seit mehr als 20 Jahren in Projekten sowie akademischen Austauschprogrammen mit der Technischen Universit\u00e4t in Klausenburg zusammen. Die TU Klausenburg genie\u00dft einen ausgezeichneten wissenschaftlichen Ruf.<\/p><p>\u00dcber die wissenschaftliche Anbindung an die TU Klausenburg und die HSD sowie Ihre wissenschaftlichen Ver\u00f6ffentlichungen\/Konferenzteilnahmen im In- und Ausland entsteht in der Kombination mit Ihrem pers\u00f6nlichen beruflichem Hintergrund Ihr eigenes international gepr\u00e4gtes Netzwerk aus Forschung und Praxis f\u00fcr Ihre Dissertation. W\u00e4hrend Ihrer Promotion sind Sie an der TU Cluj-Napoca als Promotionsstudent eingeschrieben.<\/p><p>\u00a0<\/p><p><strong>Interessenten melden sich bitte bei Prof. Niemann (<a href=\"mailto:joerg.niemann@hs-duesseldorf.de\">joerg.niemann@hs-duesseldorf.de<\/a>)<\/strong><\/p>\t\t\t\t\t\t\t\t<\/div>\n\t\t\t\t<\/div>\n\t\t\t\t\t<\/div>\n\t\t<\/div>\n\t\t\t\t\t<\/div>\n\t\t<\/section>\n\t\t\t\t<section class=\"elementor-section elementor-top-section elementor-element elementor-element-50512a9 elementor-section-boxed elementor-section-height-default elementor-section-height-default\" data-id=\"50512a9\" data-element_type=\"section\">\n\t\t\t\t\t\t<div class=\"elementor-container elementor-column-gap-default\">\n\t\t\t\t\t<div class=\"elementor-column elementor-col-50 elementor-top-column elementor-element elementor-element-9f1e771\" data-id=\"9f1e771\" data-element_type=\"column\">\n\t\t\t<div class=\"elementor-widget-wrap elementor-element-populated\">\n\t\t\t\t\t\t<div class=\"elementor-element elementor-element-2559a2d elementor-widget elementor-widget-text-editor\" data-id=\"2559a2d\" data-element_type=\"widget\" data-widget_type=\"text-editor.default\">\n\t\t\t\t<div class=\"elementor-widget-container\">\n\t\t\t\t\t\t\t\t\t<p>Generelle Informationen sowie einen Ablaufplan finden Sie hier:<\/p>\t\t\t\t\t\t\t\t<\/div>\n\t\t\t\t<\/div>\n\t\t\t\t\t<\/div>\n\t\t<\/div>\n\t\t\t\t<div class=\"elementor-column elementor-col-50 elementor-top-column elementor-element elementor-element-5670042\" data-id=\"5670042\" data-element_type=\"column\">\n\t\t\t<div class=\"elementor-widget-wrap elementor-element-populated\">\n\t\t\t\t\t\t<div class=\"elementor-element elementor-element-ed27c42 elementor-align-justify elementor-widget elementor-widget-button\" data-id=\"ed27c42\" data-element_type=\"widget\" data-widget_type=\"button.default\">\n\t\t\t\t<div class=\"elementor-widget-container\">\n\t\t\t\t\t\t\t\t\t<div class=\"elementor-button-wrapper\">\n\t\t\t\t\t<a class=\"elementor-button elementor-button-link elementor-size-md\" href=\"https:\/\/flix-science.de\/wp-content\/uploads\/2024\/07\/Ph.D.-process-IOSUD-Cluj-final-engl-1.pdf\">\n\t\t\t\t\t\t<span class=\"elementor-button-content-wrapper\">\n\t\t\t\t\t\t\t\t\t<span class=\"elementor-button-text\">Promotionsm\u00f6glichkeit<\/span>\n\t\t\t\t\t<\/span>\n\t\t\t\t\t<\/a>\n\t\t\t\t<\/div>\n\t\t\t\t\t\t\t\t<\/div>\n\t\t\t\t<\/div>\n\t\t\t\t\t<\/div>\n\t\t<\/div>\n\t\t\t\t\t<\/div>\n\t\t<\/section>\n\t\t\t\t<\/div>\n\t\t","protected":false},"excerpt":{"rendered":"<p>Promotionsm\u00f6glichkeit Internationale Promotionsm\u00f6glichkeit nach dem Masterstudium bei Prof. Niemann F\u00fcr Studierende mit einem sehr guten Masterabschluss bietet das FLiX die M\u00f6glichkeit zur Promotion im Bereich Wirtschaftsingenieurwesen an. Die Promotion kann sowohl als wissenschaftlicher Mitarbeiter oder insbesondere auch auf nebenberuflicher Basis erfolgen. Die Promotionsdauer betr\u00e4gt mindestens 3 Jahre (je nach eigenem Flei\u00df und zeitlicher Verf\u00fcgbarkeit) und &hellip; <\/p>\n<p class=\"link-more\"><a href=\"https:\/\/flix-science.de\/de_de\/promotionsmoeglichkeiten\" class=\"more-link\"><span class=\"screen-reader-text\">\u201ePromotionsm\u00f6glichkeiten\u201c <\/span>weiterlesen<\/a><\/p>\n","protected":false},"author":1,"featured_media":0,"parent":0,"menu_order":0,"comment_status":"closed","ping_status":"closed","template":"elementor_header_footer","meta":{"footnotes":""},"class_list":["post-1805","page","type-page","status-publish","hentry"],"_links":{"self":[{"href":"https:\/\/flix-science.de\/de_de\/wp-json\/wp\/v2\/pages\/1805","targetHints":{"allow":["GET"]}}],"collection":[{"href":"https:\/\/flix-science.de\/de_de\/wp-json\/wp\/v2\/pages"}],"about":[{"href":"https:\/\/flix-science.de\/de_de\/wp-json\/wp\/v2\/types\/page"}],"author":[{"embeddable":true,"href":"https:\/\/flix-science.de\/de_de\/wp-json\/wp\/v2\/users\/1"}],"replies":[{"embeddable":true,"href":"https:\/\/flix-science.de\/de_de\/wp-json\/wp\/v2\/comments?post=1805"}],"version-history":[{"count":0,"href":"https:\/\/flix-science.de\/de_de\/wp-json\/wp\/v2\/pages\/1805\/revisions"}],"wp:attachment":[{"href":"https:\/\/flix-science.de\/de_de\/wp-json\/wp\/v2\/media?parent=1805"}],"curies":[{"name":"wp","href":"https:\/\/api.w.org\/{rel}","templated":true}]}}