{"id":1770,"date":"2022-07-27T13:11:23","date_gmt":"2022-07-27T13:11:23","guid":{"rendered":"https:\/\/flix-science.de\/?page_id=1770"},"modified":"2022-10-31T07:58:18","modified_gmt":"2022-10-31T07:58:18","slug":"industrial-services","status":"publish","type":"page","link":"https:\/\/flix-science.de\/de_de\/industrial-services","title":{"rendered":"Industrial Services"},"content":{"rendered":"\t\t<div data-elementor-type=\"wp-page\" data-elementor-id=\"1770\" class=\"elementor elementor-1770\">\n\t\t\t\t\t\t<section class=\"elementor-section elementor-top-section elementor-element elementor-element-acfc28b elementor-section-boxed elementor-section-height-default elementor-section-height-default\" data-id=\"acfc28b\" data-element_type=\"section\">\n\t\t\t\t\t\t<div class=\"elementor-container elementor-column-gap-default\">\n\t\t\t\t\t<div class=\"elementor-column elementor-col-100 elementor-top-column elementor-element elementor-element-8ba16a0\" data-id=\"8ba16a0\" data-element_type=\"column\">\n\t\t\t<div class=\"elementor-widget-wrap elementor-element-populated\">\n\t\t\t\t\t\t<div class=\"elementor-element elementor-element-8e5a66a elementor-widget elementor-widget-text-editor\" data-id=\"8e5a66a\" data-element_type=\"widget\" data-widget_type=\"text-editor.default\">\n\t\t\t\t<div class=\"elementor-widget-container\">\n\t\t\t\t\t\t\t\t\t<h1><span style=\"color: #003366;\"><strong>Industrial Services<\/strong> <\/span><\/h1>\t\t\t\t\t\t\t\t<\/div>\n\t\t\t\t<\/div>\n\t\t\t\t\t<\/div>\n\t\t<\/div>\n\t\t\t\t\t<\/div>\n\t\t<\/section>\n\t\t\t\t<section class=\"elementor-section elementor-top-section elementor-element elementor-element-b202017 elementor-section-boxed elementor-section-height-default elementor-section-height-default\" data-id=\"b202017\" data-element_type=\"section\">\n\t\t\t\t\t\t<div class=\"elementor-container elementor-column-gap-default\">\n\t\t\t\t\t<div class=\"elementor-column elementor-col-100 elementor-top-column elementor-element elementor-element-aacd736\" data-id=\"aacd736\" data-element_type=\"column\">\n\t\t\t<div class=\"elementor-widget-wrap elementor-element-populated\">\n\t\t\t\t\t\t<div class=\"elementor-element elementor-element-df73117 elementor-widget elementor-widget-image\" data-id=\"df73117\" data-element_type=\"widget\" data-widget_type=\"image.default\">\n\t\t\t\t<div class=\"elementor-widget-container\">\n\t\t\t\t\t\t\t\t\t\t\t\t\t\t\t<img fetchpriority=\"high\" decoding=\"async\" width=\"525\" height=\"246\" src=\"https:\/\/flix-science.de\/wp-content\/uploads\/2022\/08\/Bild_Service_Engineering-1024x479.jpg\" class=\"attachment-large size-large wp-image-1897\" alt=\"\" srcset=\"https:\/\/flix-science.de\/wp-content\/uploads\/2022\/08\/Bild_Service_Engineering-1024x479.jpg 1024w, https:\/\/flix-science.de\/wp-content\/uploads\/2022\/08\/Bild_Service_Engineering-300x140.jpg 300w, https:\/\/flix-science.de\/wp-content\/uploads\/2022\/08\/Bild_Service_Engineering-768x359.jpg 768w, https:\/\/flix-science.de\/wp-content\/uploads\/2022\/08\/Bild_Service_Engineering-1536x719.jpg 1536w, https:\/\/flix-science.de\/wp-content\/uploads\/2022\/08\/Bild_Service_Engineering-2048x958.jpg 2048w, https:\/\/flix-science.de\/wp-content\/uploads\/2022\/08\/Bild_Service_Engineering-18x8.jpg 18w\" sizes=\"100vw\" \/>\t\t\t\t\t\t\t\t\t\t\t\t\t\t\t<\/div>\n\t\t\t\t<\/div>\n\t\t\t\t\t<\/div>\n\t\t<\/div>\n\t\t\t\t\t<\/div>\n\t\t<\/section>\n\t\t\t\t<section class=\"elementor-section elementor-top-section elementor-element elementor-element-db06018 elementor-section-boxed elementor-section-height-default elementor-section-height-default\" data-id=\"db06018\" data-element_type=\"section\">\n\t\t\t\t\t\t<div class=\"elementor-container elementor-column-gap-default\">\n\t\t\t\t\t<div class=\"elementor-column elementor-col-100 elementor-top-column elementor-element elementor-element-995b71e\" data-id=\"995b71e\" data-element_type=\"column\">\n\t\t\t<div class=\"elementor-widget-wrap elementor-element-populated\">\n\t\t\t\t\t\t<div class=\"elementor-element elementor-element-f54756f elementor-widget elementor-widget-text-editor\" data-id=\"f54756f\" data-element_type=\"widget\" data-widget_type=\"text-editor.default\">\n\t\t\t\t<div class=\"elementor-widget-container\">\n\t\t\t\t\t\t\t\t\t<div><span style=\"font-size: 14pt; color: #003366;\">Das FLiX besch\u00e4ftigt sich mit der Konzeption von modernen Gesch\u00e4ftsmodellen f\u00fcr Industrial Services im technischen Bereich.<\/span><\/div><div>\u00a0<\/div><div><span style=\"color: #003366; font-size: 14pt;\">Die Projekte mit unsere Partnern aus der Forschung und Industrie umfassen dabei die Entwicklung von Dienstleistungen und modernen Gesch\u00e4ftsmodellen, die technisch-organisatorische Prozessplanung bis hin zur Nutzenargumentation f\u00fcr den Vertrieb.<\/span><\/div><div><span style=\"color: #003366; font-size: 14pt;\">Ein besonderer Fokus liegt auf der Life Cycle orientierten Beurteilung der Wirtschaftlichkeit \u00fcber den Life Cycle Costing\/Total Cost of Ownership Ansatz.<\/span><\/div><div><span style=\"color: #003366; font-size: 14pt;\">\u00dcber Eye-Tracking Instrumente f\u00fchren wir Studien zur Ergonomie von Arbeitsprozessen sowie zur Wirksamkeit der Dienstleistungserbringung aus Anwender- und\/oder Nutzersicht durch.<\/span><\/div><div><span style=\"color: #003366; font-size: 14pt;\">\u00dcber die Aufzeichnung der Augenbewegung eines Nutzers lassen sich sog. &#8222;Usability Studien&#8220; direkt an einem Produkt duchf\u00fchren, die Aufschluss und Anregungen \u00fcber die Handhabung von Produkten -buchst\u00e4blich- aus der &#8222;Sicht&#8220; der Anwender gibt.<\/span><\/div><div><span style=\"color: #003366; font-size: 14pt;\">Diese Methodik wenden wir ebenso f\u00fcr Studien zur Benutzerfreundlichkeit von Softwaresystemen oder Webseiten an.<\/span><\/div><div><span style=\"color: #003366; font-size: 14pt;\">Die Beobachtung und Analyse des &#8222;Nutzererlebnisses&#8220; deckt dabei Optimierungspotenziale auf, die zu einem erh\u00f6hten Kundennutzen sowie Kosteneinsparungen beitragen.<\/span><\/div>\t\t\t\t\t\t\t\t<\/div>\n\t\t\t\t<\/div>\n\t\t\t\t\t<\/div>\n\t\t<\/div>\n\t\t\t\t\t<\/div>\n\t\t<\/section>\n\t\t\t\t<\/div>\n\t\t","protected":false},"excerpt":{"rendered":"<p>Industrial Services Das FLiX besch\u00e4ftigt sich mit der Konzeption von modernen Gesch\u00e4ftsmodellen f\u00fcr Industrial Services im technischen Bereich.\u00a0Die Projekte mit unsere Partnern aus der Forschung und Industrie umfassen dabei die Entwicklung von Dienstleistungen und modernen Gesch\u00e4ftsmodellen, die technisch-organisatorische Prozessplanung bis hin zur Nutzenargumentation f\u00fcr den Vertrieb.Ein besonderer Fokus liegt auf der Life Cycle orientierten Beurteilung &hellip; <\/p>\n<p class=\"link-more\"><a href=\"https:\/\/flix-science.de\/de_de\/industrial-services\" class=\"more-link\"><span class=\"screen-reader-text\">\u201eIndustrial Services\u201c <\/span>weiterlesen<\/a><\/p>\n","protected":false},"author":1,"featured_media":0,"parent":0,"menu_order":0,"comment_status":"closed","ping_status":"closed","template":"elementor_header_footer","meta":{"footnotes":""},"class_list":["post-1770","page","type-page","status-publish","hentry"],"_links":{"self":[{"href":"https:\/\/flix-science.de\/de_de\/wp-json\/wp\/v2\/pages\/1770","targetHints":{"allow":["GET"]}}],"collection":[{"href":"https:\/\/flix-science.de\/de_de\/wp-json\/wp\/v2\/pages"}],"about":[{"href":"https:\/\/flix-science.de\/de_de\/wp-json\/wp\/v2\/types\/page"}],"author":[{"embeddable":true,"href":"https:\/\/flix-science.de\/de_de\/wp-json\/wp\/v2\/users\/1"}],"replies":[{"embeddable":true,"href":"https:\/\/flix-science.de\/de_de\/wp-json\/wp\/v2\/comments?post=1770"}],"version-history":[{"count":0,"href":"https:\/\/flix-science.de\/de_de\/wp-json\/wp\/v2\/pages\/1770\/revisions"}],"wp:attachment":[{"href":"https:\/\/flix-science.de\/de_de\/wp-json\/wp\/v2\/media?parent=1770"}],"curies":[{"name":"wp","href":"https:\/\/api.w.org\/{rel}","templated":true}]}}