{"id":1763,"date":"2022-07-27T12:43:18","date_gmt":"2022-07-27T12:43:18","guid":{"rendered":"https:\/\/flix-science.de\/?page_id=1763"},"modified":"2022-10-27T13:19:03","modified_gmt":"2022-10-27T13:19:03","slug":"forschung","status":"publish","type":"page","link":"https:\/\/flix-science.de\/de_de\/forschung","title":{"rendered":"Forschung"},"content":{"rendered":"\t\t<div data-elementor-type=\"wp-page\" data-elementor-id=\"1763\" class=\"elementor elementor-1763\">\n\t\t\t\t\t\t<section class=\"elementor-section elementor-top-section elementor-element elementor-element-d400b59 elementor-section-boxed elementor-section-height-default elementor-section-height-default\" data-id=\"d400b59\" data-element_type=\"section\">\n\t\t\t\t\t\t<div class=\"elementor-container elementor-column-gap-default\">\n\t\t\t\t\t<div class=\"elementor-column elementor-col-100 elementor-top-column elementor-element elementor-element-57a35e4\" data-id=\"57a35e4\" data-element_type=\"column\">\n\t\t\t<div class=\"elementor-widget-wrap elementor-element-populated\">\n\t\t\t\t\t\t<div class=\"elementor-element elementor-element-a6909f3 elementor-widget elementor-widget-text-editor\" data-id=\"a6909f3\" data-element_type=\"widget\" data-widget_type=\"text-editor.default\">\n\t\t\t\t<div class=\"elementor-widget-container\">\n\t\t\t\t\t\t\t\t\t<h1 style=\"text-align: left;\"><span style=\"color: #003366;\"><strong>\u00a0Unsere Forschungsschwerpunkte\u00a0<\/strong><\/span><\/h1><p style=\"text-align: center;\">\u00a0<\/p>\t\t\t\t\t\t\t\t<\/div>\n\t\t\t\t<\/div>\n\t\t\t\t\t<\/div>\n\t\t<\/div>\n\t\t\t\t\t<\/div>\n\t\t<\/section>\n\t\t\t\t<section class=\"elementor-section elementor-top-section elementor-element elementor-element-866c1df elementor-section-boxed elementor-section-height-default elementor-section-height-default\" data-id=\"866c1df\" data-element_type=\"section\">\n\t\t\t\t\t\t<div class=\"elementor-container elementor-column-gap-default\">\n\t\t\t\t\t<div class=\"elementor-column elementor-col-33 elementor-top-column elementor-element elementor-element-c6f0e18\" data-id=\"c6f0e18\" data-element_type=\"column\">\n\t\t\t<div class=\"elementor-widget-wrap elementor-element-populated\">\n\t\t\t\t\t\t<div class=\"elementor-element elementor-element-46083d2 elementor-widget elementor-widget-image\" data-id=\"46083d2\" data-element_type=\"widget\" data-widget_type=\"image.default\">\n\t\t\t\t<div class=\"elementor-widget-container\">\n\t\t\t\t\t\t\t\t\t\t\t\t\t\t\t\t<a href=\"https:\/\/flix-science.de\/de_de\/engineering-education\">\n\t\t\t\t\t\t\t<img fetchpriority=\"high\" decoding=\"async\" width=\"525\" height=\"295\" src=\"https:\/\/flix-science.de\/wp-content\/uploads\/2022\/08\/Bild_Education-1024x576.jpg\" class=\"elementor-animation-pop attachment-large size-large wp-image-1893\" alt=\"\" srcset=\"https:\/\/flix-science.de\/wp-content\/uploads\/2022\/08\/Bild_Education-1024x576.jpg 1024w, https:\/\/flix-science.de\/wp-content\/uploads\/2022\/08\/Bild_Education-300x169.jpg 300w, https:\/\/flix-science.de\/wp-content\/uploads\/2022\/08\/Bild_Education-768x432.jpg 768w, https:\/\/flix-science.de\/wp-content\/uploads\/2022\/08\/Bild_Education-1536x864.jpg 1536w, https:\/\/flix-science.de\/wp-content\/uploads\/2022\/08\/Bild_Education-2048x1152.jpg 2048w, https:\/\/flix-science.de\/wp-content\/uploads\/2022\/08\/Bild_Education-18x10.jpg 18w\" sizes=\"100vw\" \/>\t\t\t\t\t\t\t\t<\/a>\n\t\t\t\t\t\t\t\t\t\t\t\t\t\t\t<\/div>\n\t\t\t\t<\/div>\n\t\t\t\t\t<\/div>\n\t\t<\/div>\n\t\t\t\t<div class=\"elementor-column elementor-col-66 elementor-top-column elementor-element elementor-element-1557ecd\" data-id=\"1557ecd\" data-element_type=\"column\">\n\t\t\t<div class=\"elementor-widget-wrap elementor-element-populated\">\n\t\t\t\t\t\t<div class=\"elementor-element elementor-element-3c59315 elementor-widget elementor-widget-text-editor\" data-id=\"3c59315\" data-element_type=\"widget\" data-widget_type=\"text-editor.default\">\n\t\t\t\t<div class=\"elementor-widget-container\">\n\t\t\t\t\t\t\t\t\t<p><span style=\"color: #003366; font-size: 18pt;\"><a style=\"color: #003366;\" href=\"https:\/\/flix-science.de\/de_de\/engineering-education\"><strong>Engineering Education<\/strong> <\/a><\/span><span style=\"font-size: 14pt; color: #003366;\">stellt ein weltweit stark wachsendes Forschungsgebiet dar. Ziel ist die kontinuierliche Weiterentwicklung der ingenieurwissenschaftlichen Ausbildung, auch im Hinblick auf die sich ver\u00e4ndernden industriellen und gesellschaftlichen Bed\u00fcrfnisse. Hierbei spielen in einer globalisierten, digitalen Welt die M\u00f6glichkeiten von Online-Lehre sowie der Fokus auf Soft Skills eine immer gr\u00f6\u00dfere Rolle. Die kooperative Forschung zusammen mit den s\u00fcdafrikanischen Partnern umfasst u.a. die globale Ausrichtung einer modernen ingenieurwissenschaftlichen Ausbildung in einem kulturell-herausfordernden Umfeld.<\/span><\/p>\t\t\t\t\t\t\t\t<\/div>\n\t\t\t\t<\/div>\n\t\t\t\t\t<\/div>\n\t\t<\/div>\n\t\t\t\t\t<\/div>\n\t\t<\/section>\n\t\t\t\t<section class=\"elementor-section elementor-top-section elementor-element elementor-element-3a66829 elementor-section-boxed elementor-section-height-default elementor-section-height-default\" data-id=\"3a66829\" data-element_type=\"section\">\n\t\t\t\t\t\t<div class=\"elementor-container elementor-column-gap-default\">\n\t\t\t\t\t<div class=\"elementor-column elementor-col-33 elementor-top-column elementor-element elementor-element-5cec8f0\" data-id=\"5cec8f0\" data-element_type=\"column\">\n\t\t\t<div class=\"elementor-widget-wrap elementor-element-populated\">\n\t\t\t\t\t\t<div class=\"elementor-element elementor-element-00b1028 elementor-widget elementor-widget-image\" data-id=\"00b1028\" data-element_type=\"widget\" data-widget_type=\"image.default\">\n\t\t\t\t<div class=\"elementor-widget-container\">\n\t\t\t\t\t\t\t\t\t\t\t\t\t\t\t\t<a href=\"https:\/\/flix-science.de\/de_de\/industrial-services\">\n\t\t\t\t\t\t\t<img decoding=\"async\" width=\"525\" height=\"246\" src=\"https:\/\/flix-science.de\/wp-content\/uploads\/2022\/08\/Bild_Service_Engineering-1024x479.jpg\" class=\"elementor-animation-pop attachment-large size-large wp-image-1897\" alt=\"\" srcset=\"https:\/\/flix-science.de\/wp-content\/uploads\/2022\/08\/Bild_Service_Engineering-1024x479.jpg 1024w, https:\/\/flix-science.de\/wp-content\/uploads\/2022\/08\/Bild_Service_Engineering-300x140.jpg 300w, https:\/\/flix-science.de\/wp-content\/uploads\/2022\/08\/Bild_Service_Engineering-768x359.jpg 768w, https:\/\/flix-science.de\/wp-content\/uploads\/2022\/08\/Bild_Service_Engineering-1536x719.jpg 1536w, https:\/\/flix-science.de\/wp-content\/uploads\/2022\/08\/Bild_Service_Engineering-2048x958.jpg 2048w, https:\/\/flix-science.de\/wp-content\/uploads\/2022\/08\/Bild_Service_Engineering-18x8.jpg 18w\" sizes=\"100vw\" \/>\t\t\t\t\t\t\t\t<\/a>\n\t\t\t\t\t\t\t\t\t\t\t\t\t\t\t<\/div>\n\t\t\t\t<\/div>\n\t\t\t\t\t<\/div>\n\t\t<\/div>\n\t\t\t\t<div class=\"elementor-column elementor-col-66 elementor-top-column elementor-element elementor-element-8f120d5\" data-id=\"8f120d5\" data-element_type=\"column\">\n\t\t\t<div class=\"elementor-widget-wrap elementor-element-populated\">\n\t\t\t\t\t\t<div class=\"elementor-element elementor-element-96123e7 elementor-widget elementor-widget-text-editor\" data-id=\"96123e7\" data-element_type=\"widget\" data-widget_type=\"text-editor.default\">\n\t\t\t\t<div class=\"elementor-widget-container\">\n\t\t\t\t\t\t\t\t\t<p><span style=\"color: #003366; font-size: 18pt;\"><a style=\"color: #003366;\" href=\"https:\/\/flix-science.de\/de_de\/industrial-services\"><strong>Industrial Services\u00a0<\/strong><\/a><\/span><span style=\"font-size: 14pt; color: #003366;\">sind heute integraler Bestandteil f\u00fcr den Erfolg eines jeden Unternehmens. Sei es zur Unterst\u00fctzung in der Produktion oder als Bestandteil des eigenen Produktportfolios f\u00fcr die Kunden. Wie lassen sich diese Services entlang des Produktlebenslaufes methodisch entwickeln, in ihrer Wirksamkeit technisch\/organisatorisch optimieren und hinsichtlich der Wirtschaftlichkeit bewerten? F\u00fcr diese Fragestellungen forschen und entwickeln wir praxisorientierte Business Cases. <br \/><\/span><\/p>\t\t\t\t\t\t\t\t<\/div>\n\t\t\t\t<\/div>\n\t\t\t\t\t<\/div>\n\t\t<\/div>\n\t\t\t\t\t<\/div>\n\t\t<\/section>\n\t\t\t\t<section class=\"elementor-section elementor-top-section elementor-element elementor-element-e89210c elementor-section-boxed elementor-section-height-default elementor-section-height-default\" data-id=\"e89210c\" data-element_type=\"section\">\n\t\t\t\t\t\t<div class=\"elementor-container elementor-column-gap-default\">\n\t\t\t\t\t<div class=\"elementor-column elementor-col-33 elementor-top-column elementor-element elementor-element-1017f5b\" data-id=\"1017f5b\" data-element_type=\"column\">\n\t\t\t<div class=\"elementor-widget-wrap elementor-element-populated\">\n\t\t\t\t\t\t<div class=\"elementor-element elementor-element-29c4950 elementor-widget elementor-widget-image\" data-id=\"29c4950\" data-element_type=\"widget\" data-widget_type=\"image.default\">\n\t\t\t\t<div class=\"elementor-widget-container\">\n\t\t\t\t\t\t\t\t\t\t\t\t\t\t\t\t<a href=\"https:\/\/flix-science.de\/de_de\/gruendung\">\n\t\t\t\t\t\t\t<img decoding=\"async\" width=\"525\" height=\"350\" src=\"https:\/\/flix-science.de\/wp-content\/uploads\/2022\/08\/Bild_Entrepeneur-1024x683.jpg\" class=\"elementor-animation-pop attachment-large size-large wp-image-1895\" alt=\"\" srcset=\"https:\/\/flix-science.de\/wp-content\/uploads\/2022\/08\/Bild_Entrepeneur-1024x683.jpg 1024w, https:\/\/flix-science.de\/wp-content\/uploads\/2022\/08\/Bild_Entrepeneur-300x200.jpg 300w, https:\/\/flix-science.de\/wp-content\/uploads\/2022\/08\/Bild_Entrepeneur-768x512.jpg 768w, https:\/\/flix-science.de\/wp-content\/uploads\/2022\/08\/Bild_Entrepeneur-1536x1024.jpg 1536w, https:\/\/flix-science.de\/wp-content\/uploads\/2022\/08\/Bild_Entrepeneur-2048x1365.jpg 2048w, https:\/\/flix-science.de\/wp-content\/uploads\/2022\/08\/Bild_Entrepeneur-18x12.jpg 18w\" sizes=\"100vw\" \/>\t\t\t\t\t\t\t\t<\/a>\n\t\t\t\t\t\t\t\t\t\t\t\t\t\t\t<\/div>\n\t\t\t\t<\/div>\n\t\t\t\t\t<\/div>\n\t\t<\/div>\n\t\t\t\t<div class=\"elementor-column elementor-col-66 elementor-top-column elementor-element elementor-element-511b8e2\" data-id=\"511b8e2\" data-element_type=\"column\">\n\t\t\t<div class=\"elementor-widget-wrap elementor-element-populated\">\n\t\t\t\t\t\t<div class=\"elementor-element elementor-element-5bf7132 elementor-widget elementor-widget-text-editor\" data-id=\"5bf7132\" data-element_type=\"widget\" data-widget_type=\"text-editor.default\">\n\t\t\t\t<div class=\"elementor-widget-container\">\n\t\t\t\t\t\t\t\t\t<p><span style=\"color: #003366;\"><strong><a style=\"color: #003366;\" href=\"https:\/\/flix-science.de\/de_de\/gruendung\"><span style=\"font-size: 14pt;\"><span style=\"font-size: 18pt;\">Tech Entrepreneurship <\/span><\/span><\/a><\/strong><\/span><span style=\"font-size: 14pt; color: #003366;\">f\u00f6rdert das unternehmerische Denken im Studium und bietet eine erste Anlaufstelle im Fachbereich Maschinenbau und Verfahrenstechnik f\u00fcr alle Themen rund um Entrepreneurship. Von &#8222;Ich habe Ineresse an der StartUp Szene!&#8220; \u00fcber &#8222;Ich habe eine Idee!&#8220; bis hin zu &#8222;Ich m\u00f6chte\/habe gegr\u00fcndet!&#8220;. Wir unterst\u00fctzen die Studierenden, indem wir Kompetenzen vermitteln, Beraten, Coachen und sie mit in die StartUp Szene einbinden.<\/span><\/p>\t\t\t\t\t\t\t\t<\/div>\n\t\t\t\t<\/div>\n\t\t\t\t\t<\/div>\n\t\t<\/div>\n\t\t\t\t\t<\/div>\n\t\t<\/section>\n\t\t\t\t<\/div>\n\t\t","protected":false},"excerpt":{"rendered":"<p>\u00a0Unsere Forschungsschwerpunkte\u00a0 \u00a0 Engineering Education stellt ein weltweit stark wachsendes Forschungsgebiet dar. Ziel ist die kontinuierliche Weiterentwicklung der ingenieurwissenschaftlichen Ausbildung, auch im Hinblick auf die sich ver\u00e4ndernden industriellen und gesellschaftlichen Bed\u00fcrfnisse. Hierbei spielen in einer globalisierten, digitalen Welt die M\u00f6glichkeiten von Online-Lehre sowie der Fokus auf Soft Skills eine immer gr\u00f6\u00dfere Rolle. Die kooperative Forschung &hellip; <\/p>\n<p class=\"link-more\"><a href=\"https:\/\/flix-science.de\/de_de\/forschung\" class=\"more-link\"><span class=\"screen-reader-text\">\u201eForschung\u201c <\/span>weiterlesen<\/a><\/p>\n","protected":false},"author":1,"featured_media":0,"parent":0,"menu_order":0,"comment_status":"closed","ping_status":"closed","template":"elementor_header_footer","meta":{"footnotes":""},"class_list":["post-1763","page","type-page","status-publish","hentry"],"_links":{"self":[{"href":"https:\/\/flix-science.de\/de_de\/wp-json\/wp\/v2\/pages\/1763","targetHints":{"allow":["GET"]}}],"collection":[{"href":"https:\/\/flix-science.de\/de_de\/wp-json\/wp\/v2\/pages"}],"about":[{"href":"https:\/\/flix-science.de\/de_de\/wp-json\/wp\/v2\/types\/page"}],"author":[{"embeddable":true,"href":"https:\/\/flix-science.de\/de_de\/wp-json\/wp\/v2\/users\/1"}],"replies":[{"embeddable":true,"href":"https:\/\/flix-science.de\/de_de\/wp-json\/wp\/v2\/comments?post=1763"}],"version-history":[{"count":0,"href":"https:\/\/flix-science.de\/de_de\/wp-json\/wp\/v2\/pages\/1763\/revisions"}],"wp:attachment":[{"href":"https:\/\/flix-science.de\/de_de\/wp-json\/wp\/v2\/media?parent=1763"}],"curies":[{"name":"wp","href":"https:\/\/api.w.org\/{rel}","templated":true}]}}