{"id":1363,"date":"2020-03-19T12:51:10","date_gmt":"2020-03-19T12:51:10","guid":{"rendered":"https:\/\/flix-science.de\/?page_id=1363"},"modified":"2020-03-19T12:58:23","modified_gmt":"2020-03-19T12:58:23","slug":"start-up-woche","status":"publish","type":"page","link":"https:\/\/flix-science.de\/de_de\/veranstaltungen\/start-up-woche","title":{"rendered":"Start &#8211; Up- Woche"},"content":{"rendered":"\t\t<div data-elementor-type=\"wp-page\" data-elementor-id=\"1363\" class=\"elementor elementor-1363\">\n\t\t\t\t\t\t<section class=\"elementor-section elementor-top-section elementor-element elementor-element-b088204 elementor-section-boxed elementor-section-height-default elementor-section-height-default\" data-id=\"b088204\" data-element_type=\"section\">\n\t\t\t\t\t\t<div class=\"elementor-container elementor-column-gap-default\">\n\t\t\t\t\t<div class=\"elementor-column elementor-col-100 elementor-top-column elementor-element elementor-element-3a5a44a\" data-id=\"3a5a44a\" data-element_type=\"column\">\n\t\t\t<div class=\"elementor-widget-wrap elementor-element-populated\">\n\t\t\t\t\t\t<div class=\"elementor-element elementor-element-6b4be13 elementor-widget elementor-widget-heading\" data-id=\"6b4be13\" data-element_type=\"widget\" data-widget_type=\"heading.default\">\n\t\t\t\t<div class=\"elementor-widget-container\">\n\t\t\t\t\t<h2 class=\"elementor-heading-title elementor-size-default\">Veranstaltung: Start-Up-Woche D\u00fcsseldorf <\/h2>\t\t\t\t<\/div>\n\t\t\t\t<\/div>\n\t\t\t\t\t<\/div>\n\t\t<\/div>\n\t\t\t\t\t<\/div>\n\t\t<\/section>\n\t\t\t\t<section class=\"elementor-section elementor-top-section elementor-element elementor-element-1088958 elementor-section-boxed elementor-section-height-default elementor-section-height-default\" data-id=\"1088958\" data-element_type=\"section\">\n\t\t\t\t\t\t<div class=\"elementor-container elementor-column-gap-default\">\n\t\t\t\t\t<div class=\"elementor-column elementor-col-100 elementor-top-column elementor-element elementor-element-fde5c65\" data-id=\"fde5c65\" data-element_type=\"column\">\n\t\t\t<div class=\"elementor-widget-wrap elementor-element-populated\">\n\t\t\t\t\t\t<div class=\"elementor-element elementor-element-e191a02 elementor-widget elementor-widget-spacer\" data-id=\"e191a02\" data-element_type=\"widget\" data-widget_type=\"spacer.default\">\n\t\t\t\t<div class=\"elementor-widget-container\">\n\t\t\t\t\t\t\t<div class=\"elementor-spacer\">\n\t\t\t<div class=\"elementor-spacer-inner\"><\/div>\n\t\t<\/div>\n\t\t\t\t\t\t<\/div>\n\t\t\t\t<\/div>\n\t\t\t\t\t<\/div>\n\t\t<\/div>\n\t\t\t\t\t<\/div>\n\t\t<\/section>\n\t\t\t\t<section class=\"elementor-section elementor-top-section elementor-element elementor-element-e18dec7 elementor-section-boxed elementor-section-height-default elementor-section-height-default\" data-id=\"e18dec7\" data-element_type=\"section\">\n\t\t\t\t\t\t<div class=\"elementor-container elementor-column-gap-default\">\n\t\t\t\t\t<div class=\"elementor-column elementor-col-100 elementor-top-column elementor-element elementor-element-fb70a5f\" data-id=\"fb70a5f\" data-element_type=\"column\">\n\t\t\t<div class=\"elementor-widget-wrap elementor-element-populated\">\n\t\t\t\t\t\t<div class=\"elementor-element elementor-element-dcda97d elementor-widget elementor-widget-text-editor\" data-id=\"dcda97d\" data-element_type=\"widget\" data-widget_type=\"text-editor.default\">\n\t\t\t\t<div class=\"elementor-widget-container\">\n\t\t\t\t\t\t\t\t\t<p>\u00dcber Ideen. \u00dcber Innovationen. \u00dcber Pr\u00e4senz. \u00dcber Vorteile. \u00dcber Wissen. \u00dcber Kontakte. Kurz gesagt: \u00fcber Ihr Unternehmen.<\/p><p>Auf der Startup-Woche D\u00fcsseldorf treffen Vision\u00e4re, K\u00e4mpfer und Selbststarter auf die innovativen Unternehmen, Dienstleistungen und Produkte der Zukunft. Das Ergebnis: ein direkter und tiefer Einblick in die D\u00fcsseldorfer Startup-Szene. Nutzen Sie die Gelegenheit, von den Experten aus den unterschiedlichsten Branchen und Arbeitsbereichen zu lernen.<\/p><p><a href=\"https:\/\/www.startupwoche-dus.de\/en\/\">https:\/\/www.startupwoche-dus.de\/en\/<\/a><\/p><p><span style=\"font-size: 18pt; color: #000000;\"><strong><span style=\"font-family: arial black, sans-serif;\">Jetzt Anmelden:<\/span><\/strong><\/span><\/p><p>\n<div class=\"wpcf7 no-js\" id=\"wpcf7-f1158-o1\" lang=\"de-DE\" dir=\"ltr\" data-wpcf7-id=\"1158\">\n<div class=\"screen-reader-response\"><p role=\"status\" aria-live=\"polite\" aria-atomic=\"true\"><\/p> <ul><\/ul><\/div>\n<form action=\"\/de_de\/wp-json\/wp\/v2\/pages\/1363#wpcf7-f1158-o1\" method=\"post\" class=\"wpcf7-form init\" aria-label=\"Kontaktformular\" novalidate=\"novalidate\" data-status=\"init\">\n<fieldset class=\"hidden-fields-container\"><input type=\"hidden\" name=\"_wpcf7\" value=\"1158\" \/><input type=\"hidden\" name=\"_wpcf7_version\" value=\"6.1.4\" \/><input type=\"hidden\" name=\"_wpcf7_locale\" value=\"de_DE\" \/><input type=\"hidden\" name=\"_wpcf7_unit_tag\" value=\"wpcf7-f1158-o1\" \/><input type=\"hidden\" name=\"_wpcf7_container_post\" value=\"0\" \/><input type=\"hidden\" name=\"_wpcf7_posted_data_hash\" value=\"\" \/>\n<\/fieldset>\n<p><label> Dein Name (Pflichtfeld)<br \/>\n<span class=\"wpcf7-form-control-wrap\" data-name=\"your-name\"><input size=\"40\" maxlength=\"400\" class=\"wpcf7-form-control wpcf7-text wpcf7-validates-as-required\" aria-required=\"true\" aria-invalid=\"false\" value=\"\" type=\"text\" name=\"your-name\" \/><\/span> <\/label>\n<\/p>\n<p><label> Deine E-Mail-Adresse (Pflichtfeld)<br \/>\n<span class=\"wpcf7-form-control-wrap\" data-name=\"your-email\"><input size=\"40\" maxlength=\"400\" class=\"wpcf7-form-control wpcf7-email wpcf7-validates-as-required wpcf7-text wpcf7-validates-as-email\" aria-required=\"true\" aria-invalid=\"false\" value=\"\" type=\"email\" name=\"your-email\" \/><\/span> <\/label>\n<\/p>\n<p><label> Studierender? (Pflichtfeld)<br \/>\n<span class=\"wpcf7-form-control-wrap\" data-name=\"menu-343\"><select class=\"wpcf7-form-control wpcf7-select wpcf7-validates-as-required\" aria-required=\"true\" aria-invalid=\"false\" name=\"menu-343\"><option value=\"Student\">Student<\/option><option value=\"Nicht Student\">Nicht Student<\/option><\/select><\/span><\/label>\n<\/p>\n<p>Wenn Sie studieren, bitte noch folgende Angaben erg\u00e4nzen:\n<\/p>\n<p><label> Hochschule<br \/>\n<span class=\"wpcf7-form-control-wrap\" data-name=\"your-message1\"><textarea cols=\"40\" rows=\"10\" maxlength=\"2000\" class=\"wpcf7-form-control wpcf7-textarea\" aria-invalid=\"false\" name=\"your-message1\"><\/textarea><\/span> <\/label>\n<\/p>\n<p><label> Studiengang<br \/>\n<span class=\"wpcf7-form-control-wrap\" data-name=\"your-message2\"><textarea cols=\"40\" rows=\"10\" maxlength=\"2000\" class=\"wpcf7-form-control wpcf7-textarea\" aria-invalid=\"false\" name=\"your-message2\"><\/textarea><\/span> <\/label>\n<\/p>\n<p><label> Bachelor oder Master?<br \/>\n<span class=\"wpcf7-form-control-wrap\" data-name=\"menu-344\"><select class=\"wpcf7-form-control wpcf7-select\" aria-invalid=\"false\" name=\"menu-344\"><option value=\"Bachelor\">Bachelor<\/option><option value=\"Master\">Master<\/option><\/select><\/span><\/label>\n<\/p>\n<p><label> Semester<br \/>\n<span class=\"wpcf7-form-control-wrap\" data-name=\"menu-345\"><select class=\"wpcf7-form-control wpcf7-select\" aria-invalid=\"false\" name=\"menu-345\"><option value=\"1\">1<\/option><option value=\"2\">2<\/option><option value=\"3\">3<\/option><option value=\"4\">4<\/option><option value=\"5\">5<\/option><option value=\"6\">6<\/option><option value=\"7\">7<\/option><option value=\"8\">8<\/option><option value=\"9\">9<\/option><option value=\"10\">10<\/option><option value=\"11\">11<\/option><option value=\"12\">12<\/option><option value=\"13\">13<\/option><option value=\"14\">14<\/option><option value=\"15\">15<\/option><\/select><\/span> <\/label>\n<\/p>\n<p><input class=\"wpcf7-form-control wpcf7-submit has-spinner\" type=\"submit\" value=\"Senden\" \/>\n<\/p><div class=\"wpcf7-response-output\" aria-hidden=\"true\"><\/div>\n<\/form>\n<\/div>\n<\/p>\t\t\t\t\t\t\t\t<\/div>\n\t\t\t\t<\/div>\n\t\t\t\t\t<\/div>\n\t\t<\/div>\n\t\t\t\t\t<\/div>\n\t\t<\/section>\n\t\t\t\t<\/div>\n\t\t","protected":false},"excerpt":{"rendered":"<p>Veranstaltung: Start-Up-Woche D\u00fcsseldorf \u00dcber Ideen. \u00dcber Innovationen. \u00dcber Pr\u00e4senz. \u00dcber Vorteile. \u00dcber Wissen. \u00dcber Kontakte. Kurz gesagt: \u00fcber Ihr Unternehmen. Auf der Startup-Woche D\u00fcsseldorf treffen Vision\u00e4re, K\u00e4mpfer und Selbststarter auf die innovativen Unternehmen, Dienstleistungen und Produkte der Zukunft. Das Ergebnis: ein direkter und tiefer Einblick in die D\u00fcsseldorfer Startup-Szene. Nutzen Sie die Gelegenheit, von den &hellip; <\/p>\n<p class=\"link-more\"><a href=\"https:\/\/flix-science.de\/de_de\/veranstaltungen\/start-up-woche\" class=\"more-link\"><span class=\"screen-reader-text\">\u201eStart &#8211; Up- Woche\u201c <\/span>weiterlesen<\/a><\/p>\n","protected":false},"author":1,"featured_media":0,"parent":1164,"menu_order":0,"comment_status":"closed","ping_status":"closed","template":"elementor_header_footer","meta":{"footnotes":""},"class_list":["post-1363","page","type-page","status-publish","hentry"],"_links":{"self":[{"href":"https:\/\/flix-science.de\/de_de\/wp-json\/wp\/v2\/pages\/1363","targetHints":{"allow":["GET"]}}],"collection":[{"href":"https:\/\/flix-science.de\/de_de\/wp-json\/wp\/v2\/pages"}],"about":[{"href":"https:\/\/flix-science.de\/de_de\/wp-json\/wp\/v2\/types\/page"}],"author":[{"embeddable":true,"href":"https:\/\/flix-science.de\/de_de\/wp-json\/wp\/v2\/users\/1"}],"replies":[{"embeddable":true,"href":"https:\/\/flix-science.de\/de_de\/wp-json\/wp\/v2\/comments?post=1363"}],"version-history":[{"count":0,"href":"https:\/\/flix-science.de\/de_de\/wp-json\/wp\/v2\/pages\/1363\/revisions"}],"up":[{"embeddable":true,"href":"https:\/\/flix-science.de\/de_de\/wp-json\/wp\/v2\/pages\/1164"}],"wp:attachment":[{"href":"https:\/\/flix-science.de\/de_de\/wp-json\/wp\/v2\/media?parent=1363"}],"curies":[{"name":"wp","href":"https:\/\/api.w.org\/{rel}","templated":true}]}}