{"id":1195,"date":"2020-02-19T11:46:07","date_gmt":"2020-02-19T11:46:07","guid":{"rendered":"https:\/\/flix-science.de\/?page_id=1195"},"modified":"2020-03-19T12:52:46","modified_gmt":"2020-03-19T12:52:46","slug":"ce3-bootcamp-duesseldorf","status":"publish","type":"page","link":"https:\/\/flix-science.de\/de_de\/ce3-bootcamp-duesseldorf","title":{"rendered":"CE3 Bootcamp D\u00fcsseldorf"},"content":{"rendered":"\t\t<div data-elementor-type=\"wp-page\" data-elementor-id=\"1195\" class=\"elementor elementor-1195\">\n\t\t\t\t\t\t<section class=\"elementor-section elementor-top-section elementor-element elementor-element-b8948c6 elementor-section-boxed elementor-section-height-default elementor-section-height-default\" data-id=\"b8948c6\" data-element_type=\"section\">\n\t\t\t\t\t\t<div class=\"elementor-container elementor-column-gap-default\">\n\t\t\t\t\t<div class=\"elementor-column elementor-col-100 elementor-top-column elementor-element elementor-element-11b3718\" data-id=\"11b3718\" data-element_type=\"column\">\n\t\t\t<div class=\"elementor-widget-wrap elementor-element-populated\">\n\t\t\t\t\t\t<div class=\"elementor-element elementor-element-22aea17 elementor-widget elementor-widget-heading\" data-id=\"22aea17\" data-element_type=\"widget\" data-widget_type=\"heading.default\">\n\t\t\t\t<div class=\"elementor-widget-container\">\n\t\t\t\t\t<h2 class=\"elementor-heading-title elementor-size-default\">Veranstaltung: CE3 Bootcamp in D\u00fcsseldorf<\/h2>\t\t\t\t<\/div>\n\t\t\t\t<\/div>\n\t\t\t\t\t<\/div>\n\t\t<\/div>\n\t\t\t\t\t<\/div>\n\t\t<\/section>\n\t\t\t\t<section class=\"elementor-section elementor-top-section elementor-element elementor-element-c98d0d0 elementor-section-boxed elementor-section-height-default elementor-section-height-default\" data-id=\"c98d0d0\" data-element_type=\"section\">\n\t\t\t\t\t\t<div class=\"elementor-container elementor-column-gap-default\">\n\t\t\t\t\t<div class=\"elementor-column elementor-col-100 elementor-top-column elementor-element elementor-element-4fc5be5\" data-id=\"4fc5be5\" data-element_type=\"column\">\n\t\t\t<div class=\"elementor-widget-wrap elementor-element-populated\">\n\t\t\t\t\t\t\t<\/div>\n\t\t<\/div>\n\t\t\t\t\t<\/div>\n\t\t<\/section>\n\t\t\t\t<section class=\"elementor-section elementor-top-section elementor-element elementor-element-5aecc75 elementor-section-boxed elementor-section-height-default elementor-section-height-default\" data-id=\"5aecc75\" data-element_type=\"section\">\n\t\t\t\t\t\t<div class=\"elementor-container elementor-column-gap-default\">\n\t\t\t\t\t<div class=\"elementor-column elementor-col-100 elementor-top-column elementor-element elementor-element-6c9afe3\" data-id=\"6c9afe3\" data-element_type=\"column\">\n\t\t\t<div class=\"elementor-widget-wrap elementor-element-populated\">\n\t\t\t\t\t\t<div class=\"elementor-element elementor-element-3a07027 elementor-widget elementor-widget-text-editor\" data-id=\"3a07027\" data-element_type=\"widget\" data-widget_type=\"text-editor.default\">\n\t\t\t\t<div class=\"elementor-widget-container\">\n\t\t\t\t\t\t\t\t\t<p>Mit Deinem Team zum eigenen Startup<\/p><p><strong>Was<\/strong>: Die eigene Idee verwirklichen, ein eigenes Start-Up gr\u00fcnden und dabei im Team gegen aktuelle Probleme ank\u00e4mpfen?!<\/p><p>Das Networking steht mit im Vordergrund und f\u00fcr das leibliche Wohl ist gesorgt.<\/p><p><strong>Wann: <\/strong>18.-20. M\u00e4rz 2020<\/p><p><strong>Wo: <\/strong>3 Tages Bootcamp an der Hochschule D\u00fcsseldorf<\/p><p><strong>Programm:<\/strong> In einer lockeren und kreativen Umgebung habt ihr die M\u00f6glichkeit euch in internationalen Teams zu finden und Ideen zu echten Nachhaltigkeitsproblematiken zu erarbeiten. \u00dcber mehrere Bootcamps hinweg, stehen neben den verschiedenen Phasen eines Startups (von Ideenfindung \u00fcber Finanzen bis Management), vor allem auch das Networking im Vordergrund. So k\u00f6nnen auf Abendveranstaltungen und zwischendurch Gleichgesinnte aber auch Industriepartner getroffen werden, welche \u00fcber reale Probleme reden und bei der Ideenfindung unterst\u00fctzen. Begleitet wird das Event durch Vortr\u00e4ge von Startups und Keynote Speaker aus Industrie und Politik.<\/p><p>Das erste Bootcamp in Eindhoven war ein voller Erfolg und wir haben viel mitgenommen. <strong>Ein Einblick erhaltet ihr hier:<\/strong> <a href=\"https:\/\/mv.hs-duesseldorf.de\/aktuelles\/meldungen\/20191023\">https:\/\/mv.hs-duesseldorf.de\/aktuelles\/meldungen\/20191023<\/a><\/p><p>Facebook-Veranstaltung: <a href=\"https:\/\/de-de.facebook.com\/events\/1510975359059695\/\">https:\/\/de-de.facebook.com\/events\/1510975359059695\/<\/a><\/p><p><strong>Sonstiges:<\/strong> Wir k\u00fcmmern uns um alles. F\u00fcr Teilnehmer fallen im Rahmen der Veranstaltung <strong>keine Kosten<\/strong> an. Gef\u00f6rdert durch die Europ\u00e4ische Union.<\/p><p><strong>Zeitraum\/Anreise:<\/strong> Das Bootcamp findet vom 18. \u2013 20.03.2020 an der HSD statt. Es wird am 18.10. um ca. 15:00 eine Begr\u00fc\u00dfung geben und im Anschluss ein Matchmaking mit F\u00e4llen aus der Industrie.<\/p><p><strong>Das Beste:<\/strong> Es ist f\u00fcr Dich <strong>kostenfrei<\/strong> (inkl. Essen und Trinken)!<\/p><p><span style=\"font-size: 18pt;\"><strong>Jetzt Anmelden:<\/strong><\/span><\/p><p>\n<div class=\"wpcf7 no-js\" id=\"wpcf7-f1158-o1\" lang=\"de-DE\" dir=\"ltr\" data-wpcf7-id=\"1158\">\n<div class=\"screen-reader-response\"><p role=\"status\" aria-live=\"polite\" aria-atomic=\"true\"><\/p> <ul><\/ul><\/div>\n<form action=\"\/de_de\/wp-json\/wp\/v2\/pages\/1195#wpcf7-f1158-o1\" method=\"post\" class=\"wpcf7-form init\" aria-label=\"Kontaktformular\" novalidate=\"novalidate\" data-status=\"init\">\n<fieldset class=\"hidden-fields-container\"><input type=\"hidden\" name=\"_wpcf7\" value=\"1158\" \/><input type=\"hidden\" name=\"_wpcf7_version\" value=\"6.1.4\" \/><input type=\"hidden\" name=\"_wpcf7_locale\" value=\"de_DE\" \/><input type=\"hidden\" name=\"_wpcf7_unit_tag\" value=\"wpcf7-f1158-o1\" \/><input type=\"hidden\" name=\"_wpcf7_container_post\" value=\"0\" \/><input type=\"hidden\" name=\"_wpcf7_posted_data_hash\" value=\"\" \/>\n<\/fieldset>\n<p><label> Dein Name (Pflichtfeld)<br \/>\n<span class=\"wpcf7-form-control-wrap\" data-name=\"your-name\"><input size=\"40\" maxlength=\"400\" class=\"wpcf7-form-control wpcf7-text wpcf7-validates-as-required\" aria-required=\"true\" aria-invalid=\"false\" value=\"\" type=\"text\" name=\"your-name\" \/><\/span> <\/label>\n<\/p>\n<p><label> Deine E-Mail-Adresse (Pflichtfeld)<br \/>\n<span class=\"wpcf7-form-control-wrap\" data-name=\"your-email\"><input size=\"40\" maxlength=\"400\" class=\"wpcf7-form-control wpcf7-email wpcf7-validates-as-required wpcf7-text wpcf7-validates-as-email\" aria-required=\"true\" aria-invalid=\"false\" value=\"\" type=\"email\" name=\"your-email\" \/><\/span> <\/label>\n<\/p>\n<p><label> Studierender? (Pflichtfeld)<br \/>\n<span class=\"wpcf7-form-control-wrap\" data-name=\"menu-343\"><select class=\"wpcf7-form-control wpcf7-select wpcf7-validates-as-required\" aria-required=\"true\" aria-invalid=\"false\" name=\"menu-343\"><option value=\"Student\">Student<\/option><option value=\"Nicht Student\">Nicht Student<\/option><\/select><\/span><\/label>\n<\/p>\n<p>Wenn Sie studieren, bitte noch folgende Angaben erg\u00e4nzen:\n<\/p>\n<p><label> Hochschule<br \/>\n<span class=\"wpcf7-form-control-wrap\" data-name=\"your-message1\"><textarea cols=\"40\" rows=\"10\" maxlength=\"2000\" class=\"wpcf7-form-control wpcf7-textarea\" aria-invalid=\"false\" name=\"your-message1\"><\/textarea><\/span> <\/label>\n<\/p>\n<p><label> Studiengang<br \/>\n<span class=\"wpcf7-form-control-wrap\" data-name=\"your-message2\"><textarea cols=\"40\" rows=\"10\" maxlength=\"2000\" class=\"wpcf7-form-control wpcf7-textarea\" aria-invalid=\"false\" name=\"your-message2\"><\/textarea><\/span> <\/label>\n<\/p>\n<p><label> Bachelor oder Master?<br \/>\n<span class=\"wpcf7-form-control-wrap\" data-name=\"menu-344\"><select class=\"wpcf7-form-control wpcf7-select\" aria-invalid=\"false\" name=\"menu-344\"><option value=\"Bachelor\">Bachelor<\/option><option value=\"Master\">Master<\/option><\/select><\/span><\/label>\n<\/p>\n<p><label> Semester<br \/>\n<span class=\"wpcf7-form-control-wrap\" data-name=\"menu-345\"><select class=\"wpcf7-form-control wpcf7-select\" aria-invalid=\"false\" name=\"menu-345\"><option value=\"1\">1<\/option><option value=\"2\">2<\/option><option value=\"3\">3<\/option><option value=\"4\">4<\/option><option value=\"5\">5<\/option><option value=\"6\">6<\/option><option value=\"7\">7<\/option><option value=\"8\">8<\/option><option value=\"9\">9<\/option><option value=\"10\">10<\/option><option value=\"11\">11<\/option><option value=\"12\">12<\/option><option value=\"13\">13<\/option><option value=\"14\">14<\/option><option value=\"15\">15<\/option><\/select><\/span> <\/label>\n<\/p>\n<p><input class=\"wpcf7-form-control wpcf7-submit has-spinner\" type=\"submit\" value=\"Senden\" \/>\n<\/p><div class=\"wpcf7-response-output\" aria-hidden=\"true\"><\/div>\n<\/form>\n<\/div>\n<\/p>\t\t\t\t\t\t\t\t<\/div>\n\t\t\t\t<\/div>\n\t\t\t\t\t<\/div>\n\t\t<\/div>\n\t\t\t\t\t<\/div>\n\t\t<\/section>\n\t\t\t\t<\/div>\n\t\t","protected":false},"excerpt":{"rendered":"<p>Veranstaltung: CE3 Bootcamp in D\u00fcsseldorf Mit Deinem Team zum eigenen Startup Was: Die eigene Idee verwirklichen, ein eigenes Start-Up gr\u00fcnden und dabei im Team gegen aktuelle Probleme ank\u00e4mpfen?! Das Networking steht mit im Vordergrund und f\u00fcr das leibliche Wohl ist gesorgt. Wann: 18.-20. M\u00e4rz 2020 Wo: 3 Tages Bootcamp an der Hochschule D\u00fcsseldorf Programm: In &hellip; <\/p>\n<p class=\"link-more\"><a href=\"https:\/\/flix-science.de\/de_de\/ce3-bootcamp-duesseldorf\" class=\"more-link\"><span class=\"screen-reader-text\">\u201eCE3 Bootcamp D\u00fcsseldorf\u201c <\/span>weiterlesen<\/a><\/p>\n","protected":false},"author":1,"featured_media":0,"parent":0,"menu_order":0,"comment_status":"closed","ping_status":"closed","template":"elementor_header_footer","meta":{"footnotes":""},"class_list":["post-1195","page","type-page","status-publish","hentry"],"_links":{"self":[{"href":"https:\/\/flix-science.de\/de_de\/wp-json\/wp\/v2\/pages\/1195","targetHints":{"allow":["GET"]}}],"collection":[{"href":"https:\/\/flix-science.de\/de_de\/wp-json\/wp\/v2\/pages"}],"about":[{"href":"https:\/\/flix-science.de\/de_de\/wp-json\/wp\/v2\/types\/page"}],"author":[{"embeddable":true,"href":"https:\/\/flix-science.de\/de_de\/wp-json\/wp\/v2\/users\/1"}],"replies":[{"embeddable":true,"href":"https:\/\/flix-science.de\/de_de\/wp-json\/wp\/v2\/comments?post=1195"}],"version-history":[{"count":0,"href":"https:\/\/flix-science.de\/de_de\/wp-json\/wp\/v2\/pages\/1195\/revisions"}],"wp:attachment":[{"href":"https:\/\/flix-science.de\/de_de\/wp-json\/wp\/v2\/media?parent=1195"}],"curies":[{"name":"wp","href":"https:\/\/api.w.org\/{rel}","templated":true}]}}